{"id":2783,"date":"2021-02-08T14:27:22","date_gmt":"2021-02-08T12:27:22","guid":{"rendered":"https:\/\/blogsaverroes.juntadeandalucia.es\/ieslagranja\/?page_id=2783"},"modified":"2022-03-14T14:42:52","modified_gmt":"2022-03-14T12:42:52","slug":"quimica-y-salud-ambiental-2","status":"publish","type":"page","link":"https:\/\/blogsaverroes.juntadeandalucia.es\/ieslagranja\/quimica-y-salud-ambiental-2\/","title":{"rendered":"Qu\u00edmica y Salud Ambiental"},"content":{"rendered":"<p><a href=\"https:\/\/blogsaverroes.juntadeandalucia.es\/ieslagranja\/files\/2021\/04\/Microscopio-2-scaled.jpg\"><img loading=\"lazy\" decoding=\"async\" class=\"alignnone size-full wp-image-3134\" src=\"https:\/\/blogsaverroes.juntadeandalucia.es\/ieslagranja\/files\/2021\/04\/Microscopio-2-scaled.jpg\" alt=\"\" width=\"1600\" height=\"1067\" srcset=\"https:\/\/blogsaverroes.juntadeandalucia.es\/ieslagranja\/files\/2021\/04\/Microscopio-2-scaled.jpg 1600w, https:\/\/blogsaverroes.juntadeandalucia.es\/ieslagranja\/files\/2021\/04\/Microscopio-2-300x200.jpg 300w, https:\/\/blogsaverroes.juntadeandalucia.es\/ieslagranja\/files\/2021\/04\/Microscopio-2-1024x683.jpg 1024w, https:\/\/blogsaverroes.juntadeandalucia.es\/ieslagranja\/files\/2021\/04\/Microscopio-2-768x512.jpg 768w, https:\/\/blogsaverroes.juntadeandalucia.es\/ieslagranja\/files\/2021\/04\/Microscopio-2-1536x1024.jpg 1536w, https:\/\/blogsaverroes.juntadeandalucia.es\/ieslagranja\/files\/2021\/04\/Microscopio-2-2048x1365.jpg 2048w\" sizes=\"(max-width: 1600px) 100vw, 1600px\" \/><\/a><\/p>\n<p style=\"text-align: justify\">Las personas que obtienen este t\u00edtulo ejercen su actividad principalmente en el \u00e1mbito sanitario dentro del \u00e1rea de la salud p\u00fablica o privada, en aquellos sectores productivos potencialmente contaminadores y en la administraci\u00f3n nacional, auton\u00f3mica y local en servicios relacionados con la salud y\/o el medio ambiente. Pueden formar parte de equipos de inspecci\u00f3n sanitaria, de laboratorios de an\u00e1lisis, centros de investigaci\u00f3n, centros universitarios, explotaciones agrarias, empresas de servicios de control medioambiental. Cuando trabajan por cuenta ajena, dependen jer\u00e1rquica y funcionalmente de un superior responsable y colaboran, en su caso, con los responsables de otros departamentos. Cuando trabajan en el \u00e1mbito de la salud, su actividad profesional est\u00e1 sometida a regulaci\u00f3n por la Administraci\u00f3n competente. Ciclo LOE.<\/p>\n<p>Turno de ma\u00f1ana.<\/p>\n<p><a title=\"informacion general salud ambiental\" href=\"https:\/\/www.juntadeandalucia.es\/educacion\/portals\/web\/formacion-profesional-andaluza\/fp-grado-superior\/detalle-titulo?idTitulo=821\" target=\"_blank\" rel=\"noopener noreferrer\">Acceso a la informaci\u00f3n general sobre este Ciclo Formativo.<\/a><\/p>\n<p><a title=\"normativa boja sambi\" href=\"https:\/\/www.juntadeandalucia.es\/boja\/2021\/60\/23\" target=\"_blank\" rel=\"noopener noreferrer\">Acceso a la normativa BOJA que regula las ense\u00f1anzas del Ciclo de T\u00e9cnico Superior en Qu\u00edmica y Salud Ambiental.<\/a><\/p>\n<p style=\"text-align: center\">&nbsp;<\/p>\n","protected":false},"excerpt":{"rendered":"<p>Las personas que obtienen este t\u00edtulo ejercen su actividad principalmente en el \u00e1mbito sanitario dentro del \u00e1rea de la salud p\u00fablica o privada, en aquellos sectores productivos potencialmente contaminadores y en la administraci\u00f3n nacional,&#46;&#46;&#46;<\/p>\n","protected":false},"author":11116,"featured_media":0,"parent":0,"menu_order":0,"comment_status":"closed","ping_status":"closed","template":"","meta":{"ngg_post_thumbnail":0,"footnotes":"","_mc_calendar":[]},"aioseo_notices":[],"_links":{"self":[{"href":"https:\/\/blogsaverroes.juntadeandalucia.es\/ieslagranja\/wp-json\/wp\/v2\/pages\/2783"}],"collection":[{"href":"https:\/\/blogsaverroes.juntadeandalucia.es\/ieslagranja\/wp-json\/wp\/v2\/pages"}],"about":[{"href":"https:\/\/blogsaverroes.juntadeandalucia.es\/ieslagranja\/wp-json\/wp\/v2\/types\/page"}],"author":[{"embeddable":true,"href":"https:\/\/blogsaverroes.juntadeandalucia.es\/ieslagranja\/wp-json\/wp\/v2\/users\/11116"}],"replies":[{"embeddable":true,"href":"https:\/\/blogsaverroes.juntadeandalucia.es\/ieslagranja\/wp-json\/wp\/v2\/comments?post=2783"}],"version-history":[{"count":8,"href":"https:\/\/blogsaverroes.juntadeandalucia.es\/ieslagranja\/wp-json\/wp\/v2\/pages\/2783\/revisions"}],"predecessor-version":[{"id":5132,"href":"https:\/\/blogsaverroes.juntadeandalucia.es\/ieslagranja\/wp-json\/wp\/v2\/pages\/2783\/revisions\/5132"}],"wp:attachment":[{"href":"https:\/\/blogsaverroes.juntadeandalucia.es\/ieslagranja\/wp-json\/wp\/v2\/media?parent=2783"}],"curies":[{"name":"wp","href":"https:\/\/api.w.org\/{rel}","templated":true}]}}