{"id":2786,"date":"2021-02-08T14:30:59","date_gmt":"2021-02-08T12:30:59","guid":{"rendered":"https:\/\/blogsaverroes.juntadeandalucia.es\/ieslagranja\/?page_id=2786"},"modified":"2022-03-14T11:38:39","modified_gmt":"2022-03-14T09:38:39","slug":"proyecto-de-edificacion","status":"publish","type":"page","link":"https:\/\/blogsaverroes.juntadeandalucia.es\/ieslagranja\/proyecto-de-edificacion\/","title":{"rendered":"Proyectos de Edificaci\u00f3n"},"content":{"rendered":"<p><a href=\"https:\/\/blogsaverroes.juntadeandalucia.es\/ieslagranja\/files\/2021\/04\/2\u00baConstruccion-General-alumnos.jpg\"><img loading=\"lazy\" decoding=\"async\" class=\"alignnone size-full wp-image-3149\" src=\"https:\/\/blogsaverroes.juntadeandalucia.es\/ieslagranja\/files\/2021\/04\/2\u00baConstruccion-General-alumnos.jpg\" alt=\"\" width=\"1600\" height=\"1067\" srcset=\"https:\/\/blogsaverroes.juntadeandalucia.es\/ieslagranja\/files\/2021\/04\/2\u00baConstruccion-General-alumnos.jpg 1600w, https:\/\/blogsaverroes.juntadeandalucia.es\/ieslagranja\/files\/2021\/04\/2\u00baConstruccion-General-alumnos-300x200.jpg 300w, https:\/\/blogsaverroes.juntadeandalucia.es\/ieslagranja\/files\/2021\/04\/2\u00baConstruccion-General-alumnos-1024x683.jpg 1024w, https:\/\/blogsaverroes.juntadeandalucia.es\/ieslagranja\/files\/2021\/04\/2\u00baConstruccion-General-alumnos-768x512.jpg 768w, https:\/\/blogsaverroes.juntadeandalucia.es\/ieslagranja\/files\/2021\/04\/2\u00baConstruccion-General-alumnos-1536x1025.jpg 1536w\" sizes=\"(max-width: 1600px) 100vw, 1600px\" \/><\/a><\/p>\n<p>Estar\u00e1s capacitado para el desarrollo de proyectos de construcci\u00f3n y planos de obra.&nbsp;(Ciclo LOE)<\/p>\n<p>En el tercer trimestre del segundo curso se realizan pr\u00e1cticas en empresas del sector.<\/p>\n<p>Turno de ma\u00f1ana.<\/p>\n<p><a title=\"informacion general proyectos de edificacion\" href=\"http:\/\/www.juntadeandalucia.es\/educacion\/portals\/web\/formacion-profesional-andaluza\/fp-grado-superior\/detalle-titulo?idTitulo=60\" target=\"_blank\" rel=\"noopener noreferrer\">Acceso a la informaci\u00f3n&nbsp;general de este Ciclo Formativo.<\/a><\/p>\n<p><a title=\"proyectos de edificacion boja\" href=\"http:\/\/www.juntadeandalucia.es\/boja\/2011\/144\/15\" target=\"_blank\" rel=\"noopener noreferrer\">Acceso a la&nbsp;normativa BOJA que regula las ense\u00f1anzas del Ciclo Formativo de T\u00e9cnico Superior en Proyectos de Edificaci\u00f3n<\/a>.<\/p>\n<p style=\"text-align: center\">&nbsp;<\/p>\n","protected":false},"excerpt":{"rendered":"<p>Estar\u00e1s capacitado para el desarrollo de proyectos de construcci\u00f3n y planos de obra.&nbsp;(Ciclo LOE) En el tercer trimestre del segundo curso se realizan pr\u00e1cticas en empresas del sector. Turno de ma\u00f1ana. Acceso a la&#46;&#46;&#46;<\/p>\n","protected":false},"author":11116,"featured_media":0,"parent":0,"menu_order":0,"comment_status":"closed","ping_status":"closed","template":"","meta":{"ngg_post_thumbnail":0,"footnotes":"","_mc_calendar":[]},"aioseo_notices":[],"_links":{"self":[{"href":"https:\/\/blogsaverroes.juntadeandalucia.es\/ieslagranja\/wp-json\/wp\/v2\/pages\/2786"}],"collection":[{"href":"https:\/\/blogsaverroes.juntadeandalucia.es\/ieslagranja\/wp-json\/wp\/v2\/pages"}],"about":[{"href":"https:\/\/blogsaverroes.juntadeandalucia.es\/ieslagranja\/wp-json\/wp\/v2\/types\/page"}],"author":[{"embeddable":true,"href":"https:\/\/blogsaverroes.juntadeandalucia.es\/ieslagranja\/wp-json\/wp\/v2\/users\/11116"}],"replies":[{"embeddable":true,"href":"https:\/\/blogsaverroes.juntadeandalucia.es\/ieslagranja\/wp-json\/wp\/v2\/comments?post=2786"}],"version-history":[{"count":5,"href":"https:\/\/blogsaverroes.juntadeandalucia.es\/ieslagranja\/wp-json\/wp\/v2\/pages\/2786\/revisions"}],"predecessor-version":[{"id":5128,"href":"https:\/\/blogsaverroes.juntadeandalucia.es\/ieslagranja\/wp-json\/wp\/v2\/pages\/2786\/revisions\/5128"}],"wp:attachment":[{"href":"https:\/\/blogsaverroes.juntadeandalucia.es\/ieslagranja\/wp-json\/wp\/v2\/media?parent=2786"}],"curies":[{"name":"wp","href":"https:\/\/api.w.org\/{rel}","templated":true}]}}