{"id":2789,"date":"2021-02-08T14:33:12","date_gmt":"2021-02-08T12:33:12","guid":{"rendered":"https:\/\/blogsaverroes.juntadeandalucia.es\/ieslagranja\/?page_id=2789"},"modified":"2022-03-14T11:41:15","modified_gmt":"2022-03-14T09:41:15","slug":"laboratorio-clinico-y-biomedico","status":"publish","type":"page","link":"https:\/\/blogsaverroes.juntadeandalucia.es\/ieslagranja\/laboratorio-clinico-y-biomedico\/","title":{"rendered":"Laboratorio Cl\u00ednico y Biom\u00e9dico"},"content":{"rendered":"<p><a href=\"https:\/\/blogsaverroes.juntadeandalucia.es\/ieslagranja\/files\/2021\/04\/Alumnos-e-instrumentos-scaled.jpg\"><img loading=\"lazy\" decoding=\"async\" class=\"alignnone size-full wp-image-3129\" src=\"https:\/\/blogsaverroes.juntadeandalucia.es\/ieslagranja\/files\/2021\/04\/Alumnos-e-instrumentos-scaled.jpg\" alt=\"\" width=\"1600\" height=\"1067\" srcset=\"https:\/\/blogsaverroes.juntadeandalucia.es\/ieslagranja\/files\/2021\/04\/Alumnos-e-instrumentos-scaled.jpg 1600w, https:\/\/blogsaverroes.juntadeandalucia.es\/ieslagranja\/files\/2021\/04\/Alumnos-e-instrumentos-300x200.jpg 300w, https:\/\/blogsaverroes.juntadeandalucia.es\/ieslagranja\/files\/2021\/04\/Alumnos-e-instrumentos-1024x683.jpg 1024w, https:\/\/blogsaverroes.juntadeandalucia.es\/ieslagranja\/files\/2021\/04\/Alumnos-e-instrumentos-768x512.jpg 768w, https:\/\/blogsaverroes.juntadeandalucia.es\/ieslagranja\/files\/2021\/04\/Alumnos-e-instrumentos-1536x1024.jpg 1536w, https:\/\/blogsaverroes.juntadeandalucia.es\/ieslagranja\/files\/2021\/04\/Alumnos-e-instrumentos-2048x1365.jpg 2048w\" sizes=\"(max-width: 1600px) 100vw, 1600px\" \/><\/a><\/p>\n<p>Aprender\u00e1s t\u00e9cnicas de extracci\u00f3n y obtenci\u00f3n de muestras biol\u00f3gicas humanas y manejo de equipos y reactivos empleados en el laboratorio. Ciclo LOE. Sustituye al anterior Ciclo LOGSE (Laboratorio de Diagn\u00f3stico Cl\u00ednico).<\/p>\n<p>Turno de ma\u00f1ana.<\/p>\n<p><a title=\"normativa laboratorio clinico y biomedico boja\" href=\"http:\/\/www.juntadeandalucia.es\/educacion\/portals\/web\/formacion-profesional-andaluza\/fp-grado-superior\/detalle-titulo?idTitulo=169\" target=\"_blank\" rel=\"noopener noreferrer\">Acceso a la informaci\u00f3n general de este Ciclo Formativo.<\/a><\/p>\n<p><a title=\"laboratorio clinico y biomedico\" href=\"http:\/\/www.juntadeandalucia.es\/boja\/2015\/233\/15\" target=\"_blank\" rel=\"noopener noreferrer\">Acceso a la&nbsp;normativa BOJA que regula las ense\u00f1anzas del Ciclo Formativo de T\u00e9cnico Superior en Laboratorio Cl\u00ednico y Biom\u00e9dico.&nbsp;<\/a><\/p>\n<p style=\"text-align: center\">&nbsp;<\/p>\n","protected":false},"excerpt":{"rendered":"<p>Aprender\u00e1s t\u00e9cnicas de extracci\u00f3n y obtenci\u00f3n de muestras biol\u00f3gicas humanas y manejo de equipos y reactivos empleados en el laboratorio. Ciclo LOE. Sustituye al anterior Ciclo LOGSE (Laboratorio de Diagn\u00f3stico Cl\u00ednico). Turno de ma\u00f1ana.&#46;&#46;&#46;<\/p>\n","protected":false},"author":11116,"featured_media":0,"parent":0,"menu_order":0,"comment_status":"closed","ping_status":"closed","template":"","meta":{"ngg_post_thumbnail":0,"footnotes":"","_mc_calendar":[]},"aioseo_notices":[],"_links":{"self":[{"href":"https:\/\/blogsaverroes.juntadeandalucia.es\/ieslagranja\/wp-json\/wp\/v2\/pages\/2789"}],"collection":[{"href":"https:\/\/blogsaverroes.juntadeandalucia.es\/ieslagranja\/wp-json\/wp\/v2\/pages"}],"about":[{"href":"https:\/\/blogsaverroes.juntadeandalucia.es\/ieslagranja\/wp-json\/wp\/v2\/types\/page"}],"author":[{"embeddable":true,"href":"https:\/\/blogsaverroes.juntadeandalucia.es\/ieslagranja\/wp-json\/wp\/v2\/users\/11116"}],"replies":[{"embeddable":true,"href":"https:\/\/blogsaverroes.juntadeandalucia.es\/ieslagranja\/wp-json\/wp\/v2\/comments?post=2789"}],"version-history":[{"count":3,"href":"https:\/\/blogsaverroes.juntadeandalucia.es\/ieslagranja\/wp-json\/wp\/v2\/pages\/2789\/revisions"}],"predecessor-version":[{"id":5130,"href":"https:\/\/blogsaverroes.juntadeandalucia.es\/ieslagranja\/wp-json\/wp\/v2\/pages\/2789\/revisions\/5130"}],"wp:attachment":[{"href":"https:\/\/blogsaverroes.juntadeandalucia.es\/ieslagranja\/wp-json\/wp\/v2\/media?parent=2789"}],"curies":[{"name":"wp","href":"https:\/\/api.w.org\/{rel}","templated":true}]}}