{"id":2815,"date":"2021-02-10T09:44:49","date_gmt":"2021-02-10T07:44:49","guid":{"rendered":"https:\/\/blogsaverroes.juntadeandalucia.es\/ieslagranja\/?page_id=2815"},"modified":"2022-12-13T10:47:51","modified_gmt":"2022-12-13T08:47:51","slug":"consejo-escolar","status":"publish","type":"page","link":"https:\/\/blogsaverroes.juntadeandalucia.es\/ieslagranja\/consejo-escolar\/","title":{"rendered":"Consejo Escolar"},"content":{"rendered":"<p><strong>CONSEJO ESCOLAR 2022-2024&nbsp;<\/strong><\/p>\n<p><strong>Sector&nbsp; &nbsp; &nbsp; &nbsp; &nbsp; &nbsp; &nbsp; &nbsp; &nbsp; &nbsp; &nbsp; &nbsp; Miembro<\/strong><\/p>\n<p><strong>Equipo Directivo&nbsp;<\/strong> &nbsp; &nbsp; &nbsp;Torres Beldarrain, Mar\u00eda del Carmen (DIRECTORA)<\/p>\n<p><strong>Equipo Directivo&nbsp; &nbsp;<\/strong> &nbsp; &nbsp;Alcaide Barrera, Jos\u00e9 Manuel (JEFE DE ESTUDIOS FP)<\/p>\n<p><strong>Equipo Directivo&nbsp;<\/strong> &nbsp; &nbsp; &nbsp;Rico Garrido, Javier (JEFE DE ESTUDIOS)<\/p>\n<p><strong>Equipo Directivo&nbsp; &nbsp; &nbsp;<\/strong> &nbsp;Harto Huertas, Juan Carlos (SECRETARIO)<\/p>\n<p>&nbsp;<\/p>\n<p><strong>Profesorado&nbsp; &nbsp;<\/strong> &nbsp; &nbsp; &nbsp; &nbsp; &nbsp; Cantos Dom\u00ednguez, Miguel \u00c1ngel&nbsp;<\/p>\n<p><strong>Profesorado&nbsp;<\/strong> &nbsp; &nbsp; &nbsp; &nbsp; &nbsp; &nbsp; Dom\u00ednguez Pe\u00f1a, Mar\u00eda Mercedes&nbsp;<\/p>\n<p><strong>Profesorado&nbsp; &nbsp; &nbsp;<\/strong> &nbsp; &nbsp; &nbsp; &nbsp; Flores Beato, Francisco<\/p>\n<p><strong>Profesorado&nbsp; &nbsp; &nbsp;<\/strong> &nbsp; &nbsp; &nbsp; &nbsp; Garc\u00eda-Delgado Garc\u00eda, Nuria &nbsp;<\/p>\n<p><strong>Profesorado&nbsp; &nbsp; &nbsp;<\/strong> &nbsp; &nbsp; &nbsp; &nbsp; Garrucho Cadenas, Cristina&nbsp;<\/p>\n<p><strong>Profesorado&nbsp; &nbsp; &nbsp;<\/strong> &nbsp; &nbsp; &nbsp; &nbsp; Goicoechea Margalef, Mar\u00eda del Mar&nbsp;<\/p>\n<p><strong>Profesorado&nbsp;<\/strong> &nbsp; &nbsp; &nbsp; &nbsp; &nbsp; &nbsp; Medina Barba, David &nbsp;<\/p>\n<p><strong>Profesorado&nbsp;<\/strong> &nbsp; &nbsp; &nbsp; &nbsp; &nbsp; &nbsp; Pozo Chich\u00f3n, Mar\u00eda Inmaculada&nbsp;<\/p>\n<p>&nbsp;<\/p>\n<p><strong>Alumnado&nbsp; &nbsp;<\/strong> &nbsp; &nbsp; &nbsp; &nbsp; &nbsp; &nbsp; &nbsp;Borrego Bautista, Estrella<\/p>\n<p><strong>Alumnado&nbsp;<\/strong> &nbsp; &nbsp; &nbsp; &nbsp; &nbsp; &nbsp; &nbsp; &nbsp;Gago Moreno, Ana Mar\u00eda<\/p>\n<p><strong>Alumnado<\/strong>&nbsp; &nbsp; &nbsp; &nbsp; &nbsp; &nbsp; &nbsp; &nbsp; &nbsp;Iniesta Barba, Miguel \u00c1ngel<\/p>\n<p><strong>Alumnado&nbsp;<\/strong> &nbsp; &nbsp; &nbsp; &nbsp; &nbsp; &nbsp; &nbsp; &nbsp;P\u00e9rez Dom\u00ednguez, Jes\u00fas<\/p>\n<p><strong>Alumnado&nbsp; &nbsp; &nbsp;<\/strong> &nbsp; &nbsp; &nbsp; &nbsp; &nbsp; &nbsp;P\u00e9rez Ruiz, Mar\u00eda Asunci\u00f3n<\/p>\n<p>&nbsp;<\/p>\n<p><strong>Tutores Legales<\/strong>&nbsp; &nbsp; &nbsp; &nbsp; Garc\u00eda Castro, Francisca<\/p>\n<p><strong>Tutores Legales&nbsp;<\/strong> &nbsp; &nbsp; &nbsp; Nova Suano, Estefan\u00eda<\/p>\n<p><strong>Tutores Legales&nbsp;<\/strong> &nbsp; &nbsp; &nbsp; Parra Vara, Mar\u00eda Bego\u00f1a<\/p>\n<p><strong>Tutores Legales&nbsp;<\/strong> &nbsp; &nbsp; &nbsp; Pascual Mart\u00ednez, Mar\u00eda Rosa<\/p>\n<p><strong>Tutores Legales<\/strong>&nbsp; &nbsp; &nbsp; &nbsp; Roche Orellana, Mar\u00eda<\/p>\n<p>&nbsp;<\/p>\n<p><strong>P.A.S.&nbsp; &nbsp; &nbsp;<\/strong> &nbsp; &nbsp; &nbsp; &nbsp; &nbsp; &nbsp; &nbsp; &nbsp; &nbsp;Garc\u00eda S\u00e1nchez, Jos\u00e9 Luis<\/p>\n<p>&nbsp;<\/p>\n","protected":false},"excerpt":{"rendered":"<p>CONSEJO ESCOLAR 2022-2024&nbsp; Sector&nbsp; &nbsp; &nbsp; &nbsp; &nbsp; &nbsp; &nbsp; &nbsp; &nbsp; &nbsp; &nbsp; &nbsp; Miembro Equipo Directivo&nbsp; &nbsp; &nbsp; &nbsp;Torres Beldarrain, Mar\u00eda del Carmen (DIRECTORA) Equipo Directivo&nbsp; &nbsp; &nbsp; &nbsp;Alcaide Barrera, Jos\u00e9 Manuel&#46;&#46;&#46;<\/p>\n","protected":false},"author":11116,"featured_media":0,"parent":0,"menu_order":0,"comment_status":"closed","ping_status":"closed","template":"","meta":{"ngg_post_thumbnail":0,"footnotes":"","_mc_calendar":[]},"aioseo_notices":[],"_links":{"self":[{"href":"https:\/\/blogsaverroes.juntadeandalucia.es\/ieslagranja\/wp-json\/wp\/v2\/pages\/2815"}],"collection":[{"href":"https:\/\/blogsaverroes.juntadeandalucia.es\/ieslagranja\/wp-json\/wp\/v2\/pages"}],"about":[{"href":"https:\/\/blogsaverroes.juntadeandalucia.es\/ieslagranja\/wp-json\/wp\/v2\/types\/page"}],"author":[{"embeddable":true,"href":"https:\/\/blogsaverroes.juntadeandalucia.es\/ieslagranja\/wp-json\/wp\/v2\/users\/11116"}],"replies":[{"embeddable":true,"href":"https:\/\/blogsaverroes.juntadeandalucia.es\/ieslagranja\/wp-json\/wp\/v2\/comments?post=2815"}],"version-history":[{"count":7,"href":"https:\/\/blogsaverroes.juntadeandalucia.es\/ieslagranja\/wp-json\/wp\/v2\/pages\/2815\/revisions"}],"predecessor-version":[{"id":7368,"href":"https:\/\/blogsaverroes.juntadeandalucia.es\/ieslagranja\/wp-json\/wp\/v2\/pages\/2815\/revisions\/7368"}],"wp:attachment":[{"href":"https:\/\/blogsaverroes.juntadeandalucia.es\/ieslagranja\/wp-json\/wp\/v2\/media?parent=2815"}],"curies":[{"name":"wp","href":"https:\/\/api.w.org\/{rel}","templated":true}]}}