{"id":82,"date":"2020-12-15T06:59:55","date_gmt":"2020-12-15T04:59:55","guid":{"rendered":"http:\/\/blogsaverroes.juntadeandalucia.es\/pre\/ceip\/?page_id=82"},"modified":"2025-09-18T10:40:18","modified_gmt":"2025-09-18T08:40:18","slug":"horarios","status":"publish","type":"page","link":"https:\/\/blogsaverroes.juntadeandalucia.es\/ieslagranja\/horarios\/","title":{"rendered":"Horarios"},"content":{"rendered":"<p><img loading=\"lazy\" decoding=\"async\" class=\"size-medium wp-image-1675 aligncenter\" src=\"http:\/\/blogsaverroes.juntadeandalucia.es\/temahuemanies\/files\/2015\/03\/horario2-300x211.jpg\" alt=\"horario2\" width=\"300\" height=\"211\" srcset=\"https:\/\/blogsaverroes.juntadeandalucia.es\/ieslagranja\/files\/2015\/03\/horario2-300x211.jpg 300w, https:\/\/blogsaverroes.juntadeandalucia.es\/ieslagranja\/files\/2015\/03\/horario2.jpg 640w\" sizes=\"(max-width: 300px) 100vw, 300px\" \/><\/p>\n<p><strong>Horario de Atenci\u00f3n al P\u00fablico de Secretar\u00eda:<\/strong><\/p>\n<ul>\n<li>El horario de atenci\u00f3n al p\u00fablico de Secretar\u00eda es de 9:00 h a 11:00 h<\/li>\n<\/ul>\n<p>Los certificados de estudios anteriores a 2008 tardar\u00e1n entre 7 y 15 d\u00edas. Los dem\u00e1s certificados se entregar\u00e1n en las 48 horas de su petici\u00f3n.<\/p>\n","protected":false},"excerpt":{"rendered":"<p>Horario de Atenci\u00f3n al P\u00fablico de Secretar\u00eda: El horario de atenci\u00f3n al p\u00fablico de Secretar\u00eda es de 9:00 h a 11:00 h Los certificados de estudios anteriores a 2008 tardar\u00e1n entre 7 y 15&#46;&#46;&#46;<\/p>\n","protected":false},"author":1,"featured_media":0,"parent":0,"menu_order":0,"comment_status":"open","ping_status":"open","template":"page-templates\/child-menu.php","meta":{"ngg_post_thumbnail":0,"footnotes":"","_mc_calendar":[]},"aioseo_notices":[],"_links":{"self":[{"href":"https:\/\/blogsaverroes.juntadeandalucia.es\/ieslagranja\/wp-json\/wp\/v2\/pages\/82"}],"collection":[{"href":"https:\/\/blogsaverroes.juntadeandalucia.es\/ieslagranja\/wp-json\/wp\/v2\/pages"}],"about":[{"href":"https:\/\/blogsaverroes.juntadeandalucia.es\/ieslagranja\/wp-json\/wp\/v2\/types\/page"}],"author":[{"embeddable":true,"href":"https:\/\/blogsaverroes.juntadeandalucia.es\/ieslagranja\/wp-json\/wp\/v2\/users\/1"}],"replies":[{"embeddable":true,"href":"https:\/\/blogsaverroes.juntadeandalucia.es\/ieslagranja\/wp-json\/wp\/v2\/comments?post=82"}],"version-history":[{"count":17,"href":"https:\/\/blogsaverroes.juntadeandalucia.es\/ieslagranja\/wp-json\/wp\/v2\/pages\/82\/revisions"}],"predecessor-version":[{"id":11806,"href":"https:\/\/blogsaverroes.juntadeandalucia.es\/ieslagranja\/wp-json\/wp\/v2\/pages\/82\/revisions\/11806"}],"wp:attachment":[{"href":"https:\/\/blogsaverroes.juntadeandalucia.es\/ieslagranja\/wp-json\/wp\/v2\/media?parent=82"}],"curies":[{"name":"wp","href":"https:\/\/api.w.org\/{rel}","templated":true}]}}