{"id":150,"date":"2015-03-17T07:48:04","date_gmt":"2015-03-17T07:48:04","guid":{"rendered":"http:\/\/blogsaverroes.juntadeandalucia.es\/pre\/ceip\/?page_id=150"},"modified":"2024-11-02T10:35:19","modified_gmt":"2024-11-02T09:35:19","slug":"presentacion-fra","status":"publish","type":"page","link":"https:\/\/blogsaverroes.juntadeandalucia.es\/ieslajarcia\/presentacion-fra\/","title":{"rendered":"Presentaci\u00f3n del Departamento de Franc\u00e9s"},"content":{"rendered":"<p><img fetchpriority=\"high\" decoding=\"async\" class=\"alignleft wp-image-7920 \" src=\"https:\/\/blogsaverroes.juntadeandalucia.es\/ieslajarcia\/files\/2024\/10\/21675-francia-corazon_400px.jpg\" alt=\"\" width=\"420\" height=\"279\" srcset=\"https:\/\/blogsaverroes.juntadeandalucia.es\/ieslajarcia\/files\/2024\/10\/21675-francia-corazon_400px.jpg 413w, https:\/\/blogsaverroes.juntadeandalucia.es\/ieslajarcia\/files\/2024\/10\/21675-francia-corazon_400px-150x100.jpg 150w\" sizes=\"(max-width: 420px) 100vw, 420px\" \/><\/p>\n<p><span style=\"font-family: verdana, geneva, sans-serif;font-size: 14pt\">El Franc\u00e9s como Primera Lengua Extranjera es una de las principales se\u00f1as de identidad de nuestro centro. Nuestro alumnado estudia Franc\u00e9s, y estudia EN Franc\u00e9s. Esto es as\u00ed porque parte de determinadas materias son impartidas en este idioma. Hablamos de F\u00edsica y Qu\u00edmica, Biolog\u00eda y Geolog\u00eda, Geograf\u00eda e Historia, M\u00fasica y Econom\u00eda. Adem\u00e1s, a lo largo de los cuatro a\u00f1os que dura la etapa de Secundaria, preparamos a nuestro alumnado para la superaci\u00f3n de las pruebas de DELF B1. El Instituto Franc\u00e9s acude a nuestro centro para realizarlas , y siempre obtenemos un elevado porcentaje de aprobados, si no el 100%.<\/span><\/p>\n<p><span style=\"font-family: verdana, geneva, sans-serif;font-size: 14pt\">Estos son nuestros retos, pero no queremos que sean metas inalcanzables. Por eso, trabajamos de manera coordinada para que el idioma no sea nunca una barrera, sino un factor de enriquecimiento: En la sociedad actual, en la que la exigencia de un idioma tan importante como el Ingl\u00e9s es ya un elemento generalizado, queremos que nuestro alumnado marque la diferencia con el conocimiento de un idioma m\u00e1s. El Franc\u00e9s es nuestra apuesta.<\/span><\/p>\n<p><span style=\"font-family: verdana, geneva, sans-serif;font-size: 14pt\">Dentro del contexto educativo, el Franc\u00e9s es una puerta de acceso a oportunidades a corto plazo (nuestro alumnado tiene adscripci\u00f3n, entre otros, al IES Drago de C\u00e1diz, donde pueden realizar estudios de Bachibac). Pero tambi\u00e9n a largo plazo, pues hace posible la participaci\u00f3n en el programa Erasmus en pa\u00edses franc\u00f3fonos (menos solicitados), adem\u00e1s de los numerosos convenios entre Espa\u00f1a y Francia para la realizaci\u00f3n de parte de la carrera o de un master en Francia a un coste moderado.<\/span><\/p>\n<p><span style=\"font-family: verdana, geneva, sans-serif;font-size: 14pt\">Por todos estos motivos, ense\u00f1amos el Franc\u00e9s con entusiasmo cada d\u00eda.<\/span><\/p>\n<p>&nbsp;<\/p>\n<h3 class=\"western\"><span style=\"color: #0000ff\">Profesorado:<\/span><\/h3>\n<table style=\"border-collapse: collapse;width: 90.1521%;height: 77px\">\n<tbody>\n<tr style=\"height: 24px\">\n<td style=\"width: 31.2851%;height: 24px;text-align: left\">Jos\u00e9 Antonio Fern\u00e1ndez Ruiz<\/td>\n<td style=\"width: 68.7149%;height: 24px\">Jefe de Departamento<\/td>\n<\/tr>\n<tr style=\"height: 22px\">\n<td style=\"width: 31.2851%;height: 22px;text-align: left\">Mar\u00eda Dolores Pacheco Aguilar<\/td>\n<td style=\"width: 68.7149%;height: 22px\">Directora<\/td>\n<\/tr>\n<tr style=\"height: 24px\">\n<td class=\"cuerpo1 hover\" style=\"width: 31.2851%;height: 24px;text-align: left\" align=\"LEFT\" nowrap=\"nowrap\">Tania Clavero Cuadrado&nbsp;<\/td>\n<td style=\"width: 68.7149%;height: 24px\">&nbsp;<\/td>\n<\/tr>\n<\/tbody>\n<\/table>\n<h3 class=\"western\">&nbsp;<\/h3>\n","protected":false},"excerpt":{"rendered":"<p>El Franc\u00e9s como Primera Lengua Extranjera es una de las principales se\u00f1as de identidad de nuestro centro. Nuestro alumnado estudia Franc\u00e9s, y estudia EN Franc\u00e9s. Esto es as\u00ed porque parte&#46;&#46;&#46;<\/p>\n","protected":false},"author":1,"featured_media":0,"parent":0,"menu_order":0,"comment_status":"closed","ping_status":"open","template":"","meta":{"ngg_post_thumbnail":0,"footnotes":"","_mc_calendar":[]},"aioseo_notices":[],"post_mailing_queue_ids":[],"_links":{"self":[{"href":"https:\/\/blogsaverroes.juntadeandalucia.es\/ieslajarcia\/wp-json\/wp\/v2\/pages\/150"}],"collection":[{"href":"https:\/\/blogsaverroes.juntadeandalucia.es\/ieslajarcia\/wp-json\/wp\/v2\/pages"}],"about":[{"href":"https:\/\/blogsaverroes.juntadeandalucia.es\/ieslajarcia\/wp-json\/wp\/v2\/types\/page"}],"author":[{"embeddable":true,"href":"https:\/\/blogsaverroes.juntadeandalucia.es\/ieslajarcia\/wp-json\/wp\/v2\/users\/1"}],"replies":[{"embeddable":true,"href":"https:\/\/blogsaverroes.juntadeandalucia.es\/ieslajarcia\/wp-json\/wp\/v2\/comments?post=150"}],"version-history":[{"count":27,"href":"https:\/\/blogsaverroes.juntadeandalucia.es\/ieslajarcia\/wp-json\/wp\/v2\/pages\/150\/revisions"}],"predecessor-version":[{"id":8046,"href":"https:\/\/blogsaverroes.juntadeandalucia.es\/ieslajarcia\/wp-json\/wp\/v2\/pages\/150\/revisions\/8046"}],"wp:attachment":[{"href":"https:\/\/blogsaverroes.juntadeandalucia.es\/ieslajarcia\/wp-json\/wp\/v2\/media?parent=150"}],"curies":[{"name":"wp","href":"https:\/\/api.w.org\/{rel}","templated":true}]}}