{"id":153,"date":"2015-03-17T07:48:56","date_gmt":"2015-03-17T07:48:56","guid":{"rendered":"http:\/\/blogsaverroes.juntadeandalucia.es\/pre\/ceip\/?page_id=153"},"modified":"2024-11-02T10:37:27","modified_gmt":"2024-11-02T09:37:27","slug":"presentacion-geh","status":"publish","type":"page","link":"https:\/\/blogsaverroes.juntadeandalucia.es\/ieslajarcia\/presentacion-geh\/","title":{"rendered":"Presentaci\u00f3n del Departamento de Ciencias Sociales"},"content":{"rendered":"<p><img fetchpriority=\"high\" decoding=\"async\" class=\"alignleft\" src=\"http:\/\/blogsaverroes.juntadeandalucia.es\/ieslajarcia\/files\/2015\/03\/geografia_historia-300x225.png\" alt=\"geografia_historia\" width=\"383\" height=\"287\"><\/p>\n<p><span style=\"font-weight: 400;font-size: 14pt\">El Departamento de Ciencias Sociales tiene un papel destacado en nuestro centro. Por un lado, tiene el objetivo de apuntalar el programa pluriling\u00fce ya que parte de las materias que impartimos (Geograf\u00eda e Historia y Econom\u00eda) se imparten de forma parcial en franc\u00e9s. Por otro, ayudamos a nuestro alumnado a conocer de forma cr\u00edtica nuestro mundo a partir del conocimiento de los acontecimientos hist\u00f3ricos que explican el mundo en el que vivimos y tambi\u00e9n desde el punto de vista geogr\u00e1fico, donde un buen an\u00e1lisis ayuda a entender, por ejemplo, por qu\u00e9 Puerto Real ha tenido y tiene especial relevancia en la bah\u00eda gaditana.<\/span><\/p>\n<p><span style=\"font-weight: 400;font-size: 14pt\">Por todo ello, nuestro Departamento es como un faro que ilumina el futuro pero sin olvidar el presente y nuestro pasado gracias a la adquisici\u00f3n de un esp\u00edritu cr\u00edtico hacia las desigualdades que observamos, sin olvidar lo valioso de los valores que transmitimos a nuestro alumnado para potenciar las bondades del sistema democr\u00e1tico del que somos pieza fundamental en el futuro.&nbsp;<\/span><\/p>\n<p><span style=\"font-size: 14pt\">En este contexto, el franc\u00e9s nos facilita el acceso a otras culturas y a la adquisici\u00f3n de una visi\u00f3n m\u00e1s completa del mundo en el que vivimos.<\/span><\/p>\n<h3>Profesorado:<\/h3>\n<table style=\"width: 80.1214%\" width=\"528\">\n<tbody>\n<tr>\n<td style=\"width: 33.0301%\" width=\"178\">Carlos Muriel Cegarra<\/td>\n<td style=\"width: 65.7578%\" width=\"350\">Jefe de Departamento<\/td>\n<\/tr>\n<tr>\n<td style=\"width: 33.0301%\" width=\"178\">Sergio Almisas Cruz<\/td>\n<td style=\"width: 65.7578%\" width=\"350\">&nbsp;<\/td>\n<\/tr>\n<tr>\n<td style=\"width: 33.0301%\" width=\"178\">Salud Mac\u00edas Gonz\u00e1lez<\/td>\n<td style=\"width: 65.7578%\" width=\"350\">&nbsp;<\/td>\n<\/tr>\n<tr>\n<td style=\"width: 33.0301%\" width=\"178\">&nbsp;<\/td>\n<td style=\"width: 65.7578%\" width=\"350\">&nbsp;<\/td>\n<\/tr>\n<\/tbody>\n<\/table>\n<h3>&nbsp;<\/h3>\n","protected":false},"excerpt":{"rendered":"<p>El Departamento de Ciencias Sociales tiene un papel destacado en nuestro centro. Por un lado, tiene el objetivo de apuntalar el programa pluriling\u00fce ya que parte de las materias que&#46;&#46;&#46;<\/p>\n","protected":false},"author":1,"featured_media":0,"parent":0,"menu_order":0,"comment_status":"closed","ping_status":"open","template":"","meta":{"ngg_post_thumbnail":0,"footnotes":"","_mc_calendar":[]},"aioseo_notices":[],"post_mailing_queue_ids":[],"_links":{"self":[{"href":"https:\/\/blogsaverroes.juntadeandalucia.es\/ieslajarcia\/wp-json\/wp\/v2\/pages\/153"}],"collection":[{"href":"https:\/\/blogsaverroes.juntadeandalucia.es\/ieslajarcia\/wp-json\/wp\/v2\/pages"}],"about":[{"href":"https:\/\/blogsaverroes.juntadeandalucia.es\/ieslajarcia\/wp-json\/wp\/v2\/types\/page"}],"author":[{"embeddable":true,"href":"https:\/\/blogsaverroes.juntadeandalucia.es\/ieslajarcia\/wp-json\/wp\/v2\/users\/1"}],"replies":[{"embeddable":true,"href":"https:\/\/blogsaverroes.juntadeandalucia.es\/ieslajarcia\/wp-json\/wp\/v2\/comments?post=153"}],"version-history":[{"count":18,"href":"https:\/\/blogsaverroes.juntadeandalucia.es\/ieslajarcia\/wp-json\/wp\/v2\/pages\/153\/revisions"}],"predecessor-version":[{"id":8048,"href":"https:\/\/blogsaverroes.juntadeandalucia.es\/ieslajarcia\/wp-json\/wp\/v2\/pages\/153\/revisions\/8048"}],"wp:attachment":[{"href":"https:\/\/blogsaverroes.juntadeandalucia.es\/ieslajarcia\/wp-json\/wp\/v2\/media?parent=153"}],"curies":[{"name":"wp","href":"https:\/\/api.w.org\/{rel}","templated":true}]}}