{"id":158,"date":"2015-12-17T07:50:33","date_gmt":"2015-12-17T07:50:33","guid":{"rendered":"http:\/\/blogsaverroes.juntadeandalucia.es\/pre\/ceip\/?page_id=158"},"modified":"2026-01-29T18:03:24","modified_gmt":"2026-01-29T17:03:24","slug":"presentacion-mat","status":"publish","type":"page","link":"https:\/\/blogsaverroes.juntadeandalucia.es\/ieslajarcia\/presentacion-mat\/","title":{"rendered":"Presentaci\u00f3n del Dpto. de Matem\u00e1ticas"},"content":{"rendered":"<p><img decoding=\"async\" class=\"aligncenter wp-image-2135\" src=\"http:\/\/blogsaverroes.juntadeandalucia.es\/ieslajarcia\/files\/2015\/03\/matematicas-300x210.jpg\" alt=\"matematicas\" width=\"217\" height=\"152\" srcset=\"https:\/\/blogsaverroes.juntadeandalucia.es\/ieslajarcia\/files\/2015\/03\/matematicas-300x210.jpg 300w, https:\/\/blogsaverroes.juntadeandalucia.es\/ieslajarcia\/files\/2015\/03\/matematicas.jpg 640w\" sizes=\"(max-width: 217px) 100vw, 217px\" \/><\/p>\n<p><strong><span style=\"font-family: sans-serif\"><span style=\"font-size: medium\">Matem\u00e1ticas <\/span><\/span><\/strong><\/p>\n<h3>&nbsp;<span style=\"color: #0000ff\">Presentaci\u00f3n:<\/span><\/h3>\n<h3><span style=\"color: #0000ff\">Profesorado:<\/span><\/h3>\n<table style=\"border-collapse: collapse;width: 100%;height: 90px\">\n<tbody>\n<tr style=\"height: 15px\">\n<td style=\"width: 50%;height: 15px\"><span style=\"font-family: verdana, geneva, sans-serif;font-size: 14pt\">Ricardo Galicer S\u00e1nchez<\/span><\/td>\n<td style=\"width: 50%;height: 15px\"><span style=\"font-family: verdana, geneva, sans-serif;font-size: 14pt\">Jefe de Departamento<\/span><\/td>\n<\/tr>\n<tr style=\"height: 25px\">\n<td style=\"width: 50%;height: 25px\"><span style=\"font-family: verdana, geneva, sans-serif;font-size: 14pt\">M\u00f3nica Garc\u00eda Mart\u00ednez<\/span><\/td>\n<td style=\"width: 50%;height: 25px\"><span style=\"font-family: verdana, geneva, sans-serif;font-size: 14pt\">Jefa de Estudios<\/span><\/td>\n<\/tr>\n<tr style=\"height: 25px\">\n<td style=\"width: 50%;height: 25px\"><span style=\"font-family: verdana, geneva, sans-serif;font-size: 14pt\">Javier Velasco Serrano<\/span><\/td>\n<td style=\"width: 50%;height: 25px\">&nbsp;<\/td>\n<\/tr>\n<tr style=\"height: 25px\">\n<td style=\"width: 50%;height: 25px\"><span style=\"font-family: verdana, geneva, sans-serif;font-size: 14pt\">Mario Moguel Gonz\u00e1lez<\/span><\/td>\n<td style=\"width: 50%;height: 25px\">&nbsp;<\/td>\n<\/tr>\n<\/tbody>\n<\/table>\n<p><span style=\"font-family: arial,helvetica,sans-serif;font-size: 12pt\">&nbsp;<\/span><\/p>\n","protected":false},"excerpt":{"rendered":"<p>Matem\u00e1ticas &nbsp;Presentaci\u00f3n: Profesorado: Ricardo Galicer S\u00e1nchez Jefe de Departamento M\u00f3nica Garc\u00eda Mart\u00ednez Jefa de Estudios Javier Velasco Serrano &nbsp; Mario Moguel Gonz\u00e1lez &nbsp; &nbsp;<\/p>\n","protected":false},"author":1,"featured_media":2135,"parent":0,"menu_order":0,"comment_status":"closed","ping_status":"open","template":"","meta":{"ngg_post_thumbnail":0,"footnotes":"","_mc_calendar":[]},"aioseo_notices":[],"post_mailing_queue_ids":[],"_links":{"self":[{"href":"https:\/\/blogsaverroes.juntadeandalucia.es\/ieslajarcia\/wp-json\/wp\/v2\/pages\/158"}],"collection":[{"href":"https:\/\/blogsaverroes.juntadeandalucia.es\/ieslajarcia\/wp-json\/wp\/v2\/pages"}],"about":[{"href":"https:\/\/blogsaverroes.juntadeandalucia.es\/ieslajarcia\/wp-json\/wp\/v2\/types\/page"}],"author":[{"embeddable":true,"href":"https:\/\/blogsaverroes.juntadeandalucia.es\/ieslajarcia\/wp-json\/wp\/v2\/users\/1"}],"replies":[{"embeddable":true,"href":"https:\/\/blogsaverroes.juntadeandalucia.es\/ieslajarcia\/wp-json\/wp\/v2\/comments?post=158"}],"version-history":[{"count":15,"href":"https:\/\/blogsaverroes.juntadeandalucia.es\/ieslajarcia\/wp-json\/wp\/v2\/pages\/158\/revisions"}],"predecessor-version":[{"id":8283,"href":"https:\/\/blogsaverroes.juntadeandalucia.es\/ieslajarcia\/wp-json\/wp\/v2\/pages\/158\/revisions\/8283"}],"wp:featuredmedia":[{"embeddable":true,"href":"https:\/\/blogsaverroes.juntadeandalucia.es\/ieslajarcia\/wp-json\/wp\/v2\/media\/2135"}],"wp:attachment":[{"href":"https:\/\/blogsaverroes.juntadeandalucia.es\/ieslajarcia\/wp-json\/wp\/v2\/media?parent=158"}],"curies":[{"name":"wp","href":"https:\/\/api.w.org\/{rel}","templated":true}]}}