{"id":162,"date":"2015-03-17T07:51:10","date_gmt":"2015-03-17T07:51:10","guid":{"rendered":"http:\/\/blogsaverroes.juntadeandalucia.es\/pre\/ceip\/?page_id=162"},"modified":"2026-01-29T18:01:25","modified_gmt":"2026-01-29T17:01:25","slug":"presentacion-tec","status":"publish","type":"page","link":"https:\/\/blogsaverroes.juntadeandalucia.es\/ieslajarcia\/presentacion-tec\/","title":{"rendered":"Presentaci\u00f3n del Dpto. de Tecnolog\u00eda"},"content":{"rendered":"<p><img fetchpriority=\"high\" decoding=\"async\" class=\"alignleft wp-image-8157\" src=\"https:\/\/blogsaverroes.juntadeandalucia.es\/ieslajarcia\/files\/2024\/11\/Cabeza.jpeg\" alt=\"\" width=\"356\" height=\"237\" srcset=\"https:\/\/blogsaverroes.juntadeandalucia.es\/ieslajarcia\/files\/2024\/11\/Cabeza.jpeg 275w, https:\/\/blogsaverroes.juntadeandalucia.es\/ieslajarcia\/files\/2024\/11\/Cabeza-150x100.jpeg 150w\" sizes=\"(max-width: 356px) 100vw, 356px\" \/><\/p>\n<h3><span style=\"font-family: arial, helvetica, sans-serif;color: #000000;font-size: 14pt\">La materia de Tecnolog\u00eda y Digitalizaci\u00f3n contribuye a dar respuesta a las necesidades de la ciudadan\u00eda digital ante los desaf\u00edos y retos tecnol\u00f3gicos que plantea la sociedad actual. As\u00ed, esta materia servir\u00e1 de base no s\u00f3lo para comprender la evoluci\u00f3n social, sino tambi\u00e9n para poder actuar con criterios t\u00e9cnicos, cient\u00edficos y \u00e9ticos en el ejercicio de una ciudadan\u00eda responsable y activa, utilizando la generaci\u00f3n del conocimiento como motor de desarrollo y fomentando la participaci\u00f3n del alumnado en igualdad, con una visi\u00f3n integral de la disciplina y resaltando su aspecto social.<\/span><br \/>\n<span style=\"font-family: arial, helvetica, sans-serif;color: #000000;font-size: 14pt\">Para el desarrollo de esta materia se ha de propiciar un entorno para que el alumnado tenga la oportunidad de llevar a cabo ciertas tareas mientras explora, descubre, experimenta, aplica y reflexiona sobre lo que hace. La propuesta de situaciones de aprendizaje desarrolladas en un taller o laboratorio de fabricaci\u00f3n, entendido como un espacio para materializar los proyectos interdisciplinares con un enfoque competencial y pr\u00e1ctico, favoreciendo la implicaci\u00f3n del alumnado en su proceso de aprendizaje y, por lo tanto, este ser\u00e1 m\u00e1s significativo y duradero.<\/span><\/h3>\n<table style=\"width: 78.3103%;height: 58px\" width=\"424\">\n<tbody>\n<tr style=\"height: 24px\">\n<td style=\"text-align: left;width: 43.2624%;height: 24px\" width=\"187\"><span style=\"font-size: 14pt\">Orjales Serantes, Ana Mar\u00eda<\/span><\/td>\n<td style=\"text-align: left;width: 111.141%;height: 24px\" width=\"237\"><span style=\"font-size: 14pt\">Jefa de Departamento<\/span><\/td>\n<\/tr>\n<tr style=\"height: 24px\">\n<td style=\"width: 43.2624%;height: 24px\" width=\"187\"><span style=\"font-size: 14pt\">Jos\u00e9 Joaqu\u00edn Arag\u00f3n S\u00e1nchez<\/span><\/td>\n<td style=\"width: 111.141%;height: 24px\" width=\"237\">&nbsp;<\/td>\n<\/tr>\n<tr style=\"height: 10px\">\n<td style=\"text-align: left;width: 43.2624%;height: 10px\" width=\"187\">&nbsp;<\/td>\n<td style=\"width: 111.141%\" width=\"237\">&nbsp;<\/td>\n<\/tr>\n<\/tbody>\n<\/table>\n<p>&nbsp;<\/p>\n","protected":false},"excerpt":{"rendered":"<p>La materia de Tecnolog\u00eda y Digitalizaci\u00f3n contribuye a dar respuesta a las necesidades de la ciudadan\u00eda digital ante los desaf\u00edos y retos tecnol\u00f3gicos que plantea la sociedad actual. As\u00ed, esta&#46;&#46;&#46;<\/p>\n","protected":false},"author":1,"featured_media":8157,"parent":0,"menu_order":0,"comment_status":"closed","ping_status":"closed","template":"","meta":{"ngg_post_thumbnail":0,"footnotes":"","_mc_calendar":[]},"aioseo_notices":[],"post_mailing_queue_ids":[],"_links":{"self":[{"href":"https:\/\/blogsaverroes.juntadeandalucia.es\/ieslajarcia\/wp-json\/wp\/v2\/pages\/162"}],"collection":[{"href":"https:\/\/blogsaverroes.juntadeandalucia.es\/ieslajarcia\/wp-json\/wp\/v2\/pages"}],"about":[{"href":"https:\/\/blogsaverroes.juntadeandalucia.es\/ieslajarcia\/wp-json\/wp\/v2\/types\/page"}],"author":[{"embeddable":true,"href":"https:\/\/blogsaverroes.juntadeandalucia.es\/ieslajarcia\/wp-json\/wp\/v2\/users\/1"}],"replies":[{"embeddable":true,"href":"https:\/\/blogsaverroes.juntadeandalucia.es\/ieslajarcia\/wp-json\/wp\/v2\/comments?post=162"}],"version-history":[{"count":36,"href":"https:\/\/blogsaverroes.juntadeandalucia.es\/ieslajarcia\/wp-json\/wp\/v2\/pages\/162\/revisions"}],"predecessor-version":[{"id":8284,"href":"https:\/\/blogsaverroes.juntadeandalucia.es\/ieslajarcia\/wp-json\/wp\/v2\/pages\/162\/revisions\/8284"}],"wp:featuredmedia":[{"embeddable":true,"href":"https:\/\/blogsaverroes.juntadeandalucia.es\/ieslajarcia\/wp-json\/wp\/v2\/media\/8157"}],"wp:attachment":[{"href":"https:\/\/blogsaverroes.juntadeandalucia.es\/ieslajarcia\/wp-json\/wp\/v2\/media?parent=162"}],"curies":[{"name":"wp","href":"https:\/\/api.w.org\/{rel}","templated":true}]}}