{"id":164,"date":"2015-03-17T07:52:28","date_gmt":"2015-03-17T07:52:28","guid":{"rendered":"http:\/\/blogsaverroes.juntadeandalucia.es\/pre\/ceip\/?page_id=164"},"modified":"2024-11-24T19:02:05","modified_gmt":"2024-11-24T18:02:05","slug":"presentacion-ing","status":"publish","type":"page","link":"https:\/\/blogsaverroes.juntadeandalucia.es\/ieslajarcia\/presentacion-ing\/","title":{"rendered":"Presentaci\u00f3n del Departamento de Ingl\u00e9s"},"content":{"rendered":"<p><span style=\"font-size: 14pt\"><img fetchpriority=\"high\" decoding=\"async\" class=\"alignleft wp-image-8163\" src=\"https:\/\/blogsaverroes.juntadeandalucia.es\/ieslajarcia\/files\/2024\/11\/Ingles.jpg\" alt=\"\" width=\"313\" height=\"212\" srcset=\"https:\/\/blogsaverroes.juntadeandalucia.es\/ieslajarcia\/files\/2024\/11\/Ingles.jpg 1000w, https:\/\/blogsaverroes.juntadeandalucia.es\/ieslajarcia\/files\/2024\/11\/Ingles-150x101.jpg 150w, https:\/\/blogsaverroes.juntadeandalucia.es\/ieslajarcia\/files\/2024\/11\/Ingles-768x519.jpg 768w\" sizes=\"(max-width: 313px) 100vw, 313px\" \/>En nuestro centro pluriling\u00fce, el ingl\u00e9s no es solo un idioma; es una herramienta para abrir puertas a un<\/span><br \/>\n<span style=\"font-size: 14pt\">mundo de oportunidades. En el departamento tenemos la intenci\u00f3n de ayudar al alumnado a alcanzar un<\/span><br \/>\n<span style=\"font-size: 14pt\">dominio pr\u00e1ctico del idioma, con un enfoque eminentemente comunicativo.<\/span><br \/>\n<span style=\"font-size: 14pt\">Adem\u00e1s, llevamos el aprendizaje m\u00e1s all\u00e1 del aula, integrando el ingl\u00e9s en materias como Educaci\u00f3n<\/span><br \/>\n<span style=\"font-size: 14pt\">F\u00edsica, donde nuestros alumnos y alumnas no solo desarrollan sus habilidades f\u00edsicas, sino que tambi\u00e9n<\/span><br \/>\n<span style=\"font-size: 14pt\">mejoran su capacidad de comunicarse en un contexto real y significativo.<\/span><br \/>\n<span style=\"font-size: 14pt\">Nuestro objetivo es que el Ingl\u00e9s se convierta en una parte natural de la vida acad\u00e9mica y personal de los<\/span><br \/>\n<span style=\"font-size: 14pt\">estudiantes, prepar\u00e1ndolos para enfrentar con confianza los retos de un mundo globalizado.<\/span><\/p>\n<h3><span style=\"color: #0000ff\">Profesorado:<\/span><\/h3>\n<table style=\"width: 100.152%\" width=\"745\">\n<tbody>\n<tr>\n<td style=\"width: 50%;text-align: left\" width=\"363\">Delgado And\u00fajar, Mar\u00eda Jos\u00e9<\/td>\n<td style=\"text-align: left;width: 49.8485%\" width=\"382\">Jefa de departamento<\/td>\n<\/tr>\n<tr>\n<td style=\"width: 50%;text-align: left\" width=\"363\">Tejero Navarro, Marta<\/td>\n<td style=\"text-align: left;width: 49.8485%\" width=\"382\">Secretaria<\/td>\n<\/tr>\n<tr>\n<td class=\"cuerpo2 hover\" style=\"width: 50%;text-align: left\" align=\"LEFT\" nowrap=\"nowrap\">Susana Molina Zamora<\/td>\n<td style=\"text-align: left;width: 49.8485%\" width=\"382\">&nbsp;<\/td>\n<\/tr>\n<\/tbody>\n<\/table>\n<p>&nbsp;<\/p>\n","protected":false},"excerpt":{"rendered":"<p>En nuestro centro pluriling\u00fce, el ingl\u00e9s no es solo un idioma; es una herramienta para abrir puertas a un mundo de oportunidades. En el departamento tenemos la intenci\u00f3n de ayudar&#46;&#46;&#46;<\/p>\n","protected":false},"author":1,"featured_media":0,"parent":0,"menu_order":0,"comment_status":"closed","ping_status":"open","template":"","meta":{"ngg_post_thumbnail":0,"footnotes":"","_mc_calendar":[]},"aioseo_notices":[],"post_mailing_queue_ids":[],"_links":{"self":[{"href":"https:\/\/blogsaverroes.juntadeandalucia.es\/ieslajarcia\/wp-json\/wp\/v2\/pages\/164"}],"collection":[{"href":"https:\/\/blogsaverroes.juntadeandalucia.es\/ieslajarcia\/wp-json\/wp\/v2\/pages"}],"about":[{"href":"https:\/\/blogsaverroes.juntadeandalucia.es\/ieslajarcia\/wp-json\/wp\/v2\/types\/page"}],"author":[{"embeddable":true,"href":"https:\/\/blogsaverroes.juntadeandalucia.es\/ieslajarcia\/wp-json\/wp\/v2\/users\/1"}],"replies":[{"embeddable":true,"href":"https:\/\/blogsaverroes.juntadeandalucia.es\/ieslajarcia\/wp-json\/wp\/v2\/comments?post=164"}],"version-history":[{"count":21,"href":"https:\/\/blogsaverroes.juntadeandalucia.es\/ieslajarcia\/wp-json\/wp\/v2\/pages\/164\/revisions"}],"predecessor-version":[{"id":8165,"href":"https:\/\/blogsaverroes.juntadeandalucia.es\/ieslajarcia\/wp-json\/wp\/v2\/pages\/164\/revisions\/8165"}],"wp:attachment":[{"href":"https:\/\/blogsaverroes.juntadeandalucia.es\/ieslajarcia\/wp-json\/wp\/v2\/media?parent=164"}],"curies":[{"name":"wp","href":"https:\/\/api.w.org\/{rel}","templated":true}]}}