{"id":2665,"date":"2016-02-01T20:36:53","date_gmt":"2016-02-01T20:36:53","guid":{"rendered":"http:\/\/blogsaverroes.juntadeandalucia.es\/ieslajarcia\/?page_id=2665"},"modified":"2026-05-04T19:08:44","modified_gmt":"2026-05-04T17:08:44","slug":"personal-organos","status":"publish","type":"page","link":"https:\/\/blogsaverroes.juntadeandalucia.es\/ieslajarcia\/personal-organos\/","title":{"rendered":"Personal-\u00d3rganos"},"content":{"rendered":"<p><span style=\"color: #000000\"><div class=\"osc-res-tab tabbable   osc-tabs-left\"><div style=\"clear:both;width: 100%;\"><ul class=\"nav osc-res-nav nav-tabs osc-tabs-left-ul\" id=\"oscitas-restabs-1-personal-organos-49752\"><li class=\"\"><a href=\"#ert_pane1-0\" data-toggle=\"tab\"><strong>Equipo directivo<\/strong><\/a><\/li><li class=\"\"><a href=\"#ert_pane1-1\" data-toggle=\"tab\"><strong>Tutores de Grupo<\/strong><\/a><\/li><li class=\"\"><a href=\"#ert_pane1-2\" data-toggle=\"tab\"><strong>Personal Docente<\/strong><\/a><\/li><li class=\"\"><a href=\"#ert_pane1-3\" data-toggle=\"tab\"><strong>Personal No Docente<\/strong><\/a><\/li><li class=\"\"><a href=\"#ert_pane1-4\" data-toggle=\"tab\"><strong>Consejo Escolar<\/strong><\/a><\/li><\/ul><\/div><div style=\"clear:both;width: 100%;\"><ul class=\"tab-content\" id=\"oscitas-restabcontent-1-personal-organos-49752\"><li class=\"tab-pane \" id=\"ert_pane1-0\"><\/span><\/p>\n<table>\n<tbody>\n<tr>\n<td style=\"text-align: left\"><span style=\"color: #000000\">D\u00aa. Mar\u00eda Dolores Pacheco Aguilar<\/span><\/td>\n<td style=\"text-align: left\"><span style=\"color: #000000\">Directora<\/span><\/td>\n<\/tr>\n<tr>\n<td style=\"text-align: left\"><span style=\"color: #000000\">D\u00aa. M\u00f3nica Garc\u00eda Mart\u00ednez<\/span><\/td>\n<td style=\"text-align: left\"><span style=\"color: #000000\">Jefa de Estudios<\/span><\/td>\n<\/tr>\n<tr>\n<td style=\"text-align: left\"><span style=\"color: #000000\">D\u00aa. Marta Tejero Navarro<\/span><\/td>\n<td style=\"text-align: left\"><span style=\"color: #000000\">Secretaria<\/span><\/td>\n<\/tr>\n<\/tbody>\n<\/table>\n<p><span style=\"color: #000000\"><\/li><li class=\"tab-pane \" id=\"ert_pane1-1\"><\/span><\/p>\n<table style=\"width: 63.7038%;height: 216px\" width=\"514\">\n<tbody>\n<tr style=\"height: 24px\">\n<td style=\"width: 74.0875px;text-align: left;height: 24px\"><span style=\"color: #000000\">Grupo<\/span><\/td>\n<td style=\"width: 547.812px;text-align: left;height: 24px\"><span style=\"color: #000000\">Profesorado<\/span><\/td>\n<\/tr>\n<tr style=\"height: 24px\">\n<td style=\"width: 74.0875px;height: 24px;text-align: left\">1 A<\/td>\n<td style=\"width: 547.812px;height: 24px;text-align: left\">Velasco Serrano, Jes\u00fas Javier<\/td>\n<\/tr>\n<tr style=\"height: 24px\">\n<td style=\"width: 74.0875px;height: 24px;text-align: left\">1 B<\/td>\n<td style=\"width: 547.812px;height: 24px;text-align: left\">Ram\u00edrez Pedemonte, Elena<\/td>\n<\/tr>\n<tr style=\"height: 24px\">\n<td style=\"width: 74.0875px;height: 24px;text-align: left\">2 A<\/td>\n<td style=\"width: 547.812px;height: 24px;text-align: left\">Torres Narv\u00e1ez, Paloma \/ Gil Gonz\u00e1lez, Celia<\/td>\n<\/tr>\n<tr style=\"height: 24px\">\n<td style=\"width: 74.0875px;height: 24px;text-align: left\">2 B<\/td>\n<td style=\"width: 547.812px;height: 24px;text-align: left\">Carmona Moreno, Elena<\/td>\n<\/tr>\n<tr style=\"height: 24px\">\n<td style=\"width: 74.0875px;height: 24px;text-align: left\">3 A<\/td>\n<td style=\"width: 547.812px;height: 24px;text-align: left\">Barrera Anglada, Mar\u00eda Mercedes \/ Hern\u00e1ndez Mart\u00edn, Mar\u00eda Bel\u00e9n<\/td>\n<\/tr>\n<tr style=\"height: 24px\">\n<td style=\"width: 74.0875px;height: 24px;text-align: left\">3 B<\/td>\n<td style=\"width: 547.812px;height: 24px;text-align: left\">P\u00e9rez Alvarado, Mar\u00eda del Carmen \/ Moguel Gonz\u00e1lez, Mario<\/td>\n<\/tr>\n<tr style=\"height: 24px\">\n<td style=\"width: 74.0875px;height: 24px;text-align: left\">4 A<\/td>\n<td style=\"width: 547.812px;height: 24px;text-align: left\">Guerrero S\u00e1nchez, Mar\u00eda<\/td>\n<\/tr>\n<tr style=\"height: 24px\">\n<td style=\"width: 74.0875px;height: 24px;text-align: left\">4 B<\/td>\n<td style=\"width: 547.812px;height: 24px;text-align: left\">Molina Rabad\u00e1n, David<\/td>\n<\/tr>\n<\/tbody>\n<\/table>\n<p><span style=\"color: #000000\"><\/li><li class=\"tab-pane \" id=\"ert_pane1-2\"><\/span><\/p>\n<table width=\"715\">\n<tbody>\n<tr style=\"height: 24px\">\n<td style=\"width: 54.5276%;height: 24px;text-align: left\" width=\"255\"><span style=\"color: #000000\">Empleado<\/span><\/td>\n<td style=\"width: 106.445%;height: 24px;text-align: left\" width=\"80\"><span style=\"color: #000000\">Puesto<\/span><\/td>\n<\/tr>\n<tr>\n<td style=\"text-align: left\" width=\"322\">Castro Granados, David<\/td>\n<td style=\"text-align: left\" width=\"393\">Educaci\u00f3n F\u00edsica (Ingl\u00e9s) P.E.S.<\/td>\n<\/tr>\n<tr>\n<td style=\"text-align: left\" width=\"322\">Flores Gallardo, Esteban<\/td>\n<td style=\"text-align: left\" width=\"393\">Educaci\u00f3n F\u00edsica (Ingl\u00e9s) P.E.S.<\/td>\n<\/tr>\n<tr>\n<td style=\"text-align: left\" width=\"322\">Miranda Basallote, Javier<\/td>\n<td style=\"text-align: left\" width=\"393\">Educaci\u00f3n F\u00edsica (Ingl\u00e9s) P.E.S.<\/td>\n<\/tr>\n<tr>\n<td style=\"text-align: left\" width=\"322\">Reyes Campos, Mar\u00eda del Pino<\/td>\n<td style=\"text-align: left\" width=\"393\">Educaci\u00f3n F\u00edsica (Ingl\u00e9s) P.E.S.<\/td>\n<\/tr>\n<tr>\n<td style=\"text-align: left\" width=\"322\">Carmona Moreno, Elena<\/td>\n<td style=\"text-align: left\" width=\"393\">F\u00edsica y Qu\u00edmica (Frances) P.E.S.<\/td>\n<\/tr>\n<tr>\n<td style=\"text-align: left\" width=\"322\">Fern\u00e1ndez Ruiz, Jos\u00e9 Antonio<\/td>\n<td style=\"text-align: left\" width=\"393\">Frances P.E.S.<\/td>\n<\/tr>\n<tr>\n<td style=\"text-align: left\" width=\"322\">Gil Gonz\u00e1lez, Celia<\/td>\n<td style=\"text-align: left\" width=\"393\">Frances P.E.S.<\/td>\n<\/tr>\n<tr>\n<td style=\"text-align: left\" width=\"322\">Guerrero S\u00e1nchez, Mar\u00eda<\/td>\n<td style=\"text-align: left\" width=\"393\">Frances P.E.S.<\/td>\n<\/tr>\n<tr>\n<td style=\"text-align: left\" width=\"322\">Pacheco Aguilar, Mar\u00eda Dolores<\/td>\n<td style=\"text-align: left\" width=\"393\">Frances P.E.S.<\/td>\n<\/tr>\n<tr>\n<td style=\"text-align: left\" width=\"322\">Torres Narv\u00e1ez, Paloma<\/td>\n<td style=\"text-align: left\" width=\"393\">Frances P.E.S.<\/td>\n<\/tr>\n<tr>\n<td style=\"text-align: left\" width=\"322\">Almisas Cruz, Sergio<\/td>\n<td style=\"text-align: left\" width=\"393\">Geograf\u00eda e Historia (Frances) P.E.S.<\/td>\n<\/tr>\n<tr>\n<td style=\"text-align: left\" width=\"322\">Gonz\u00e1lez Claros, Miguel \u00c1ngel<\/td>\n<td style=\"text-align: left\" width=\"393\">Geograf\u00eda e Historia (Frances) P.E.S.<\/td>\n<\/tr>\n<tr>\n<td style=\"text-align: left\" width=\"322\">Molina Rabad\u00e1n, David<\/td>\n<td style=\"text-align: left\" width=\"393\">Geograf\u00eda e Historia (Frances) P.E.S.<\/td>\n<\/tr>\n<tr>\n<td style=\"text-align: left\" width=\"322\">Muriel Cegarra, Carlos<\/td>\n<td style=\"text-align: left\" width=\"393\">Geograf\u00eda e Historia (Frances) P.E.S.<\/td>\n<\/tr>\n<tr>\n<td style=\"text-align: left\" width=\"322\">Delgado And\u00fajar, Mar\u00eda Jos\u00e9<\/td>\n<td style=\"text-align: left\" width=\"393\">Ingl\u00e9s P.E.S.<\/td>\n<\/tr>\n<tr>\n<td style=\"text-align: left\" width=\"322\">Tejero Navarro, Marta<\/td>\n<td style=\"text-align: left\" width=\"393\">Ingl\u00e9s P.E.S.<\/td>\n<\/tr>\n<tr>\n<td style=\"text-align: left\" width=\"322\">Arcas Vilches, Alejandra Teresa<\/td>\n<td style=\"text-align: left\" width=\"393\">Interculturalidad<\/td>\n<\/tr>\n<tr>\n<td style=\"text-align: left\" width=\"322\">Bernardo \u00c1lvarez, Mar\u00eda Jos\u00e9<\/td>\n<td style=\"text-align: left\" width=\"393\">Interculturalidad<\/td>\n<\/tr>\n<tr>\n<td style=\"text-align: left\" width=\"322\">Ragmi Houari, Khadija<\/td>\n<td style=\"text-align: left\" width=\"393\">Lab. Rel. Isl\u00e1mica Sec.<\/td>\n<\/tr>\n<tr>\n<td style=\"text-align: left\" width=\"322\">Barroso Toledo, Leonor<\/td>\n<td style=\"text-align: left\" width=\"393\">Lengua Castellana y Literatura P.E.S.<\/td>\n<\/tr>\n<tr>\n<td style=\"text-align: left\" width=\"322\">Corona Pav\u00f3n, Susana<\/td>\n<td style=\"text-align: left\" width=\"393\">Lengua Castellana y Literatura P.E.S.<\/td>\n<\/tr>\n<tr>\n<td style=\"text-align: left\" width=\"322\">Ram\u00edrez Pedemonte, Elena<\/td>\n<td style=\"text-align: left\" width=\"393\">Lengua Castellana y Literatura P.E.S.<\/td>\n<\/tr>\n<tr>\n<td style=\"text-align: left\" width=\"322\">Galicer S\u00e1nchez, Ricardo<\/td>\n<td style=\"text-align: left\" width=\"393\">Matem\u00e1ticas P.E.S.<\/td>\n<\/tr>\n<tr>\n<td style=\"text-align: left\" width=\"322\">Garc\u00eda Mart\u00ednez, M\u00f3nica<\/td>\n<td style=\"text-align: left\" width=\"393\">Matem\u00e1ticas P.E.S.<\/td>\n<\/tr>\n<tr>\n<td style=\"text-align: left\" width=\"322\">Moguel Gonz\u00e1lez, Mario<\/td>\n<td style=\"text-align: left\" width=\"393\">Matem\u00e1ticas P.E.S.<\/td>\n<\/tr>\n<tr>\n<td style=\"text-align: left\" width=\"322\">P\u00e9rez Alvarado, Mar\u00eda del Carmen<\/td>\n<td style=\"text-align: left\" width=\"393\">Matem\u00e1ticas P.E.S.<\/td>\n<\/tr>\n<tr>\n<td style=\"text-align: left\" width=\"322\">Velasco Serrano, Jes\u00fas Javier<\/td>\n<td style=\"text-align: left\" width=\"393\">Matem\u00e1ticas P.E.S.<\/td>\n<\/tr>\n<tr>\n<td style=\"text-align: left\" width=\"322\">Sosbilla Llosent, Mar\u00eda Isabel<\/td>\n<td style=\"text-align: left\" width=\"393\">M\u00fasica (Frances) P.E.S.<\/td>\n<\/tr>\n<tr>\n<td style=\"text-align: left\" width=\"322\">G\u00fcelfo M\u00e1rquez, Marta<\/td>\n<td style=\"text-align: left\" width=\"393\">Orientaci\u00f3n Educativa P.E.S.<\/td>\n<\/tr>\n<tr>\n<td style=\"text-align: left\" width=\"322\">Barrios Fuentes, Mario<\/td>\n<td style=\"text-align: left\" width=\"393\">Pedagog\u00eda Terapeutica Eso<\/td>\n<\/tr>\n<tr>\n<td style=\"text-align: left\" width=\"322\">Orjales Serantes, Ana Mar\u00eda<\/td>\n<td style=\"text-align: left\" width=\"393\">Tecnolog\u00eda P.E.S.<\/td>\n<\/tr>\n<\/tbody>\n<\/table>\n<p><span style=\"color: #000000\"><\/li><li class=\"tab-pane \" id=\"ert_pane1-3\"><\/span><\/p>\n<table width=\"554\">\n<tbody>\n<tr>\n<td style=\"text-align: left\" width=\"302\">Empleado\/a<\/td>\n<td style=\"text-align: left\" width=\"252\">Puesto<\/td>\n<\/tr>\n<tr>\n<td style=\"text-align: left\" width=\"302\">Baro Alcedo, Alfonso<\/td>\n<td style=\"text-align: left\" width=\"252\">Ordenanza<\/td>\n<\/tr>\n<tr>\n<td style=\"text-align: left\" width=\"302\">Barrientos G\u00f3mez, Ana Isabel<\/td>\n<td style=\"text-align: left\" width=\"252\">Limpiadora<\/td>\n<\/tr>\n<tr>\n<td style=\"text-align: left\" width=\"302\">Chamorro D\u00edaz, Mar\u00eda Luisa<\/td>\n<td style=\"text-align: left\" width=\"252\">Ordenanza<\/td>\n<\/tr>\n<tr>\n<td style=\"text-align: left\" width=\"302\">L\u00f3pez Arauz, M\u00f3nica<\/td>\n<td style=\"text-align: left\" width=\"252\">Limpiadora<\/td>\n<\/tr>\n<tr>\n<td style=\"text-align: left\" width=\"302\">Ramos Collantes, Eva Mar\u00eda<\/td>\n<td style=\"text-align: left\" width=\"252\">Limpiadora<\/td>\n<\/tr>\n<tr>\n<td style=\"text-align: left\" width=\"302\">Torres Ballesteros, Catalina<\/td>\n<td style=\"text-align: left\" width=\"252\">Limpiadora<\/td>\n<\/tr>\n<tr>\n<td style=\"text-align: left\" width=\"302\">Villalpando Codes, Encarnaci\u00f3n<\/td>\n<td style=\"text-align: left\" width=\"252\">Auxiliar administrativa<\/td>\n<\/tr>\n<\/tbody>\n<\/table>\n<p><span style=\"color: #000000\"><\/li><li class=\"tab-pane \" id=\"ert_pane1-4\"><\/span><\/p>\n<table style=\"width: 65.4%;height: 216px\">\n<tbody>\n<tr>\n<td style=\"text-align: left\" width=\"283\">MIEMBRO<\/td>\n<td style=\"text-align: left\" width=\"283\">SECTOR<\/td>\n<\/tr>\n<tr>\n<td style=\"text-align: left\" width=\"283\">Pacheco Aguilar, Mar\u00eda Dolores<\/td>\n<td style=\"text-align: left\" rowspan=\"3\" width=\"283\">&nbsp;<\/p>\n<p>EQUIPO DIRECTIVO<\/td>\n<\/tr>\n<tr>\n<td style=\"text-align: left\" width=\"283\">Garc\u00eda Mart\u00ednez, M\u00f3nica<\/td>\n<\/tr>\n<tr>\n<td style=\"text-align: left\" width=\"283\">Tejero Navarro, Marta<\/td>\n<\/tr>\n<tr>\n<td style=\"text-align: left\" width=\"283\">Barroso Toledo, Leonor<\/td>\n<td style=\"text-align: left\" rowspan=\"7\" width=\"283\">&nbsp;<\/p>\n<p>&nbsp;<\/p>\n<p>&nbsp;<\/p>\n<p>PROFESORADO<\/td>\n<\/tr>\n<tr>\n<td style=\"text-align: left\" width=\"283\">Corona Pav\u00f3n, Susan<\/td>\n<\/tr>\n<tr>\n<td style=\"text-align: left\" width=\"283\">Galicer S\u00e1nchez, Ricardo<\/td>\n<\/tr>\n<tr>\n<td style=\"text-align: left\" width=\"283\">Muriel Cegarra, Carlos<\/td>\n<\/tr>\n<tr>\n<td style=\"text-align: left\" width=\"283\">Orjales Serantes, Ana Mar\u00eda<\/td>\n<\/tr>\n<tr>\n<td style=\"text-align: left\" width=\"283\">Sosbilla Llosent, Isabel<\/td>\n<\/tr>\n<tr>\n<td style=\"text-align: left\" width=\"283\">Velasco Serrano, Jes\u00fas Javier<\/td>\n<\/tr>\n<tr>\n<td style=\"text-align: left\" width=\"283\">Torres Ballesteros, Catalina<\/td>\n<td style=\"text-align: left\" width=\"283\">PAS<\/td>\n<\/tr>\n<tr>\n<td style=\"text-align: left\" width=\"283\">Berm\u00fadez Chavez, Nieves<\/td>\n<td style=\"text-align: left\" rowspan=\"3\" width=\"283\">&nbsp;<\/p>\n<p>PADRES\/MADRES\/TUTORES<\/td>\n<\/tr>\n<tr>\n<td style=\"text-align: left\" width=\"283\">Carrasco Alcedo, Mar\u00eda Ar\u00e1nzazu<\/td>\n<\/tr>\n<tr>\n<td style=\"text-align: left\" width=\"283\">Flor Gonz\u00e1lez. Carmen Bel\u00e9n<\/td>\n<\/tr>\n<tr>\n<td style=\"text-align: left\" width=\"283\">Armario Fern\u00e1ndez, Ra\u00fal<\/td>\n<td style=\"text-align: left\" rowspan=\"3\" width=\"283\">&nbsp;<\/p>\n<p>ALUMNADO<\/td>\n<\/tr>\n<tr>\n<td style=\"text-align: left\" width=\"283\">Colim\u00f3n Torrente, Ayla<\/td>\n<\/tr>\n<tr>\n<td style=\"text-align: left\" width=\"283\">Romero Rubio, Mar\u00eda<\/td>\n<\/tr>\n<tr>\n<td style=\"text-align: left\" width=\"283\">Mena Morales, Virginia<\/td>\n<td style=\"text-align: left\" width=\"283\">REPRESENTANTE DEL AYUNTAMIENTO<\/td>\n<\/tr>\n<tr>\n<td style=\"text-align: left\" width=\"283\">M\u00e1rquez Catal\u00e1n, Mar\u00eda del Carmen<\/td>\n<td style=\"text-align: left\" width=\"283\">REPRESENTANTE AMPA<\/td>\n<\/tr>\n<\/tbody>\n<\/table>\n<p><span style=\"color: #000000\"><\/li><\/ul><\/div><\/div><\/span><\/p>\n","protected":false},"excerpt":{"rendered":"","protected":false},"author":2045,"featured_media":0,"parent":0,"menu_order":0,"comment_status":"closed","ping_status":"closed","template":"","meta":{"ngg_post_thumbnail":0,"footnotes":"","_mc_calendar":[]},"aioseo_notices":[],"post_mailing_queue_ids":[],"_links":{"self":[{"href":"https:\/\/blogsaverroes.juntadeandalucia.es\/ieslajarcia\/wp-json\/wp\/v2\/pages\/2665"}],"collection":[{"href":"https:\/\/blogsaverroes.juntadeandalucia.es\/ieslajarcia\/wp-json\/wp\/v2\/pages"}],"about":[{"href":"https:\/\/blogsaverroes.juntadeandalucia.es\/ieslajarcia\/wp-json\/wp\/v2\/types\/page"}],"author":[{"embeddable":true,"href":"https:\/\/blogsaverroes.juntadeandalucia.es\/ieslajarcia\/wp-json\/wp\/v2\/users\/2045"}],"replies":[{"embeddable":true,"href":"https:\/\/blogsaverroes.juntadeandalucia.es\/ieslajarcia\/wp-json\/wp\/v2\/comments?post=2665"}],"version-history":[{"count":65,"href":"https:\/\/blogsaverroes.juntadeandalucia.es\/ieslajarcia\/wp-json\/wp\/v2\/pages\/2665\/revisions"}],"predecessor-version":[{"id":8353,"href":"https:\/\/blogsaverroes.juntadeandalucia.es\/ieslajarcia\/wp-json\/wp\/v2\/pages\/2665\/revisions\/8353"}],"wp:attachment":[{"href":"https:\/\/blogsaverroes.juntadeandalucia.es\/ieslajarcia\/wp-json\/wp\/v2\/media?parent=2665"}],"curies":[{"name":"wp","href":"https:\/\/api.w.org\/{rel}","templated":true}]}}