{"id":373,"date":"2015-03-18T10:25:52","date_gmt":"2015-03-18T10:25:52","guid":{"rendered":"http:\/\/blogsaverroes.juntadeandalucia.es\/pre\/ceip\/?page_id=373"},"modified":"2019-03-21T21:45:22","modified_gmt":"2019-03-21T21:45:22","slug":"materiales-recursos","status":"publish","type":"page","link":"https:\/\/blogsaverroes.juntadeandalucia.es\/ieslajarcia\/presentacion-ori\/materiales-recursos\/","title":{"rendered":"Materiales, recursos&#8230;"},"content":{"rendered":"<h4>Y despu\u00e9s de 4\u00ba de ESO, \u00bfqu\u00e9?.. <a href=\"https:\/\/blogsaverroes.juntadeandalucia.es\/ieslajarcia\/files\/2019\/03\/Y-DESPU\u00c9S-DE-4\u00ba-DE-ESO_QUE-18_19.pdf\">Presentaci\u00f3n en PDF<\/a><\/h4>\n<p>&nbsp;<\/p>\n<h4><a href=\"https:\/\/blogsaverroes.juntadeandalucia.es\/ieslajarcia\/files\/2018\/10\/ORI_Gu\u00eda-para-padres-y-madres-de-adolescentes.pdf\">Gu\u00eda para padres y madres de adolescentes<\/a><\/h4>\n<p>&nbsp;<\/p>\n<h4><a href=\"http:\/\/agrega.juntadeandalucia.es\/visualizar\/es\/es-an_2015061514_9093750\/false\" target=\"_blank\" rel=\"noopener\">Gu\u00eda sobre Salidas profesionales<\/a><\/h4>\n<p><a href=\"https:\/\/blogsaverroes.juntadeandalucia.es\/ieslajarcia\/files\/2015\/03\/ORI_salidas-profesionales.pdf\"><img decoding=\"async\" class=\"alignleft wp-image-2858 size-medium\" src=\"https:\/\/blogsaverroes.juntadeandalucia.es\/ieslajarcia\/files\/2015\/03\/ORI_salidas-profesionales-300x87.png\" alt=\"ORI_salidas profesionales\" width=\"300\" height=\"87\" srcset=\"https:\/\/blogsaverroes.juntadeandalucia.es\/ieslajarcia\/files\/2015\/03\/ORI_salidas-profesionales-300x87.png 300w, https:\/\/blogsaverroes.juntadeandalucia.es\/ieslajarcia\/files\/2015\/03\/ORI_salidas-profesionales.png 685w\" sizes=\"(max-width: 300px) 100vw, 300px\" \/><\/a><\/p>\n<div align=\"justify\">\n<p class=\"Estilo2\">Esta Gu\u00eda contiene informaci\u00f3n sobre las salidas profesionales a nivel de Grados universitarios y Ciclos formativos de Grado superior.<\/p>\n<p>Pincha sobre el cartel<\/p>\n<\/div>\n<h4>&nbsp;<\/h4>\n","protected":false},"excerpt":{"rendered":"<p>Y despu\u00e9s de 4\u00ba de ESO, \u00bfqu\u00e9?.. Presentaci\u00f3n en PDF &nbsp; Gu\u00eda para padres y madres de adolescentes &nbsp; Gu\u00eda sobre Salidas profesionales Esta Gu\u00eda contiene informaci\u00f3n sobre las salidas&#46;&#46;&#46;<\/p>\n","protected":false},"author":1,"featured_media":0,"parent":1806,"menu_order":0,"comment_status":"closed","ping_status":"open","template":"template-full-width.php","meta":{"ngg_post_thumbnail":0,"footnotes":"","_mc_calendar":[]},"aioseo_notices":[],"post_mailing_queue_ids":[],"_links":{"self":[{"href":"https:\/\/blogsaverroes.juntadeandalucia.es\/ieslajarcia\/wp-json\/wp\/v2\/pages\/373"}],"collection":[{"href":"https:\/\/blogsaverroes.juntadeandalucia.es\/ieslajarcia\/wp-json\/wp\/v2\/pages"}],"about":[{"href":"https:\/\/blogsaverroes.juntadeandalucia.es\/ieslajarcia\/wp-json\/wp\/v2\/types\/page"}],"author":[{"embeddable":true,"href":"https:\/\/blogsaverroes.juntadeandalucia.es\/ieslajarcia\/wp-json\/wp\/v2\/users\/1"}],"replies":[{"embeddable":true,"href":"https:\/\/blogsaverroes.juntadeandalucia.es\/ieslajarcia\/wp-json\/wp\/v2\/comments?post=373"}],"version-history":[{"count":10,"href":"https:\/\/blogsaverroes.juntadeandalucia.es\/ieslajarcia\/wp-json\/wp\/v2\/pages\/373\/revisions"}],"predecessor-version":[{"id":3381,"href":"https:\/\/blogsaverroes.juntadeandalucia.es\/ieslajarcia\/wp-json\/wp\/v2\/pages\/373\/revisions\/3381"}],"up":[{"embeddable":true,"href":"https:\/\/blogsaverroes.juntadeandalucia.es\/ieslajarcia\/wp-json\/wp\/v2\/pages\/1806"}],"wp:attachment":[{"href":"https:\/\/blogsaverroes.juntadeandalucia.es\/ieslajarcia\/wp-json\/wp\/v2\/media?parent=373"}],"curies":[{"name":"wp","href":"https:\/\/api.w.org\/{rel}","templated":true}]}}