{"id":375,"date":"2015-03-18T10:26:09","date_gmt":"2015-03-18T10:26:09","guid":{"rendered":"http:\/\/blogsaverroes.juntadeandalucia.es\/pre\/ceip\/?page_id=375"},"modified":"2016-07-17T09:26:16","modified_gmt":"2016-07-17T09:26:16","slug":"materiales-recursos","status":"publish","type":"page","link":"https:\/\/blogsaverroes.juntadeandalucia.es\/ieslajarcia\/presentacion-tec\/materiales-recursos\/","title":{"rendered":"Materiales, recursos&#8230;"},"content":{"rendered":"<h4>L\u00e1minas de dibujo para septiembre<\/h4>\n<p><a href=\"http:\/\/blogsaverroes.juntadeandalucia.es\/ieslajarcia\/files\/2015\/03\/a_identificaci\u00f3n-vistas.pdf\">a_identificaci\u00f3n vistas<\/a><\/p>\n<p><a href=\"http:\/\/blogsaverroes.juntadeandalucia.es\/ieslajarcia\/files\/2015\/03\/b_Vistas-completo.pdf\">b_Vistas completo<\/a><\/p>\n<p><a href=\"http:\/\/blogsaverroes.juntadeandalucia.es\/ieslajarcia\/files\/2015\/03\/c_Vistas-completo2.pdf\">c_Vistas completo2<\/a><\/p>\n<p><a href=\"http:\/\/blogsaverroes.juntadeandalucia.es\/ieslajarcia\/files\/2015\/03\/d_vistas-a-caballera.pdf\">d_vistas a caballera<\/a><\/p>\n<p><a href=\"http:\/\/blogsaverroes.juntadeandalucia.es\/ieslajarcia\/files\/2015\/03\/e_isometrica.pdf\">e_isometrica<\/a><\/p>\n<p><a href=\"http:\/\/blogsaverroes.juntadeandalucia.es\/ieslajarcia\/files\/2015\/03\/f_varios.pdf\">f_varios<\/a><\/p>\n<p><a href=\"http:\/\/blogsaverroes.juntadeandalucia.es\/ieslajarcia\/files\/2015\/03\/g_cotas-sencillas.pdf\">g_cotas sencillas<\/a><\/p>\n<p>Adem\u00e1s acota, al menos dos figuras de cada l\u00e1mina.<\/p>\n<h4><a href=\"http:\/\/agrega.juntadeandalucia.es\/visualizar\/es\/es-an_2015021612_9124859\/false\" target=\"_blank\">Producci\u00f3n de energ\u00eda el\u00e9ctrica<\/a><\/h4>\n<p><a href=\"http:\/\/agrega.juntadeandalucia.es\/visualizar\/es\/es-an_2015021612_9124859\/false\" target=\"_blank\"><img fetchpriority=\"high\" decoding=\"async\" class=\" size-medium wp-image-2165 alignleft\" src=\"http:\/\/blogsaverroes.juntadeandalucia.es\/ieslajarcia\/files\/2015\/03\/tecnologia01-300x217.jpg\" alt=\"tecnologia01\" width=\"300\" height=\"217\" srcset=\"https:\/\/blogsaverroes.juntadeandalucia.es\/ieslajarcia\/files\/2015\/03\/tecnologia01-300x217.jpg 300w, https:\/\/blogsaverroes.juntadeandalucia.es\/ieslajarcia\/files\/2015\/03\/tecnologia01.jpg 745w\" sizes=\"(max-width: 300px) 100vw, 300px\" \/><\/a><\/p>\n<p>&nbsp;<\/p>\n<p>El presente tema va dirigido a alumnos de 3\u00ba de E.S.O. Su desarrollo llevar\u00e1 8 sesiones, 3 para la producci\u00f3n de electricidad, 4 para las centrales el\u00e9ctricas y el transporte, y una para la lectura.<\/p>\n<p>&nbsp;<\/p>\n<p>&nbsp;<\/p>\n<p>&nbsp;<\/p>\n<h4><a href=\"http:\/\/agrega.juntadeandalucia.es\/visualizar\/es\/es-an_2010091013_9202634\/true\" target=\"_blank\">Materiales: Estructura interna y propiedades<\/a><\/h4>\n<p><a href=\"http:\/\/agrega.juntadeandalucia.es\/visualizar\/es\/es-an_2010091013_9202634\/true\" target=\"_blank\"><img decoding=\"async\" class=\" size-medium wp-image-2168 alignleft\" src=\"http:\/\/blogsaverroes.juntadeandalucia.es\/ieslajarcia\/files\/2015\/03\/tecnologia02-300x200.jpg\" alt=\"tecnologia02\" width=\"300\" height=\"200\" srcset=\"https:\/\/blogsaverroes.juntadeandalucia.es\/ieslajarcia\/files\/2015\/03\/tecnologia02-300x200.jpg 300w, https:\/\/blogsaverroes.juntadeandalucia.es\/ieslajarcia\/files\/2015\/03\/tecnologia02.jpg 498w\" sizes=\"(max-width: 300px) 100vw, 300px\" \/><\/a><\/p>\n<p>Para satisfacer esa curiosidad que muestra el protagonista de nuestra historia, va a hacer como los detectives de algunas pel\u00edculas: mirar los materiales con su \u00absuper- lupa\u00bb.<br \/>\n\u00bfQu\u00e9 ver\u00e1? \u00bfEstructuras ordenadas, desordenadas?<\/p>\n","protected":false},"excerpt":{"rendered":"<p>L\u00e1minas de dibujo para septiembre a_identificaci\u00f3n vistas b_Vistas completo c_Vistas completo2 d_vistas a caballera e_isometrica f_varios g_cotas sencillas Adem\u00e1s acota, al menos dos figuras de cada l\u00e1mina. Producci\u00f3n de energ\u00eda&#46;&#46;&#46;<\/p>\n","protected":false},"author":1,"featured_media":0,"parent":162,"menu_order":0,"comment_status":"closed","ping_status":"open","template":"template-full-width.php","meta":{"ngg_post_thumbnail":0,"footnotes":"","_mc_calendar":[]},"aioseo_notices":[],"post_mailing_queue_ids":[],"_links":{"self":[{"href":"https:\/\/blogsaverroes.juntadeandalucia.es\/ieslajarcia\/wp-json\/wp\/v2\/pages\/375"}],"collection":[{"href":"https:\/\/blogsaverroes.juntadeandalucia.es\/ieslajarcia\/wp-json\/wp\/v2\/pages"}],"about":[{"href":"https:\/\/blogsaverroes.juntadeandalucia.es\/ieslajarcia\/wp-json\/wp\/v2\/types\/page"}],"author":[{"embeddable":true,"href":"https:\/\/blogsaverroes.juntadeandalucia.es\/ieslajarcia\/wp-json\/wp\/v2\/users\/1"}],"replies":[{"embeddable":true,"href":"https:\/\/blogsaverroes.juntadeandalucia.es\/ieslajarcia\/wp-json\/wp\/v2\/comments?post=375"}],"version-history":[{"count":5,"href":"https:\/\/blogsaverroes.juntadeandalucia.es\/ieslajarcia\/wp-json\/wp\/v2\/pages\/375\/revisions"}],"predecessor-version":[{"id":2962,"href":"https:\/\/blogsaverroes.juntadeandalucia.es\/ieslajarcia\/wp-json\/wp\/v2\/pages\/375\/revisions\/2962"}],"up":[{"embeddable":true,"href":"https:\/\/blogsaverroes.juntadeandalucia.es\/ieslajarcia\/wp-json\/wp\/v2\/pages\/162"}],"wp:attachment":[{"href":"https:\/\/blogsaverroes.juntadeandalucia.es\/ieslajarcia\/wp-json\/wp\/v2\/media?parent=375"}],"curies":[{"name":"wp","href":"https:\/\/api.w.org\/{rel}","templated":true}]}}