{"id":3914,"date":"2021-01-24T17:24:06","date_gmt":"2021-01-24T17:24:06","guid":{"rendered":"http:\/\/blogsaverroes.juntadeandalucia.es\/ieslajarcia\/?page_id=3914"},"modified":"2026-01-29T18:04:57","modified_gmt":"2026-01-29T17:04:57","slug":"presentacion-rel","status":"publish","type":"page","link":"https:\/\/blogsaverroes.juntadeandalucia.es\/ieslajarcia\/presentacion-rel\/","title":{"rendered":"Presentaci\u00f3n Dpto. REL"},"content":{"rendered":"<h3 class=\"western\"><span style=\"color: #0000ff\">Miembros:&nbsp;<\/span><\/h3>\n<table style=\"border-collapse: collapse;width: 100%\">\n<tbody>\n<tr>\n<td style=\"width: 50%\">Fern\u00e1ndez Canca, Mar\u00eda del Carmen<\/td>\n<td style=\"width: 50%\">Jefa de Departamento Religi\u00f3n<\/td>\n<\/tr>\n<\/tbody>\n<\/table>\n<h3 class=\"western\"><a href=\"https:\/\/drive.google.com\/drive\/folders\/130gGdGi4gUBICqplg4Rcv961MAKB9dxC?usp=sharing\"><span style=\"color: #0000ff\">Programaciones.<\/span><\/a><\/h3>\n<h3 class=\"western\"><a href=\"https:\/\/drive.google.com\/drive\/folders\/130gGdGi4gUBICqplg4Rcv961MAKB9dxC?usp=sharing\"><span style=\"color: #0000ff\">Criterios de calificaci\u00f3n e instrumentos de evaluaci\u00f3n.<\/span><\/a><\/h3>\n<h3 class=\"western\"><a href=\"https:\/\/drive.google.com\/drive\/folders\/1xlaOnpHjnLnmpvfHqlr8Sv9TspFizKVr?usp=sharing\"><span style=\"color: #0000ff\">Plan de pendientes.<\/span><\/a><\/h3>\n","protected":false},"excerpt":{"rendered":"<p>Miembros:&nbsp; Fern\u00e1ndez Canca, Mar\u00eda del Carmen Jefa de Departamento Religi\u00f3n Programaciones. Criterios de calificaci\u00f3n e instrumentos de evaluaci\u00f3n. Plan de pendientes.<\/p>\n","protected":false},"author":2045,"featured_media":0,"parent":0,"menu_order":0,"comment_status":"closed","ping_status":"closed","template":"","meta":{"ngg_post_thumbnail":0,"footnotes":"","_mc_calendar":[]},"aioseo_notices":[],"post_mailing_queue_ids":[],"_links":{"self":[{"href":"https:\/\/blogsaverroes.juntadeandalucia.es\/ieslajarcia\/wp-json\/wp\/v2\/pages\/3914"}],"collection":[{"href":"https:\/\/blogsaverroes.juntadeandalucia.es\/ieslajarcia\/wp-json\/wp\/v2\/pages"}],"about":[{"href":"https:\/\/blogsaverroes.juntadeandalucia.es\/ieslajarcia\/wp-json\/wp\/v2\/types\/page"}],"author":[{"embeddable":true,"href":"https:\/\/blogsaverroes.juntadeandalucia.es\/ieslajarcia\/wp-json\/wp\/v2\/users\/2045"}],"replies":[{"embeddable":true,"href":"https:\/\/blogsaverroes.juntadeandalucia.es\/ieslajarcia\/wp-json\/wp\/v2\/comments?post=3914"}],"version-history":[{"count":2,"href":"https:\/\/blogsaverroes.juntadeandalucia.es\/ieslajarcia\/wp-json\/wp\/v2\/pages\/3914\/revisions"}],"predecessor-version":[{"id":8285,"href":"https:\/\/blogsaverroes.juntadeandalucia.es\/ieslajarcia\/wp-json\/wp\/v2\/pages\/3914\/revisions\/8285"}],"wp:attachment":[{"href":"https:\/\/blogsaverroes.juntadeandalucia.es\/ieslajarcia\/wp-json\/wp\/v2\/media?parent=3914"}],"curies":[{"name":"wp","href":"https:\/\/api.w.org\/{rel}","templated":true}]}}