{"id":44,"date":"2015-03-13T08:42:15","date_gmt":"2015-03-13T08:42:15","guid":{"rendered":"http:\/\/blogsaverroes.juntadeandalucia.es\/pre\/ceip\/?page_id=44"},"modified":"2023-11-30T21:43:53","modified_gmt":"2023-11-30T20:43:53","slug":"planes-y-proyectos","status":"publish","type":"page","link":"https:\/\/blogsaverroes.juntadeandalucia.es\/ieslajarcia\/planes-y-proyectos\/","title":{"rendered":"Planes y Programas"},"content":{"rendered":"<p><img decoding=\"async\" class=\"alignnone size-medium wp-image-1667\" src=\"http:\/\/blogsaverroes.juntadeandalucia.es\/ieslajarcia\/files\/2015\/03\/planes-300x150.png\" alt=\"planes\" width=\"300\" height=\"150\" srcset=\"https:\/\/blogsaverroes.juntadeandalucia.es\/ieslajarcia\/files\/2015\/03\/planes-300x150.png 300w, https:\/\/blogsaverroes.juntadeandalucia.es\/ieslajarcia\/files\/2015\/03\/planes.png 640w\" sizes=\"(max-width: 300px) 100vw, 300px\" \/><\/p>\n<p>&nbsp;<\/p>\n<ul>\n<li><strong><span style=\"color: #008000\"><a style=\"color: #008000\" href=\"http:\/\/lajarciabilingue.blogspot.com.es\/\">Proyecto Pluriling\u00fce<\/a><\/span><\/strong><\/li>\n<li><strong><span style=\"color: #008000\"><a style=\"color: #008000\" href=\"http:\/\/coeducajarcia.blogspot.com.es\/\">Coeducaci\u00f3n<\/a><\/span><\/strong><\/li>\n<li><strong><span style=\"color: #008000\"><a style=\"color: #008000\" href=\"http:\/\/blogsaverroes.juntadeandalucia.es\/ieslajarcia\/proa\/\">PROA<\/a><\/span><\/strong><\/li>\n<li><span style=\"text-decoration: underline\"><span style=\"color: #008000;text-decoration: underline\"><strong>Aulas Verdes Abiertas<\/strong><\/span><\/span><\/li>\n<li><span style=\"text-decoration: underline\"><span style=\"color: #008000;text-decoration: underline\"><strong>Programa CIMA<\/strong><\/span><\/span><\/li>\n<li><strong><span style=\"text-decoration: underline\"><span style=\"color: #008000;text-decoration: underline\">Agrupaci\u00f3n de Centros Educativos del Ministerio de Educaci\u00f3n<\/span><\/span><\/strong><\/li>\n<\/ul>\n<p>&nbsp;<\/p>\n","protected":false},"excerpt":{"rendered":"<p>&nbsp; Proyecto Pluriling\u00fce Coeducaci\u00f3n PROA Aulas Verdes Abiertas Programa CIMA Agrupaci\u00f3n de Centros Educativos del Ministerio de Educaci\u00f3n &nbsp;<\/p>\n","protected":false},"author":1,"featured_media":0,"parent":0,"menu_order":0,"comment_status":"closed","ping_status":"closed","template":"","meta":{"ngg_post_thumbnail":0,"footnotes":"","_mc_calendar":[]},"aioseo_notices":[],"post_mailing_queue_ids":[],"_links":{"self":[{"href":"https:\/\/blogsaverroes.juntadeandalucia.es\/ieslajarcia\/wp-json\/wp\/v2\/pages\/44"}],"collection":[{"href":"https:\/\/blogsaverroes.juntadeandalucia.es\/ieslajarcia\/wp-json\/wp\/v2\/pages"}],"about":[{"href":"https:\/\/blogsaverroes.juntadeandalucia.es\/ieslajarcia\/wp-json\/wp\/v2\/types\/page"}],"author":[{"embeddable":true,"href":"https:\/\/blogsaverroes.juntadeandalucia.es\/ieslajarcia\/wp-json\/wp\/v2\/users\/1"}],"replies":[{"embeddable":true,"href":"https:\/\/blogsaverroes.juntadeandalucia.es\/ieslajarcia\/wp-json\/wp\/v2\/comments?post=44"}],"version-history":[{"count":13,"href":"https:\/\/blogsaverroes.juntadeandalucia.es\/ieslajarcia\/wp-json\/wp\/v2\/pages\/44\/revisions"}],"predecessor-version":[{"id":7013,"href":"https:\/\/blogsaverroes.juntadeandalucia.es\/ieslajarcia\/wp-json\/wp\/v2\/pages\/44\/revisions\/7013"}],"wp:attachment":[{"href":"https:\/\/blogsaverroes.juntadeandalucia.es\/ieslajarcia\/wp-json\/wp\/v2\/media?parent=44"}],"curies":[{"name":"wp","href":"https:\/\/api.w.org\/{rel}","templated":true}]}}