{"id":77,"date":"2016-01-16T18:54:56","date_gmt":"2016-01-16T18:54:56","guid":{"rendered":"http:\/\/blogsaverroes.juntadeandalucia.es\/pre\/ceip\/?page_id=77"},"modified":"2023-09-06T19:50:35","modified_gmt":"2023-09-06T17:50:35","slug":"secretaria","status":"publish","type":"page","link":"https:\/\/blogsaverroes.juntadeandalucia.es\/ieslajarcia\/secretaria\/","title":{"rendered":"Secretar\u00eda"},"content":{"rendered":"<div class=\"osc-res-tab tabbable   osc-tabs-left\"><div style=\"clear:both;width: 100%;\"><ul class=\"nav osc-res-nav nav-tabs osc-tabs-left-ul\" id=\"oscitas-restabs-1-secretaria-42047\"><li class=\"active\"><a href=\"#ert_pane1-0\" data-toggle=\"tab\">Horario<\/a><\/li><li class=\"\"><a href=\"#ert_pane1-1\" data-toggle=\"tab\">Personal<\/a><\/li><li class=\"\"><a href=\"#ert_pane1-2\" data-toggle=\"tab\">Alumnado\/Tutores<\/a><\/li><\/ul><\/div><div style=\"clear:both;width: 100%;\"><ul class=\"tab-content\" id=\"oscitas-restabcontent-1-secretaria-42047\"><li class=\"tab-pane active\" id=\"ert_pane1-0\"><p>Horario regular de atenci\u00f3n al p\u00fablico:<br \/>\nDe Lunes a Viernes de 08:30 a 10:30 (Con cita previa<a href=\"https:\/\/calendly.com\/citapreviaieslajarcia\/gestion-administrativa?month=2020-10\"> aqu\u00ed<\/a>)<\/p>\n<p>Horario en periodo de matriculaci\u00f3n:<br \/>\nD\u00edas laborables del 1 al 10 de julio de 9:00 a 12:00<\/p>\n<p>Para contactar:<\/p>\n<p><strong>Telf:<\/strong> <span style=\"font-family: arial\">956243509 (Corporativo <span style=\"color: #993300\">490509<\/span>)<\/span><br \/>\n<strong>Fax: <\/strong><span style=\"font-family: arial\">956243515 (Corporativo <span style=\"color: #990000\">490515<\/span>)<\/span><br \/>\n<strong>Correo-e: <a>11700718.administracion@g.educaand.es<\/a><\/strong><br \/><\/li><li class=\"tab-pane \" id=\"ert_pane1-1\"><div class=\"blog-posts hfeed\">\n<div class=\"date-outer\">\n<div class=\"date-posts\">\n<div class=\"post-outer\">\n<div class=\"post hentry uncustomized-post-template\">\n<div id=\"post-body-8368425560853362809\" class=\"post-body entry-content\">\n<p><strong><u>Permisos y Licencias<\/u><\/strong><\/p>\n<ul>\n<li><a href=\"http:\/\/blogsaverroes.juntadeandalucia.es\/ieslajarcia\/files\/2016\/01\/Secretaria_Normativa_permisos_y_liciencias.pdf\">Circular del 06\/02\/2013<\/a><\/li>\n<li><u><a href=\"http:\/\/blogsaverroes.juntadeandalucia.es\/ieslajarcia\/files\/2016\/01\/Secretaria_Aclaraciones_circular_06_02_13.pdf\">Aclaraciones de la Circular del 06\/02\/2013<\/a><\/u><\/li>\n<li><a href=\"https:\/\/blogsaverroes.juntadeandalucia.es\/ieslajarcia\/files\/2022\/08\/Anexo-permisos-y-licencias.pdf\">Anexo permisos y licencias<\/a> (rellenable)<\/li>\n<li><a href=\"http:\/\/blogsaverroes.juntadeandalucia.es\/ieslajarcia\/files\/2016\/01\/Secretaria_Justificante_interno_-de_-ausencia.pdf\">Justificante interno de ausencia<\/a><\/li>\n<li><a href=\"http:\/\/blogsaverroes.juntadeandalucia.es\/ieslajarcia\/files\/2016\/01\/Secretaria_Grados_de_parentesco_permisos_y_licencias.pdf\">Grados de parentesco<\/a><\/li>\n<\/ul>\n<div>&nbsp;<\/div>\n<\/div>\n<div class=\"post-footer\">&nbsp;<\/div>\n<\/div>\n<div id=\"comments\" class=\"comments\">\n<p><a name=\"comments\"><\/a><\/p>\n<div id=\"backlinks-container\">&nbsp;<\/div>\n<\/div>\n<\/div>\n<\/div>\n<\/div>\n<\/div>\n<p>&nbsp;<\/p><\/li><li class=\"tab-pane \" id=\"ert_pane1-2\"><p><b>Admisi\u00f3n y matriculaci\u00f3n<\/b><\/p>\n<p>Admisi\u00f3n 2023-2024<\/p>\n<p><strong>La Consejer\u00eda de Educaci\u00f3n convoca el procedimiento de admisi\u00f3n del alumnado en los centros docentes p\u00fablicos y privados concertados para cursar las ense\u00f1anzas de segundo ciclo de educaci\u00f3n infantil, educaci\u00f3n primaria, educaci\u00f3n especial, educaci\u00f3n secundaria obligatoria y bachillerato para el curso escolar 2023\/24. <\/strong><\/p>\n<p><a href=\"http:\/\/www.juntadeandalucia.es\/educacion\/portals\/web\/escolarizacion\/\" target=\"_blank\" rel=\"noopener noreferrer\"><strong>Portal de Escolarizaci\u00f3n.<\/strong><\/a><\/p>\n<p><a href=\"https:\/\/www.juntadeandalucia.es\/educacion\/portales\/web\/escolarizacion\/personas-adultas\/calendario?p_l_back_url=%2Feducacion%2Fportales%2Fweb%2Fescolarizacion%2Fsearch%3Fq%3Dcalendario\" target=\"_blank\" rel=\"noopener noreferrer\">Calendario Escolarizaci\u00f3n.<\/a><\/p>\n<ul>\n<li><a href=\"https:\/\/www.juntadeandalucia.es\/educacion\/portales\/web\/escolarizacion\/infantil-a-bachillerato\/normativa\" target=\"_blank\" rel=\"noopener noreferrer\">Decretos, \u00d3rdenes, Instrucciones y&nbsp; resoluciones: escolarizaci\u00f3n 2023\/2024<\/a><\/li>\n<\/ul>\n<p><b>Seguro Escolar<\/b><\/p>\n<ul>\n<li><a href=\"http:\/\/www.seg-social.es\/Internet_1\/Trabajadores\/PrestacionesPension10935\/PrestacionesdelSegu28622\/index.htm?ID=28622\">Versi\u00f3n simplificada de tr\u00e1mites y gestiones<\/a><\/li>\n<li><a href=\"http:\/\/www.seg-social.es\/Internet_1\/Trabajadores\/PrestacionesPension10935\/PrestacionesdelSegu28622\/index.htm?ID=28622\">Prestaciones<\/a><\/li>\n<li><a href=\"http:\/\/www.juntadeandalucia.es\/averroes\/loscampanales\/equipodirectivo\/RESOLUCION%20DE%2025%20DE%20OCTUBRE%20DE%202001.pdf\">Responsabilidad Patrimonial de la Administraci\u00f3n Educativa<\/a><\/li>\n<\/ul>\n<div>&nbsp;<\/div>\n<div><b>Becas y ayudas<\/b><\/div>\n<div>\n<ul>\n<li><u><a href=\"http:\/\/www.juntadeandalucia.es\/educacion\/webportal\/web\/becas-y-ayudas\">Becas y ayudas<\/a><\/u><\/li>\n<\/ul>\n<\/div><\/li><\/ul><\/div><\/div>\n","protected":false},"excerpt":{"rendered":"","protected":false},"author":1,"featured_media":0,"parent":0,"menu_order":0,"comment_status":"closed","ping_status":"closed","template":"","meta":{"ngg_post_thumbnail":0,"footnotes":"","_mc_calendar":[]},"aioseo_notices":[],"post_mailing_queue_ids":[],"_links":{"self":[{"href":"https:\/\/blogsaverroes.juntadeandalucia.es\/ieslajarcia\/wp-json\/wp\/v2\/pages\/77"}],"collection":[{"href":"https:\/\/blogsaverroes.juntadeandalucia.es\/ieslajarcia\/wp-json\/wp\/v2\/pages"}],"about":[{"href":"https:\/\/blogsaverroes.juntadeandalucia.es\/ieslajarcia\/wp-json\/wp\/v2\/types\/page"}],"author":[{"embeddable":true,"href":"https:\/\/blogsaverroes.juntadeandalucia.es\/ieslajarcia\/wp-json\/wp\/v2\/users\/1"}],"replies":[{"embeddable":true,"href":"https:\/\/blogsaverroes.juntadeandalucia.es\/ieslajarcia\/wp-json\/wp\/v2\/comments?post=77"}],"version-history":[{"count":35,"href":"https:\/\/blogsaverroes.juntadeandalucia.es\/ieslajarcia\/wp-json\/wp\/v2\/pages\/77\/revisions"}],"predecessor-version":[{"id":6756,"href":"https:\/\/blogsaverroes.juntadeandalucia.es\/ieslajarcia\/wp-json\/wp\/v2\/pages\/77\/revisions\/6756"}],"wp:attachment":[{"href":"https:\/\/blogsaverroes.juntadeandalucia.es\/ieslajarcia\/wp-json\/wp\/v2\/media?parent=77"}],"curies":[{"name":"wp","href":"https:\/\/api.w.org\/{rel}","templated":true}]}}