{"id":150,"date":"2015-03-17T07:48:04","date_gmt":"2015-03-17T07:48:04","guid":{"rendered":"http:\/\/blogsaverroes.juntadeandalucia.es\/pre\/ceip\/?page_id=150"},"modified":"2022-09-17T14:24:11","modified_gmt":"2022-09-17T12:24:11","slug":"filosofia","status":"publish","type":"page","link":"https:\/\/blogsaverroes.juntadeandalucia.es\/ieslalaguna\/filosofia\/","title":{"rendered":"Franc\u00e9s"},"content":{"rendered":"<p><img loading=\"lazy\" decoding=\"async\" class=\"aligncenter size-medium wp-image-2099\" src=\"http:\/\/blogsaverroes.juntadeandalucia.es\/ieslalaguna\/files\/2015\/03\/frances-300x160.jpg\" alt=\"frances\" width=\"300\" height=\"160\" srcset=\"https:\/\/blogsaverroes.juntadeandalucia.es\/ieslalaguna\/files\/2015\/03\/frances-300x160.jpg 300w, https:\/\/blogsaverroes.juntadeandalucia.es\/ieslalaguna\/files\/2015\/03\/frances.jpg 640w\" sizes=\"(max-width: 300px) 100vw, 300px\" \/><\/p>\n<table>\n<tbody>\n<tr>\n<td>Profesorado<\/td>\n<td>Materias propias del departamento.<\/td>\n<\/tr>\n<tr>\n<td>D\u00aa. Mar\u00eda Jos\u00e9 Castillo Fern\u00e1ndez.<\/p>\n<p>D. Domingo Cort\u00e9s Vicente.<\/p>\n<p>D\u00aa. Ana Garc\u00eda Garc\u00eda.&nbsp;&nbsp;<\/td>\n<td>2\u00aa Lengua Extranjera-Franc\u00e9s. (1\u00ba, 2\u00ba, 3\u00ba 4\u00ba ESO).<\/p>\n<p>2\u00aa Lengua Extranjera-Franc\u00e9s. (1\u00ba, 2\u00ba Bachillerato).<\/p>\n<p>Franc\u00e9s. Preparaci\u00f3n B1. (2\u00ba Bachillerato).<\/td>\n<\/tr>\n<\/tbody>\n<\/table>\n<p><strong><span style=\"font-family: sans-serif\"><span style=\"font-size: medium\">Segunda Lengua Extranjera <\/span><\/span><\/strong><\/p>\n<p><span style=\"font-family: sans-serif\"><span style=\"font-size: medium\">El pluriling\u00fcismo es una de las se\u00f1as de identidad de la ciudadan\u00eda en una Europa multiling\u00fce y multicultural, cuya diversidad no debe suponer un obst\u00e1culo a la movilidad y la cooperaci\u00f3n sino constituir una fuente de riqueza personal, social y cultural y un factor de progreso. A este fin, el Consejo Europeo reunido en Barcelona en 2002 recoge entre sus conclusiones la necesidad de coordinar esfuerzos en pos de una econom\u00eda competitiva basada en el conocimiento, e insta a los Estados miembros de la Uni\u00f3n Europea a desarrollar acciones educativas conducentes a la mejora del dominio de las competencias clave, en particular mediante la ense\u00f1anza de al menos dos lenguas extranjeras desde una edad muy temprana. <\/span><\/span><\/p>\n","protected":false},"excerpt":{"rendered":"<p>Profesorado Materias propias del departamento. D\u00aa. Mar\u00eda Jos\u00e9 Castillo Fern\u00e1ndez. D. Domingo Cort\u00e9s Vicente. D\u00aa. Ana Garc\u00eda Garc\u00eda.&nbsp;&nbsp; 2\u00aa Lengua Extranjera-Franc\u00e9s. (1\u00ba, 2\u00ba, 3\u00ba 4\u00ba ESO). 2\u00aa Lengua Extranjera-Franc\u00e9s. (1\u00ba, 2\u00ba Bachillerato). Franc\u00e9s. Preparaci\u00f3n&#46;&#46;&#46;<\/p>\n","protected":false},"author":1,"featured_media":0,"parent":0,"menu_order":0,"comment_status":"closed","ping_status":"open","template":"","meta":{"ngg_post_thumbnail":0,"footnotes":"","_mc_calendar":[]},"aioseo_notices":[],"post_mailing_queue_ids":[],"_links":{"self":[{"href":"https:\/\/blogsaverroes.juntadeandalucia.es\/ieslalaguna\/wp-json\/wp\/v2\/pages\/150"}],"collection":[{"href":"https:\/\/blogsaverroes.juntadeandalucia.es\/ieslalaguna\/wp-json\/wp\/v2\/pages"}],"about":[{"href":"https:\/\/blogsaverroes.juntadeandalucia.es\/ieslalaguna\/wp-json\/wp\/v2\/types\/page"}],"author":[{"embeddable":true,"href":"https:\/\/blogsaverroes.juntadeandalucia.es\/ieslalaguna\/wp-json\/wp\/v2\/users\/1"}],"replies":[{"embeddable":true,"href":"https:\/\/blogsaverroes.juntadeandalucia.es\/ieslalaguna\/wp-json\/wp\/v2\/comments?post=150"}],"version-history":[{"count":9,"href":"https:\/\/blogsaverroes.juntadeandalucia.es\/ieslalaguna\/wp-json\/wp\/v2\/pages\/150\/revisions"}],"predecessor-version":[{"id":3718,"href":"https:\/\/blogsaverroes.juntadeandalucia.es\/ieslalaguna\/wp-json\/wp\/v2\/pages\/150\/revisions\/3718"}],"wp:attachment":[{"href":"https:\/\/blogsaverroes.juntadeandalucia.es\/ieslalaguna\/wp-json\/wp\/v2\/media?parent=150"}],"curies":[{"name":"wp","href":"https:\/\/api.w.org\/{rel}","templated":true}]}}