{"id":155,"date":"2015-03-17T07:49:21","date_gmt":"2015-03-17T07:49:21","guid":{"rendered":"http:\/\/blogsaverroes.juntadeandalucia.es\/pre\/ceip\/?page_id=155"},"modified":"2022-09-17T14:30:50","modified_gmt":"2022-09-17T12:30:50","slug":"ingles","status":"publish","type":"page","link":"https:\/\/blogsaverroes.juntadeandalucia.es\/ieslalaguna\/ingles\/","title":{"rendered":"Lengua Castellana"},"content":{"rendered":"<p><img loading=\"lazy\" decoding=\"async\" class=\"aligncenter size-medium wp-image-2126\" src=\"http:\/\/blogsaverroes.juntadeandalucia.es\/ieslalaguna\/files\/2015\/03\/lengua-300x200.jpg\" alt=\"lengua\" width=\"300\" height=\"200\" srcset=\"https:\/\/blogsaverroes.juntadeandalucia.es\/ieslalaguna\/files\/2015\/03\/lengua-300x200.jpg 300w, https:\/\/blogsaverroes.juntadeandalucia.es\/ieslalaguna\/files\/2015\/03\/lengua.jpg 640w\" sizes=\"(max-width: 300px) 100vw, 300px\" \/><\/p>\n<table>\n<tbody>\n<tr>\n<td>Profesorado<\/td>\n<td>Materias propias del departamento.<\/td>\n<\/tr>\n<tr>\n<td>D. Manuel \u00c1lvarez Flores.<\/p>\n<p>D\u00aa. Alba Mar\u00eda Fern\u00e1ndez Gonz\u00e1lez.<\/p>\n<p>D\u00aa. Mar\u00eda Socorro Guti\u00e9rrez Soto.<\/p>\n<p>D\u00aa. Leticia Mateos Asenjo.<\/p>\n<p>D\u00aa. Herminia Reyes Osuna.<\/p>\n<p>D\u00aa. M\u00f3nica Romero Garc\u00eda.<\/p>\n<p>D\u00aa. Pilar Salinas Espinar.<\/td>\n<td>Lengua Castellana y Literatura (1\u00ba,2\u00ba,3\u00ba,4\u00ba ESO).<\/p>\n<p>Lengua Castellana y Literatura (1\u00ba, 2\u00ba Bachillerato).<\/p>\n<p>Literatura Universal (1\u00ba Bachillerato).<\/td>\n<\/tr>\n<\/tbody>\n<\/table>\n<p><strong><span style=\"font-family: sans-serif\"><span style=\"font-size: medium\">Lengua Castellana y Literatura <\/span><\/span><\/strong><\/p>\n<p><span style=\"font-family: sans-serif\"><span style=\"font-size: medium\">La materia Lengua Castellana y Literatura tiene como objetivo el desarrollo de la competencia comunicativa del alumnado, entendida en todas sus vertientes: pragm\u00e1tica, ling\u00fc\u00edstica, socioling\u00fc\u00edstica y literaria. Debe tambi\u00e9n aportar las herramientas y los conocimientos necesarios para desenvolverse satisfactoriamente en cualquier situaci\u00f3n comunicativa de la vida familiar, social y profesional. Esos conocimientos son los que articulan los procesos de comprensi\u00f3n y expresi\u00f3n oral por un lado, y de comprensi\u00f3n y expresi\u00f3n escrita por otro. La estructuraci\u00f3n del pensamiento del ser humano se hace a trav\u00e9s del lenguaje, de ah\u00ed que esa capacidad de comprender y de expresarse sea el mejor y el m\u00e1s eficaz instrumento de aprendizaje.<\/span><\/span><\/p>\n","protected":false},"excerpt":{"rendered":"<p>Profesorado Materias propias del departamento. D. Manuel \u00c1lvarez Flores. D\u00aa. Alba Mar\u00eda Fern\u00e1ndez Gonz\u00e1lez. D\u00aa. Mar\u00eda Socorro Guti\u00e9rrez Soto. D\u00aa. Leticia Mateos Asenjo. D\u00aa. Herminia Reyes Osuna. D\u00aa. M\u00f3nica Romero Garc\u00eda. D\u00aa. Pilar Salinas&#46;&#46;&#46;<\/p>\n","protected":false},"author":1,"featured_media":0,"parent":0,"menu_order":0,"comment_status":"closed","ping_status":"open","template":"","meta":{"ngg_post_thumbnail":0,"footnotes":"","_mc_calendar":[]},"aioseo_notices":[],"post_mailing_queue_ids":[],"_links":{"self":[{"href":"https:\/\/blogsaverroes.juntadeandalucia.es\/ieslalaguna\/wp-json\/wp\/v2\/pages\/155"}],"collection":[{"href":"https:\/\/blogsaverroes.juntadeandalucia.es\/ieslalaguna\/wp-json\/wp\/v2\/pages"}],"about":[{"href":"https:\/\/blogsaverroes.juntadeandalucia.es\/ieslalaguna\/wp-json\/wp\/v2\/types\/page"}],"author":[{"embeddable":true,"href":"https:\/\/blogsaverroes.juntadeandalucia.es\/ieslalaguna\/wp-json\/wp\/v2\/users\/1"}],"replies":[{"embeddable":true,"href":"https:\/\/blogsaverroes.juntadeandalucia.es\/ieslalaguna\/wp-json\/wp\/v2\/comments?post=155"}],"version-history":[{"count":7,"href":"https:\/\/blogsaverroes.juntadeandalucia.es\/ieslalaguna\/wp-json\/wp\/v2\/pages\/155\/revisions"}],"predecessor-version":[{"id":3721,"href":"https:\/\/blogsaverroes.juntadeandalucia.es\/ieslalaguna\/wp-json\/wp\/v2\/pages\/155\/revisions\/3721"}],"wp:attachment":[{"href":"https:\/\/blogsaverroes.juntadeandalucia.es\/ieslalaguna\/wp-json\/wp\/v2\/media?parent=155"}],"curies":[{"name":"wp","href":"https:\/\/api.w.org\/{rel}","templated":true}]}}