{"id":168,"date":"2015-03-17T07:54:01","date_gmt":"2015-03-17T07:54:01","guid":{"rendered":"http:\/\/blogsaverroes.juntadeandalucia.es\/pre\/ceip\/?page_id=168"},"modified":"2022-09-17T14:23:19","modified_gmt":"2022-09-17T12:23:19","slug":"filosofia-2","status":"publish","type":"page","link":"https:\/\/blogsaverroes.juntadeandalucia.es\/ieslalaguna\/filosofia-2\/","title":{"rendered":"Filosof\u00eda"},"content":{"rendered":"<p><img loading=\"lazy\" decoding=\"async\" class=\"aligncenter size-medium wp-image-2068\" src=\"http:\/\/blogsaverroes.juntadeandalucia.es\/ieslalaguna\/files\/2015\/03\/filosofia-199x300.jpg\" alt=\"filosofia\" width=\"199\" height=\"300\" srcset=\"https:\/\/blogsaverroes.juntadeandalucia.es\/ieslalaguna\/files\/2015\/03\/filosofia-199x300.jpg 199w, https:\/\/blogsaverroes.juntadeandalucia.es\/ieslalaguna\/files\/2015\/03\/filosofia-680x1024.jpg 680w, https:\/\/blogsaverroes.juntadeandalucia.es\/ieslalaguna\/files\/2015\/03\/filosofia.jpg 1412w\" sizes=\"(max-width: 199px) 100vw, 199px\" \/><\/p>\n<table>\n<tbody>\n<tr>\n<td>Profesorado<\/td>\n<td>Materias propias.<\/td>\n<\/tr>\n<tr>\n<td><span style=\"font-family: inherit;font-size: inherit\">D\u00aa Ana Dolores Almendros Sabio.&nbsp;<\/span><\/td>\n<td>Filosof\u00eda (4\u00ba ESO).<\/p>\n<p>Filosof\u00eda (1\u00ba Bachillerato).<\/p>\n<p>Historia de la Filosof\u00eda (2\u00ba Bachillerato).<\/td>\n<\/tr>\n<\/tbody>\n<\/table>\n<p><strong><span style=\"font-family: sans-serif\"><span style=\"font-size: medium\">Filosof\u00eda <\/span><\/span><\/strong><\/p>\n<p><span style=\"font-family: sans-serif\"><span style=\"font-size: medium\">La materia Filosof\u00eda persigue que el alumnado sea capaz de pensar y comprender, abstray\u00e9ndose racionalmente del campo concreto estudiado en cada una de las otras materias, para centrarse en aquello que caracteriza espec\u00edficamente a la filosof\u00eda, esto es, reflexionar, razonar, criticar y argumentar, utilizando el modo de preguntar radical y \u00faltimo que le es propio, sobre los problemas referidos a la totalidad de la vivencia humana, y ello sin dejar de lado su capacidad de transformaci\u00f3n y cambio tanto del individuo como de la sociedad. <\/span><\/span><\/p>\n<p><span style=\"font-family: sans-serif\"><span style=\"font-size: medium\">La Filosof\u00eda es un modo especial de preguntar y de saber, una manera de entender y de enfrentarse a la realidad que nos rodea, a las circunstancias en las que vivimos y que, en gran medida, nos hacen ser y comprender como somos. <\/span><\/span><\/p>\n","protected":false},"excerpt":{"rendered":"<p>Profesorado Materias propias. D\u00aa Ana Dolores Almendros Sabio.&nbsp; Filosof\u00eda (4\u00ba ESO). Filosof\u00eda (1\u00ba Bachillerato). Historia de la Filosof\u00eda (2\u00ba Bachillerato). Filosof\u00eda La materia Filosof\u00eda persigue que el alumnado sea capaz de pensar y comprender,&#46;&#46;&#46;<\/p>\n","protected":false},"author":1,"featured_media":0,"parent":0,"menu_order":0,"comment_status":"closed","ping_status":"open","template":"","meta":{"ngg_post_thumbnail":0,"footnotes":"","_mc_calendar":[]},"aioseo_notices":[],"post_mailing_queue_ids":[],"_links":{"self":[{"href":"https:\/\/blogsaverroes.juntadeandalucia.es\/ieslalaguna\/wp-json\/wp\/v2\/pages\/168"}],"collection":[{"href":"https:\/\/blogsaverroes.juntadeandalucia.es\/ieslalaguna\/wp-json\/wp\/v2\/pages"}],"about":[{"href":"https:\/\/blogsaverroes.juntadeandalucia.es\/ieslalaguna\/wp-json\/wp\/v2\/types\/page"}],"author":[{"embeddable":true,"href":"https:\/\/blogsaverroes.juntadeandalucia.es\/ieslalaguna\/wp-json\/wp\/v2\/users\/1"}],"replies":[{"embeddable":true,"href":"https:\/\/blogsaverroes.juntadeandalucia.es\/ieslalaguna\/wp-json\/wp\/v2\/comments?post=168"}],"version-history":[{"count":8,"href":"https:\/\/blogsaverroes.juntadeandalucia.es\/ieslalaguna\/wp-json\/wp\/v2\/pages\/168\/revisions"}],"predecessor-version":[{"id":3716,"href":"https:\/\/blogsaverroes.juntadeandalucia.es\/ieslalaguna\/wp-json\/wp\/v2\/pages\/168\/revisions\/3716"}],"wp:attachment":[{"href":"https:\/\/blogsaverroes.juntadeandalucia.es\/ieslalaguna\/wp-json\/wp\/v2\/media?parent=168"}],"curies":[{"name":"wp","href":"https:\/\/api.w.org\/{rel}","templated":true}]}}