{"id":2439,"date":"2019-08-09T21:12:32","date_gmt":"2019-08-09T19:12:32","guid":{"rendered":"https:\/\/blogsaverroes.juntadeandalucia.es\/ieslalaguna\/?page_id=2439"},"modified":"2022-10-18T12:06:16","modified_gmt":"2022-10-18T10:06:16","slug":"informatica","status":"publish","type":"page","link":"https:\/\/blogsaverroes.juntadeandalucia.es\/ieslalaguna\/informatica\/","title":{"rendered":"Inform\u00e1tica."},"content":{"rendered":"<p><a href=\"https:\/\/blogsaverroes.juntadeandalucia.es\/ieslalaguna\/prog_informatica_2122\/\">Programaci\u00f3n del departamento de Inform\u00e1tica.<\/a><\/p>\n<table>\n<tbody>\n<tr>\n<td>Profesorado<\/td>\n<td>Materias propias del departamento<\/td>\n<\/tr>\n<tr>\n<td>D. Isidro P\u00e9rez Zaragoza.<\/td>\n<td>Computaci\u00f3n y Rob\u00f3tica (1\u00ba, 3\u00ba ESO ).<\/p>\n<p>Tecnolog\u00edas de la informaci\u00f3n y la comunicaci\u00f3n (4\u00ba ESO)<\/p>\n<p>Tecnolog\u00edas de la informaci\u00f3n y la comunicaci\u00f3n (1\u00ba,2\u00ba Bachillerato)<\/p>\n<p><a href=\"https:\/\/blogsaverroes.juntadeandalucia.es\/ieslalaguna\/files\/2022\/10\/1_Robotica_criterios_calificacion.docx\">1_Computaci\u00f3n y Robotica_criterios_evaluaci\u00f3n<\/a><\/p>\n<p>&nbsp;<\/p>\n<p>Nota: Los criterios de evaluaci\u00f3n de T.I.C. se encuentran incluidos en el apartado programaci\u00f3n.<\/td>\n<\/tr>\n<\/tbody>\n<\/table>\n","protected":false},"excerpt":{"rendered":"<p>Programaci\u00f3n del departamento de Inform\u00e1tica. Profesorado Materias propias del departamento D. Isidro P\u00e9rez Zaragoza. Computaci\u00f3n y Rob\u00f3tica (1\u00ba, 3\u00ba ESO ). Tecnolog\u00edas de la informaci\u00f3n y la comunicaci\u00f3n (4\u00ba ESO) Tecnolog\u00edas de la informaci\u00f3n&#46;&#46;&#46;<\/p>\n","protected":false},"author":3084,"featured_media":0,"parent":0,"menu_order":0,"comment_status":"closed","ping_status":"closed","template":"","meta":{"ngg_post_thumbnail":0,"footnotes":"","_mc_calendar":[]},"aioseo_notices":[],"post_mailing_queue_ids":[],"_links":{"self":[{"href":"https:\/\/blogsaverroes.juntadeandalucia.es\/ieslalaguna\/wp-json\/wp\/v2\/pages\/2439"}],"collection":[{"href":"https:\/\/blogsaverroes.juntadeandalucia.es\/ieslalaguna\/wp-json\/wp\/v2\/pages"}],"about":[{"href":"https:\/\/blogsaverroes.juntadeandalucia.es\/ieslalaguna\/wp-json\/wp\/v2\/types\/page"}],"author":[{"embeddable":true,"href":"https:\/\/blogsaverroes.juntadeandalucia.es\/ieslalaguna\/wp-json\/wp\/v2\/users\/3084"}],"replies":[{"embeddable":true,"href":"https:\/\/blogsaverroes.juntadeandalucia.es\/ieslalaguna\/wp-json\/wp\/v2\/comments?post=2439"}],"version-history":[{"count":8,"href":"https:\/\/blogsaverroes.juntadeandalucia.es\/ieslalaguna\/wp-json\/wp\/v2\/pages\/2439\/revisions"}],"predecessor-version":[{"id":3729,"href":"https:\/\/blogsaverroes.juntadeandalucia.es\/ieslalaguna\/wp-json\/wp\/v2\/pages\/2439\/revisions\/3729"}],"wp:attachment":[{"href":"https:\/\/blogsaverroes.juntadeandalucia.es\/ieslalaguna\/wp-json\/wp\/v2\/media?parent=2439"}],"curies":[{"name":"wp","href":"https:\/\/api.w.org\/{rel}","templated":true}]}}