{"id":2739,"date":"2019-12-06T21:13:18","date_gmt":"2019-12-06T20:13:18","guid":{"rendered":"https:\/\/blogsaverroes.juntadeandalucia.es\/ieslalaguna\/?page_id=2739"},"modified":"2019-12-06T21:16:45","modified_gmt":"2019-12-06T20:16:45","slug":"los-simbolos-de-los-elementos","status":"publish","type":"page","link":"https:\/\/blogsaverroes.juntadeandalucia.es\/ieslalaguna\/fisica-y-quimica\/los-simbolos-de-los-elementos\/","title":{"rendered":"Los s\u00edmbolos de los elementos&#8230;"},"content":{"rendered":"<p>La Ciencia es universal, y su lenguaje tambi\u00e9n tiene que serlo. Un cient\u00edfico comparte su trabajo con otros&#8230;que puede que est\u00e9n en otro extremo del mundo.<\/p>\n<p>Nos tenemos que poner de acuerdo en emplear el mismo lenguaje para que todos podamos entenderlo.<\/p>\n<p>En la Tierra hay m\u00e1s de 100 elementos qu\u00edmicos, de ellos 91 existen en el medio natural (algunos en muy peque\u00f1a cantidad), los restantes han sido creados en la Tierra de forma artificial, aunque no podemos descartar que existan en otros lugares del Universo.<\/p>\n<p>A cada elemento qu\u00edmico se le ha dado un s\u00edmbolo, que es el mismo en todos los idiomas, una forma de representarlos es en una tabla muy famosa: la tabla Peri\u00f3dica.&nbsp;<\/p>\n<p>Puede ver tablas muy completas en diversos sitios de Internet, aqu\u00ed puede ver una muy completa:<\/p>\n<p><a href=\"https:\/\/ptable.com\/\"><img decoding=\"async\" class=\"aligncenter\" src=\"https:\/\/blogsaverroes.juntadeandalucia.es\/ieslalaguna\/files\/2019\/12\/tablaperiodica.png\" alt=\"\"\/><\/a><\/p>\n<p>En Internet tambi\u00e9n podemos encontrar recursos, uno de ellos es la p\u00e1gina del profesor Carlos Alonso:&nbsp; <a href=\"http:\/\/www.alonsoformula.com\/index.htm\">alonso f\u00f3rmula<\/a>.<\/p>\n<p>En esta p\u00e1gina podemos hacer tests y juegos para ir aprendiendo a formular casi sin darnos cuenta. Por ejemplo, trate de completar<a href=\"http:\/\/www.alonsoformula.com\/inorganica\/substancias_simples.htm\"> este ejercicio<\/a>.<\/p>\n<p>&nbsp;<\/p>\n","protected":false},"excerpt":{"rendered":"<p>La Ciencia es universal, y su lenguaje tambi\u00e9n tiene que serlo. Un cient\u00edfico comparte su trabajo con otros&#8230;que puede que est\u00e9n en otro extremo del mundo. Nos tenemos que poner de acuerdo en emplear&#46;&#46;&#46;<\/p>\n","protected":false},"author":3084,"featured_media":0,"parent":172,"menu_order":0,"comment_status":"closed","ping_status":"closed","template":"","meta":{"ngg_post_thumbnail":0,"footnotes":"","_mc_calendar":[]},"aioseo_notices":[],"post_mailing_queue_ids":[],"_links":{"self":[{"href":"https:\/\/blogsaverroes.juntadeandalucia.es\/ieslalaguna\/wp-json\/wp\/v2\/pages\/2739"}],"collection":[{"href":"https:\/\/blogsaverroes.juntadeandalucia.es\/ieslalaguna\/wp-json\/wp\/v2\/pages"}],"about":[{"href":"https:\/\/blogsaverroes.juntadeandalucia.es\/ieslalaguna\/wp-json\/wp\/v2\/types\/page"}],"author":[{"embeddable":true,"href":"https:\/\/blogsaverroes.juntadeandalucia.es\/ieslalaguna\/wp-json\/wp\/v2\/users\/3084"}],"replies":[{"embeddable":true,"href":"https:\/\/blogsaverroes.juntadeandalucia.es\/ieslalaguna\/wp-json\/wp\/v2\/comments?post=2739"}],"version-history":[{"count":3,"href":"https:\/\/blogsaverroes.juntadeandalucia.es\/ieslalaguna\/wp-json\/wp\/v2\/pages\/2739\/revisions"}],"predecessor-version":[{"id":2743,"href":"https:\/\/blogsaverroes.juntadeandalucia.es\/ieslalaguna\/wp-json\/wp\/v2\/pages\/2739\/revisions\/2743"}],"up":[{"embeddable":true,"href":"https:\/\/blogsaverroes.juntadeandalucia.es\/ieslalaguna\/wp-json\/wp\/v2\/pages\/172"}],"wp:attachment":[{"href":"https:\/\/blogsaverroes.juntadeandalucia.es\/ieslalaguna\/wp-json\/wp\/v2\/media?parent=2739"}],"curies":[{"name":"wp","href":"https:\/\/api.w.org\/{rel}","templated":true}]}}