{"id":35,"date":"2015-03-13T08:21:43","date_gmt":"2015-03-13T08:21:43","guid":{"rendered":"http:\/\/blogsaverroes.juntadeandalucia.es\/pre\/ceip\/?page_id=35"},"modified":"2019-11-20T21:52:46","modified_gmt":"2019-11-20T20:52:46","slug":"contacto","status":"publish","type":"page","link":"https:\/\/blogsaverroes.juntadeandalucia.es\/ieslalaguna\/contacto\/","title":{"rendered":"Contacto &#8211; Datos del centro."},"content":{"rendered":"<p>[googlemaps https:\/\/www.google.com\/maps\/embed?pb=!1m18!1m12!1m3!1d3185.3474715350567!2d-3.6347996727866727!3d37.02536064714157!2m3!1f0!2f0!3f0!3m2!1i1024!2i768!4f13.1!3m3!1m2!1s0xd71f11cfdf12637%3A0xe33f8251d2b124c3!2sCalle+Vicente+Aleixandre%2C+18640+Padul%2C+Granada!5e0!3m2!1ses!2ses!4v1477307966806&amp;w=600&amp;h=450]<\/p>\n<h4><strong>Datos de contacto<\/strong><\/h4>\n<p>I.E.S. La Laguna &#8211; Padul.<\/p>\n<p><strong>Direcci\u00f3n:<\/strong> &nbsp;Calle Vicente Aleixandre&nbsp;s\/n. 18640 &#8211; Padul &#8211;&nbsp;&nbsp;Granada<\/p>\n<p><strong>Tel\u00e9fono: 958 779 955&nbsp; &nbsp;&#8211;&nbsp; Fax:&nbsp; 958 779 952<\/strong><\/p>\n<p><strong>Email:<\/strong>&nbsp;18700724.edu@juntadeandalucia.es &nbsp;\/ &nbsp;info@ieslalaguna.es<\/p>\n<h4><strong>Horarios<\/strong><\/h4>\n<p>Horario de clases: &nbsp;Lunes a Viernes. De 08:15 a 14:45.<\/p>\n<h4><strong>Oferta educativa<\/strong><\/h4>\n<p>Educaci\u00f3n Secundaria Obligatoria.<\/p>\n<p>Bachillerato. (Modalidades: Ciencias, Ciencias Sociales, Humanidades).<\/p>\n<p>Formaci\u00f3n Profesional B\u00e1sica. (T\u00edtulo Profesional B\u00e1sico en Actividades Dom\u00e9sticas y Limpieza de Edificios).<\/p>\n<h4><strong>Instalaciones<\/strong><\/h4>\n<p>ngg_shortcode_0_placeholderUn edificio principal de cuatro plantas.<\/p>\n<p>Pistas deportivas.<\/p>\n<p>Gimnasio cubierto.<\/p>\n<p>&nbsp;<\/p>\n","protected":false},"excerpt":{"rendered":"<p>[googlemaps https:\/\/www.google.com\/maps\/embed?pb=!1m18!1m12!1m3!1d3185.3474715350567!2d-3.6347996727866727!3d37.02536064714157!2m3!1f0!2f0!3f0!3m2!1i1024!2i768!4f13.1!3m3!1m2!1s0xd71f11cfdf12637%3A0xe33f8251d2b124c3!2sCalle+Vicente+Aleixandre%2C+18640+Padul%2C+Granada!5e0!3m2!1ses!2ses!4v1477307966806&amp;w=600&amp;h=450] Datos de contacto I.E.S. La Laguna &#8211; Padul. Direcci\u00f3n: &nbsp;Calle Vicente Aleixandre&nbsp;s\/n. 18640 &#8211; Padul &#8211;&nbsp;&nbsp;Granada Tel\u00e9fono: 958 779 955&nbsp; &nbsp;&#8211;&nbsp; Fax:&nbsp; 958 779 952 Email:&nbsp;18700724.edu@juntadeandalucia.es &nbsp;\/ &nbsp;info@ieslalaguna.es Horarios Horario de clases:&#46;&#46;&#46;<\/p>\n","protected":false},"author":1,"featured_media":0,"parent":0,"menu_order":0,"comment_status":"closed","ping_status":"open","template":"","meta":{"ngg_post_thumbnail":0,"footnotes":"","_mc_calendar":[]},"aioseo_notices":[],"post_mailing_queue_ids":[],"_links":{"self":[{"href":"https:\/\/blogsaverroes.juntadeandalucia.es\/ieslalaguna\/wp-json\/wp\/v2\/pages\/35"}],"collection":[{"href":"https:\/\/blogsaverroes.juntadeandalucia.es\/ieslalaguna\/wp-json\/wp\/v2\/pages"}],"about":[{"href":"https:\/\/blogsaverroes.juntadeandalucia.es\/ieslalaguna\/wp-json\/wp\/v2\/types\/page"}],"author":[{"embeddable":true,"href":"https:\/\/blogsaverroes.juntadeandalucia.es\/ieslalaguna\/wp-json\/wp\/v2\/users\/1"}],"replies":[{"embeddable":true,"href":"https:\/\/blogsaverroes.juntadeandalucia.es\/ieslalaguna\/wp-json\/wp\/v2\/comments?post=35"}],"version-history":[{"count":25,"href":"https:\/\/blogsaverroes.juntadeandalucia.es\/ieslalaguna\/wp-json\/wp\/v2\/pages\/35\/revisions"}],"predecessor-version":[{"id":2655,"href":"https:\/\/blogsaverroes.juntadeandalucia.es\/ieslalaguna\/wp-json\/wp\/v2\/pages\/35\/revisions\/2655"}],"wp:attachment":[{"href":"https:\/\/blogsaverroes.juntadeandalucia.es\/ieslalaguna\/wp-json\/wp\/v2\/media?parent=35"}],"curies":[{"name":"wp","href":"https:\/\/api.w.org\/{rel}","templated":true}]}}