{"id":355,"date":"2015-03-18T10:22:43","date_gmt":"2015-03-18T10:22:43","guid":{"rendered":"http:\/\/blogsaverroes.juntadeandalucia.es\/pre\/ceip\/?page_id=355"},"modified":"2022-11-13T12:11:58","modified_gmt":"2022-11-13T11:11:58","slug":"materiales-recursos","status":"publish","type":"page","link":"https:\/\/blogsaverroes.juntadeandalucia.es\/ieslalaguna\/filosofia-2\/materiales-recursos\/","title":{"rendered":"Materiales, recursos&#8230;"},"content":{"rendered":"<p><a href=\"https:\/\/blogsaverroes.juntadeandalucia.es\/ieslalaguna\/files\/2022\/11\/DEPARTAMENTO-FILOSOF\u00cdA-LOE-PROGRAMACI\u00d3N-22-23-1.pdf\">Programaci\u00f3n del departamento de Filosof\u00eda.<\/a><\/p>\n<p><a href=\"https:\/\/blogsaverroes.juntadeandalucia.es\/ieslalaguna\/files\/2022\/11\/RELACI\u00d3N-CE-CC-CE-SM-FILOSOF\u00cdA-1\u00baBACH.pdf\">Elementos curriculares Filosof\u00eda 1\u00ba de Bachillerato.<\/a><\/p>\n<p><a href=\"https:\/\/blogsaverroes.juntadeandalucia.es\/ieslalaguna\/files\/2022\/11\/RELACI\u00d3N-CE-CC-CE-SB-ANYSO-1\u00baBACH.pdf\">Elementos curriculares Antropolog\u00eda y Filosof\u00eda 1\u00ba de Bachillerato.<\/a><\/p>\n<p>&nbsp;<\/p>\n","protected":false},"excerpt":{"rendered":"<p>Programaci\u00f3n del departamento de Filosof\u00eda. Elementos curriculares Filosof\u00eda 1\u00ba de Bachillerato. Elementos curriculares Antropolog\u00eda y Filosof\u00eda 1\u00ba de Bachillerato. &nbsp;<\/p>\n","protected":false},"author":1,"featured_media":0,"parent":168,"menu_order":0,"comment_status":"closed","ping_status":"open","template":"","meta":{"ngg_post_thumbnail":0,"footnotes":"","_mc_calendar":[]},"aioseo_notices":[],"post_mailing_queue_ids":[],"_links":{"self":[{"href":"https:\/\/blogsaverroes.juntadeandalucia.es\/ieslalaguna\/wp-json\/wp\/v2\/pages\/355"}],"collection":[{"href":"https:\/\/blogsaverroes.juntadeandalucia.es\/ieslalaguna\/wp-json\/wp\/v2\/pages"}],"about":[{"href":"https:\/\/blogsaverroes.juntadeandalucia.es\/ieslalaguna\/wp-json\/wp\/v2\/types\/page"}],"author":[{"embeddable":true,"href":"https:\/\/blogsaverroes.juntadeandalucia.es\/ieslalaguna\/wp-json\/wp\/v2\/users\/1"}],"replies":[{"embeddable":true,"href":"https:\/\/blogsaverroes.juntadeandalucia.es\/ieslalaguna\/wp-json\/wp\/v2\/comments?post=355"}],"version-history":[{"count":13,"href":"https:\/\/blogsaverroes.juntadeandalucia.es\/ieslalaguna\/wp-json\/wp\/v2\/pages\/355\/revisions"}],"predecessor-version":[{"id":3786,"href":"https:\/\/blogsaverroes.juntadeandalucia.es\/ieslalaguna\/wp-json\/wp\/v2\/pages\/355\/revisions\/3786"}],"up":[{"embeddable":true,"href":"https:\/\/blogsaverroes.juntadeandalucia.es\/ieslalaguna\/wp-json\/wp\/v2\/pages\/168"}],"wp:attachment":[{"href":"https:\/\/blogsaverroes.juntadeandalucia.es\/ieslalaguna\/wp-json\/wp\/v2\/media?parent=355"}],"curies":[{"name":"wp","href":"https:\/\/api.w.org\/{rel}","templated":true}]}}