{"id":42,"date":"2015-03-13T08:40:47","date_gmt":"2015-03-13T08:40:47","guid":{"rendered":"http:\/\/blogsaverroes.juntadeandalucia.es\/pre\/ceip\/?page_id=42"},"modified":"2022-09-17T14:10:33","modified_gmt":"2022-09-17T12:10:33","slug":"equipo-directivo","status":"publish","type":"page","link":"https:\/\/blogsaverroes.juntadeandalucia.es\/ieslalaguna\/equipo-directivo\/","title":{"rendered":"Equipo directivo"},"content":{"rendered":"<p>El Equipo Directivo entr\u00f3 en funciones el 1 de julio de 2019.&nbsp;<\/p>\n<p><strong>Directora:<\/strong><\/p>\n<p>Mar\u00eda Jos\u00e9 Castillo Fern\u00e1ndez.<\/p>\n<p><strong>Vicedirectora:<\/strong><\/p>\n<p>Ana Mar\u00eda Ruiz-C\u00e1tedra Cebri\u00e1n.<\/p>\n<p><strong>Jefes de Estudios:<\/strong><\/p>\n<p>Manuel \u00c1lvarez Flores.<\/p>\n<p>Elena Santofimia Navarro.<\/p>\n<p><strong>Secretario:<\/strong><\/p>\n<p>Manuel Jes\u00fas Ruiz Mazo.<\/p>\n","protected":false},"excerpt":{"rendered":"<p>El Equipo Directivo entr\u00f3 en funciones el 1 de julio de 2019.&nbsp; Directora: Mar\u00eda Jos\u00e9 Castillo Fern\u00e1ndez. Vicedirectora: Ana Mar\u00eda Ruiz-C\u00e1tedra Cebri\u00e1n. Jefes de Estudios: Manuel \u00c1lvarez Flores. Elena Santofimia Navarro. Secretario: Manuel Jes\u00fas&#46;&#46;&#46;<\/p>\n","protected":false},"author":1,"featured_media":0,"parent":0,"menu_order":0,"comment_status":"closed","ping_status":"open","template":"","meta":{"ngg_post_thumbnail":0,"footnotes":"","_mc_calendar":[]},"aioseo_notices":[],"post_mailing_queue_ids":[],"_links":{"self":[{"href":"https:\/\/blogsaverroes.juntadeandalucia.es\/ieslalaguna\/wp-json\/wp\/v2\/pages\/42"}],"collection":[{"href":"https:\/\/blogsaverroes.juntadeandalucia.es\/ieslalaguna\/wp-json\/wp\/v2\/pages"}],"about":[{"href":"https:\/\/blogsaverroes.juntadeandalucia.es\/ieslalaguna\/wp-json\/wp\/v2\/types\/page"}],"author":[{"embeddable":true,"href":"https:\/\/blogsaverroes.juntadeandalucia.es\/ieslalaguna\/wp-json\/wp\/v2\/users\/1"}],"replies":[{"embeddable":true,"href":"https:\/\/blogsaverroes.juntadeandalucia.es\/ieslalaguna\/wp-json\/wp\/v2\/comments?post=42"}],"version-history":[{"count":6,"href":"https:\/\/blogsaverroes.juntadeandalucia.es\/ieslalaguna\/wp-json\/wp\/v2\/pages\/42\/revisions"}],"predecessor-version":[{"id":3711,"href":"https:\/\/blogsaverroes.juntadeandalucia.es\/ieslalaguna\/wp-json\/wp\/v2\/pages\/42\/revisions\/3711"}],"wp:attachment":[{"href":"https:\/\/blogsaverroes.juntadeandalucia.es\/ieslalaguna\/wp-json\/wp\/v2\/media?parent=42"}],"curies":[{"name":"wp","href":"https:\/\/api.w.org\/{rel}","templated":true}]}}