{"id":44,"date":"2015-03-13T08:42:15","date_gmt":"2015-03-13T08:42:15","guid":{"rendered":"http:\/\/blogsaverroes.juntadeandalucia.es\/pre\/ceip\/?page_id=44"},"modified":"2019-08-24T11:12:24","modified_gmt":"2019-08-24T09:12:24","slug":"planes-y-proyectos","status":"publish","type":"page","link":"https:\/\/blogsaverroes.juntadeandalucia.es\/ieslalaguna\/planes-y-proyectos\/","title":{"rendered":"Planes y Programas"},"content":{"rendered":"<p><img loading=\"lazy\" decoding=\"async\" class=\"alignnone size-medium wp-image-1667\" src=\"http:\/\/blogsaverroes.juntadeandalucia.es\/ieslalaguna\/files\/2015\/03\/planes-300x150.png\" alt=\"planes\" width=\"300\" height=\"150\" srcset=\"https:\/\/blogsaverroes.juntadeandalucia.es\/ieslalaguna\/files\/2015\/03\/planes-300x150.png 300w, https:\/\/blogsaverroes.juntadeandalucia.es\/ieslalaguna\/files\/2015\/03\/planes.png 640w\" sizes=\"(max-width: 300px) 100vw, 300px\" \/><\/p>\n<p>Nuestro centro participa en diversos programas educativos:<\/p>\n<ul>\n<li>Plan de igualdad en la educaci\u00f3n.<\/li>\n<li>Escuela: Espacio de paz. Convivencia+.<\/li>\n<li>Escuela TIC 2.0.<\/li>\n<li>Plan de Salud Laboral. Plan de Prevenci\u00f3n de Riesgos Laborales.<\/li>\n<li>Aldea: Educaci\u00f3n Ambiental para la Comunidad Educativa. (Modalidad A: Red Andaluza de Ecoescuelas).<\/li>\n<li>Forma Joven en el \u00e1mbito educativo.<\/li>\n<li><em>Practicum<\/em>. M\u00e1ster Secundaria y Pr\u00e1cticas de Ciencias de la Educaci\u00f3n y Psicolog\u00eda.<\/li>\n<li>Plan de Bibliotecas Escolares.<\/li>\n<\/ul>\n<p>Colaboramos con la asociaci\u00f3n cultural \u00abSomos Europa\u00bb en el programa Erasmus+ (proyecto K2 GrEAT education for active talents\u00bb.<\/p>\n","protected":false},"excerpt":{"rendered":"<p>Nuestro centro participa en diversos programas educativos: Plan de igualdad en la educaci\u00f3n. Escuela: Espacio de paz. Convivencia+. Escuela TIC 2.0. Plan de Salud Laboral. Plan de Prevenci\u00f3n de Riesgos Laborales. Aldea: Educaci\u00f3n Ambiental&#46;&#46;&#46;<\/p>\n","protected":false},"author":1,"featured_media":0,"parent":0,"menu_order":0,"comment_status":"closed","ping_status":"closed","template":"","meta":{"ngg_post_thumbnail":0,"footnotes":"","_mc_calendar":[]},"aioseo_notices":[],"post_mailing_queue_ids":[],"_links":{"self":[{"href":"https:\/\/blogsaverroes.juntadeandalucia.es\/ieslalaguna\/wp-json\/wp\/v2\/pages\/44"}],"collection":[{"href":"https:\/\/blogsaverroes.juntadeandalucia.es\/ieslalaguna\/wp-json\/wp\/v2\/pages"}],"about":[{"href":"https:\/\/blogsaverroes.juntadeandalucia.es\/ieslalaguna\/wp-json\/wp\/v2\/types\/page"}],"author":[{"embeddable":true,"href":"https:\/\/blogsaverroes.juntadeandalucia.es\/ieslalaguna\/wp-json\/wp\/v2\/users\/1"}],"replies":[{"embeddable":true,"href":"https:\/\/blogsaverroes.juntadeandalucia.es\/ieslalaguna\/wp-json\/wp\/v2\/comments?post=44"}],"version-history":[{"count":9,"href":"https:\/\/blogsaverroes.juntadeandalucia.es\/ieslalaguna\/wp-json\/wp\/v2\/pages\/44\/revisions"}],"predecessor-version":[{"id":2476,"href":"https:\/\/blogsaverroes.juntadeandalucia.es\/ieslalaguna\/wp-json\/wp\/v2\/pages\/44\/revisions\/2476"}],"wp:attachment":[{"href":"https:\/\/blogsaverroes.juntadeandalucia.es\/ieslalaguna\/wp-json\/wp\/v2\/media?parent=44"}],"curies":[{"name":"wp","href":"https:\/\/api.w.org\/{rel}","templated":true}]}}