{"id":49,"date":"2015-03-13T08:47:05","date_gmt":"2015-03-13T08:47:05","guid":{"rendered":"http:\/\/blogsaverroes.juntadeandalucia.es\/pre\/ceip\/?page_id=49"},"modified":"2022-05-08T17:06:34","modified_gmt":"2022-05-08T15:06:34","slug":"plan-centro","status":"publish","type":"page","link":"https:\/\/blogsaverroes.juntadeandalucia.es\/ieslalaguna\/plan-centro\/","title":{"rendered":"Plan de centro"},"content":{"rendered":"<p><img loading=\"lazy\" decoding=\"async\" class=\"alignnone size-medium wp-image-1662\" src=\"http:\/\/blogsaverroes.juntadeandalucia.es\/ieslalaguna\/files\/2015\/03\/proyecto-300x266.png\" alt=\"proyecto\" width=\"300\" height=\"266\" srcset=\"https:\/\/blogsaverroes.juntadeandalucia.es\/ieslalaguna\/files\/2015\/03\/proyecto-300x266.png 300w, https:\/\/blogsaverroes.juntadeandalucia.es\/ieslalaguna\/files\/2015\/03\/proyecto.png 640w\" sizes=\"(max-width: 300px) 100vw, 300px\" \/><\/p>\n<p>El Plan de centro es un documento vivo, que debe ser revisado a menudo para mejorarlo y actualizarlo. Est\u00e1 constituido por:<\/p>\n<ol>\n<li><a href=\"https:\/\/blogsaverroes.juntadeandalucia.es\/ieslalaguna\/files\/2021\/10\/proyecto_educativo.pdf\">Proyecto educativo.<\/a><\/li>\n<li>El <a href=\"https:\/\/blogsaverroes.juntadeandalucia.es\/ieslalaguna\/files\/2019\/08\/NUEVOROF_indexado.pdf\" target=\"_blank\" rel=\"noopener noreferrer\">Reglamento de Organizaci\u00f3n y Funcionamiento<\/a>.<\/li>\n<li>El <a href=\"https:\/\/blogsaverroes.juntadeandalucia.es\/ieslalaguna\/files\/2021\/10\/proyecto_gestion.pdf\">Proyecto de Gesti\u00f3n<\/a>.<\/li>\n<\/ol>\n<p>En este momento estamos trabajando en la actualizaci\u00f3n del Proyecto de Gesti\u00f3n. En cuanto est\u00e9 concluido y aprobado lo subiremos a esta p\u00e1gina.<\/p>\n<p>Puede consultar el Reglamento de Organizaci\u00f3n y Funcionamiento <a href=\"https:\/\/blogsaverroes.juntadeandalucia.es\/ieslalaguna\/files\/2019\/08\/NUEVOROF_indexado.pdf\" target=\"_blank\" rel=\"noopener noreferrer\">aqu\u00ed<\/a>.<\/p>\n<p>Tambi\u00e9n puede consultar nuestro Plan de Convivencia <a href=\"https:\/\/blogsaverroes.juntadeandalucia.es\/ieslalaguna\/files\/2019\/09\/PLAN_CONVIVENCIA.pdf\">aqu\u00ed.<\/a><\/p>\n<p><a href=\"https:\/\/blogsaverroes.juntadeandalucia.es\/ieslalaguna\/files\/2020\/11\/CONC_PAC.pdf\">Concreciones del Plan de Centro 2020\/2021<\/a><\/p>\n<p>Tambi\u00e9n se puede consultar nuestro protocolo COVID-19 en este enlace:<\/p>\n<p><a href=\"https:\/\/blogsaverroes.juntadeandalucia.es\/ieslalaguna\/files\/2022\/05\/Protocolo25abril2022.pdf\" target=\"_blank\" rel=\"noopener noreferrer\">Protocolo COVID-19.<\/a><\/p>\n<p>&nbsp;<\/p>\n","protected":false},"excerpt":{"rendered":"<p>El Plan de centro es un documento vivo, que debe ser revisado a menudo para mejorarlo y actualizarlo. Est\u00e1 constituido por: Proyecto educativo. El Reglamento de Organizaci\u00f3n y Funcionamiento. El Proyecto de Gesti\u00f3n. En&#46;&#46;&#46;<\/p>\n","protected":false},"author":1,"featured_media":0,"parent":0,"menu_order":0,"comment_status":"closed","ping_status":"open","template":"","meta":{"ngg_post_thumbnail":0,"footnotes":"","_mc_calendar":[]},"aioseo_notices":[],"post_mailing_queue_ids":[],"_links":{"self":[{"href":"https:\/\/blogsaverroes.juntadeandalucia.es\/ieslalaguna\/wp-json\/wp\/v2\/pages\/49"}],"collection":[{"href":"https:\/\/blogsaverroes.juntadeandalucia.es\/ieslalaguna\/wp-json\/wp\/v2\/pages"}],"about":[{"href":"https:\/\/blogsaverroes.juntadeandalucia.es\/ieslalaguna\/wp-json\/wp\/v2\/types\/page"}],"author":[{"embeddable":true,"href":"https:\/\/blogsaverroes.juntadeandalucia.es\/ieslalaguna\/wp-json\/wp\/v2\/users\/1"}],"replies":[{"embeddable":true,"href":"https:\/\/blogsaverroes.juntadeandalucia.es\/ieslalaguna\/wp-json\/wp\/v2\/comments?post=49"}],"version-history":[{"count":26,"href":"https:\/\/blogsaverroes.juntadeandalucia.es\/ieslalaguna\/wp-json\/wp\/v2\/pages\/49\/revisions"}],"predecessor-version":[{"id":3665,"href":"https:\/\/blogsaverroes.juntadeandalucia.es\/ieslalaguna\/wp-json\/wp\/v2\/pages\/49\/revisions\/3665"}],"wp:attachment":[{"href":"https:\/\/blogsaverroes.juntadeandalucia.es\/ieslalaguna\/wp-json\/wp\/v2\/media?parent=49"}],"curies":[{"name":"wp","href":"https:\/\/api.w.org\/{rel}","templated":true}]}}