{"id":153,"date":"2015-03-17T07:48:56","date_gmt":"2015-03-17T07:48:56","guid":{"rendered":"http:\/\/blogsaverroes.juntadeandalucia.es\/pre\/ceip\/?page_id=153"},"modified":"2021-01-28T22:40:52","modified_gmt":"2021-01-28T22:40:52","slug":"geografia-e-historia","status":"publish","type":"page","link":"https:\/\/blogsaverroes.juntadeandalucia.es\/ieslaloma\/geografia-e-historia\/","title":{"rendered":"CIENCIAS SOCIALES"},"content":{"rendered":"<p><img loading=\"lazy\" decoding=\"async\" class=\"aligncenter size-medium wp-image-2109\" src=\"http:\/\/blogsaverroes.juntadeandalucia.es\/temahuemanies\/files\/2015\/03\/geografia_historia-300x225.png\" alt=\"geografia_historia\" width=\"300\" height=\"225\" srcset=\"https:\/\/blogsaverroes.juntadeandalucia.es\/ieslaloma\/files\/2015\/03\/geografia_historia-300x225.png 300w, https:\/\/blogsaverroes.juntadeandalucia.es\/ieslaloma\/files\/2015\/03\/geografia_historia.png 640w\" sizes=\"(max-width: 300px) 100vw, 300px\" \/><\/p>\n<p><strong><span style=\"font-family: sans-serif\"><span style=\"font-size: medium\">Geograf\u00eda e Historia <\/span><\/span><\/strong><\/p>\n<p><span style=\"font-family: sans-serif\"><span style=\"font-size: medium\">El conocimiento de la sociedad, su organizaci\u00f3n y funcionamiento a lo largo del tiempo es esencial para poder entender el mundo actual. Conocer el espacio donde se desarrollan las sociedades, los recursos naturales y el uso que se ha dado a \u00e9stos, nos aporta datos sobre el pasado y nos permiten vislumbrar algunos de los problemas del futuro. <\/span><\/span><\/p>\n<p><span style=\"font-family: sans-serif\"><span style=\"font-size: medium\">Las disciplinas de la Geograf\u00eda y la Historia son dos importantes ejes vertebradores para el conocimiento de la sociedad, ya que contemplan la realidad humana y social desde una perspectiva global e integradora y ofrecen una mayor capacidad para la estructuraci\u00f3n de los hechos sociales; no obstante la sociedad actual, cada vez m\u00e1s compleja, requiere de la intervenci\u00f3n de otras disciplinas como la Econom\u00eda, Sociolog\u00eda, Ecolog\u00eda o Historia del Arte, que aportan an\u00e1lisis diferentes y complementarios, para la mejor comprensi\u00f3n de la realidad social.<\/span><\/span><\/p>\n<p>&nbsp;<\/p>\n<p><img loading=\"lazy\" decoding=\"async\" class=\"aligncenter size-medium wp-image-2035\" src=\"http:\/\/blogsaverroes.juntadeandalucia.es\/temahuemanies\/files\/2015\/03\/economia-300x212.jpg\" alt=\"economia\" width=\"300\" height=\"212\" srcset=\"https:\/\/blogsaverroes.juntadeandalucia.es\/ieslaloma\/files\/2015\/03\/economia-300x212.jpg 300w, https:\/\/blogsaverroes.juntadeandalucia.es\/ieslaloma\/files\/2015\/03\/economia.jpg 640w\" sizes=\"(max-width: 300px) 100vw, 300px\" \/><\/p>\n<p><strong>Econom\u00eda<\/strong><\/p>\n<p>El estudio y la formaci\u00f3n en econom\u00eda se hacen absolutamente necesarios en un contexto muy globalizado, en el que las relaciones econ\u00f3micas son cada vez m\u00e1s complejas. La econom\u00eda est\u00e1 presente en todos los aspectos de nuestra vida cotidiana, cualquier ciudadano necesita conocer las reglas b\u00e1sicas que explican los acontecimientos econ\u00f3micos y el lenguaje espec\u00edfico que es utilizado por los economistas y los medios de comunicaci\u00f3n para analizar esos hechos. La realidad no puede entenderse correctamente sin considerar el comportamiento econ\u00f3mico, individual y colectivo, de las personas en la b\u00fasqueda de la satisfacci\u00f3n de sus necesidades, as\u00ed como la producci\u00f3n y organizaci\u00f3n de los bienes y servicios que se necesitan para ello, y la distribuci\u00f3n de los recursos escasos.<\/p>\n<p><strong>Econom\u00eda de la Empresa<\/strong><\/p>\n<p>La Econom\u00eda de la Empresa estudia y analiza respuestas para los problemas econ\u00f3micos que se plantean en el seno de la empresa; su objetivo es avanzar en el an\u00e1lisis de la moderna organizaci\u00f3n y administraci\u00f3n de empresas, con un enfoque completo y actualizado.<\/p>\n","protected":false},"excerpt":{"rendered":"<p>Geograf\u00eda e Historia El conocimiento de la sociedad, su organizaci\u00f3n y funcionamiento a lo largo del tiempo es esencial para poder entender el mundo actual. Conocer el espacio donde se desarrollan las sociedades, los recursos naturales y el uso que&#46;&#46;&#46;<\/p>\n","protected":false},"author":1,"featured_media":0,"parent":0,"menu_order":0,"comment_status":"open","ping_status":"open","template":"page-templates\/child-menu.php","meta":{"ngg_post_thumbnail":0,"footnotes":"","_mc_calendar":[]},"aioseo_notices":[],"_links":{"self":[{"href":"https:\/\/blogsaverroes.juntadeandalucia.es\/ieslaloma\/wp-json\/wp\/v2\/pages\/153"}],"collection":[{"href":"https:\/\/blogsaverroes.juntadeandalucia.es\/ieslaloma\/wp-json\/wp\/v2\/pages"}],"about":[{"href":"https:\/\/blogsaverroes.juntadeandalucia.es\/ieslaloma\/wp-json\/wp\/v2\/types\/page"}],"author":[{"embeddable":true,"href":"https:\/\/blogsaverroes.juntadeandalucia.es\/ieslaloma\/wp-json\/wp\/v2\/users\/1"}],"replies":[{"embeddable":true,"href":"https:\/\/blogsaverroes.juntadeandalucia.es\/ieslaloma\/wp-json\/wp\/v2\/comments?post=153"}],"version-history":[{"count":5,"href":"https:\/\/blogsaverroes.juntadeandalucia.es\/ieslaloma\/wp-json\/wp\/v2\/pages\/153\/revisions"}],"predecessor-version":[{"id":2793,"href":"https:\/\/blogsaverroes.juntadeandalucia.es\/ieslaloma\/wp-json\/wp\/v2\/pages\/153\/revisions\/2793"}],"wp:attachment":[{"href":"https:\/\/blogsaverroes.juntadeandalucia.es\/ieslaloma\/wp-json\/wp\/v2\/media?parent=153"}],"curies":[{"name":"wp","href":"https:\/\/api.w.org\/{rel}","templated":true}]}}