{"id":2672,"date":"2021-01-26T19:37:10","date_gmt":"2021-01-26T19:37:10","guid":{"rendered":"https:\/\/blogsaverroes.juntadeandalucia.es\/ieslaloma\/?page_id=2672"},"modified":"2021-10-09T17:40:20","modified_gmt":"2021-10-09T17:40:20","slug":"componentes","status":"publish","type":"page","link":"https:\/\/blogsaverroes.juntadeandalucia.es\/ieslaloma\/orientacion-2\/componentes\/","title":{"rendered":"Componentes"},"content":{"rendered":"<p><strong>FERN\u00c1NDEZ S\u00c1NCHEZ, ARACELI: <\/strong>TUTORA DEL AULA ESPEC\u00cdFICA<\/p>\n<p><strong>GANDULLO CRUZ, MONTSERRAT:&nbsp;<\/strong>SECRETARIA, JEFA DEPARTAMENTO<\/p>\n<p><strong>MORATO SALGUERO, ZALOA:&nbsp;<\/strong>PEDAGOG\u00cdA TERAP\u00c9UTICA<\/p>\n","protected":false},"excerpt":{"rendered":"<p>FERN\u00c1NDEZ S\u00c1NCHEZ, ARACELI: TUTORA DEL AULA ESPEC\u00cdFICA GANDULLO CRUZ, MONTSERRAT:&nbsp;SECRETARIA, JEFA DEPARTAMENTO MORATO SALGUERO, ZALOA:&nbsp;PEDAGOG\u00cdA TERAP\u00c9UTICA<\/p>\n","protected":false},"author":11924,"featured_media":0,"parent":1806,"menu_order":0,"comment_status":"closed","ping_status":"closed","template":"page-templates\/child-menu.php","meta":{"ngg_post_thumbnail":0,"footnotes":"","_mc_calendar":[]},"aioseo_notices":[],"_links":{"self":[{"href":"https:\/\/blogsaverroes.juntadeandalucia.es\/ieslaloma\/wp-json\/wp\/v2\/pages\/2672"}],"collection":[{"href":"https:\/\/blogsaverroes.juntadeandalucia.es\/ieslaloma\/wp-json\/wp\/v2\/pages"}],"about":[{"href":"https:\/\/blogsaverroes.juntadeandalucia.es\/ieslaloma\/wp-json\/wp\/v2\/types\/page"}],"author":[{"embeddable":true,"href":"https:\/\/blogsaverroes.juntadeandalucia.es\/ieslaloma\/wp-json\/wp\/v2\/users\/11924"}],"replies":[{"embeddable":true,"href":"https:\/\/blogsaverroes.juntadeandalucia.es\/ieslaloma\/wp-json\/wp\/v2\/comments?post=2672"}],"version-history":[{"count":6,"href":"https:\/\/blogsaverroes.juntadeandalucia.es\/ieslaloma\/wp-json\/wp\/v2\/pages\/2672\/revisions"}],"predecessor-version":[{"id":3269,"href":"https:\/\/blogsaverroes.juntadeandalucia.es\/ieslaloma\/wp-json\/wp\/v2\/pages\/2672\/revisions\/3269"}],"up":[{"embeddable":true,"href":"https:\/\/blogsaverroes.juntadeandalucia.es\/ieslaloma\/wp-json\/wp\/v2\/pages\/1806"}],"wp:attachment":[{"href":"https:\/\/blogsaverroes.juntadeandalucia.es\/ieslaloma\/wp-json\/wp\/v2\/media?parent=2672"}],"curies":[{"name":"wp","href":"https:\/\/api.w.org\/{rel}","templated":true}]}}