{"id":2674,"date":"2021-01-26T19:37:25","date_gmt":"2021-01-26T19:37:25","guid":{"rendered":"https:\/\/blogsaverroes.juntadeandalucia.es\/ieslaloma\/?page_id=2674"},"modified":"2021-10-09T17:41:34","modified_gmt":"2021-10-09T17:41:34","slug":"componentes","status":"publish","type":"page","link":"https:\/\/blogsaverroes.juntadeandalucia.es\/ieslaloma\/tecnologia\/componentes\/","title":{"rendered":"Componentes"},"content":{"rendered":"<p><strong>CONTRERAS BAREA, JUAN MANUEL:&nbsp;<\/strong>JEFE DE DEPARTAMENTO Y COORDINADOR DEL \u00c1REA CIENT\u00cdFICO-TECNOL\u00d3GICA<\/p>\n<p><strong>GARC\u00cdA ROMERO, CATALINA: <\/strong>JEFA DE ESTUDIOS<\/p>\n<p><strong>NAVARRO ROMERO, JOS\u00c9<\/strong><strong>: <\/strong>TUTOR 2\u00baB<\/p>\n","protected":false},"excerpt":{"rendered":"<p>CONTRERAS BAREA, JUAN MANUEL:&nbsp;JEFE DE DEPARTAMENTO Y COORDINADOR DEL \u00c1REA CIENT\u00cdFICO-TECNOL\u00d3GICA GARC\u00cdA ROMERO, CATALINA: JEFA DE ESTUDIOS NAVARRO ROMERO, JOS\u00c9: TUTOR 2\u00baB<\/p>\n","protected":false},"author":11924,"featured_media":0,"parent":162,"menu_order":0,"comment_status":"closed","ping_status":"closed","template":"page-templates\/child-menu.php","meta":{"ngg_post_thumbnail":0,"footnotes":"","_mc_calendar":[]},"aioseo_notices":[],"_links":{"self":[{"href":"https:\/\/blogsaverroes.juntadeandalucia.es\/ieslaloma\/wp-json\/wp\/v2\/pages\/2674"}],"collection":[{"href":"https:\/\/blogsaverroes.juntadeandalucia.es\/ieslaloma\/wp-json\/wp\/v2\/pages"}],"about":[{"href":"https:\/\/blogsaverroes.juntadeandalucia.es\/ieslaloma\/wp-json\/wp\/v2\/types\/page"}],"author":[{"embeddable":true,"href":"https:\/\/blogsaverroes.juntadeandalucia.es\/ieslaloma\/wp-json\/wp\/v2\/users\/11924"}],"replies":[{"embeddable":true,"href":"https:\/\/blogsaverroes.juntadeandalucia.es\/ieslaloma\/wp-json\/wp\/v2\/comments?post=2674"}],"version-history":[{"count":6,"href":"https:\/\/blogsaverroes.juntadeandalucia.es\/ieslaloma\/wp-json\/wp\/v2\/pages\/2674\/revisions"}],"predecessor-version":[{"id":3270,"href":"https:\/\/blogsaverroes.juntadeandalucia.es\/ieslaloma\/wp-json\/wp\/v2\/pages\/2674\/revisions\/3270"}],"up":[{"embeddable":true,"href":"https:\/\/blogsaverroes.juntadeandalucia.es\/ieslaloma\/wp-json\/wp\/v2\/pages\/162"}],"wp:attachment":[{"href":"https:\/\/blogsaverroes.juntadeandalucia.es\/ieslaloma\/wp-json\/wp\/v2\/media?parent=2674"}],"curies":[{"name":"wp","href":"https:\/\/api.w.org\/{rel}","templated":true}]}}