{"id":49,"date":"2015-03-13T08:47:05","date_gmt":"2015-03-13T08:47:05","guid":{"rendered":"http:\/\/blogsaverroes.juntadeandalucia.es\/pre\/ceip\/?page_id=49"},"modified":"2021-12-10T10:45:05","modified_gmt":"2021-12-10T09:45:05","slug":"plandecentro","status":"publish","type":"page","link":"https:\/\/blogsaverroes.juntadeandalucia.es\/ieslaloma\/plandecentro\/","title":{"rendered":"Plan de centro"},"content":{"rendered":"<p><img loading=\"lazy\" decoding=\"async\" class=\"alignnone size-medium wp-image-1662\" src=\"http:\/\/blogsaverroes.juntadeandalucia.es\/temahuemanies\/files\/2015\/03\/proyecto-300x266.png\" alt=\"proyecto\" width=\"300\" height=\"266\" srcset=\"https:\/\/blogsaverroes.juntadeandalucia.es\/ieslaloma\/files\/2015\/03\/proyecto-300x266.png 300w, https:\/\/blogsaverroes.juntadeandalucia.es\/ieslaloma\/files\/2015\/03\/proyecto.png 640w\" sizes=\"(max-width: 300px) 100vw, 300px\" \/><\/p>\n<p>El Plan de Centro lo forman tres documentos: Proyecto Educativo, Proyecto de Gesti\u00f3n y Reglamento de Organizaci\u00f3n y Funcionamiento.<\/p>\n<p>Adem\u00e1s se a\u00f1ade el Plan de mejora anual en funci\u00f3n de las necesidades encontradas en la memoria de Autoevaluaci\u00f3n del curso anterior.<\/p>\n<p><a href=\"https:\/\/blogsaverroes.juntadeandalucia.es\/ieslaloma\/files\/2021\/12\/Proyecto-Educativo-21-22.pdf\">Proyecto Educativo 21-22<\/a><\/p>\n<p><a href=\"https:\/\/blogsaverroes.juntadeandalucia.es\/ieslaloma\/files\/2021\/12\/ANEXO-I-Contenidos-2021-22-con-anexo.pdf\">ANEXO I Contenidos 2021-22 con anexo<\/a><\/p>\n<p><a href=\"https:\/\/blogsaverroes.juntadeandalucia.es\/ieslaloma\/files\/2021\/12\/Anexo-II-La-Evaluaci\u00f3n-IES-La-Loma-21-22.pdf\">Anexo II &#8211; La Evaluaci\u00f3n IES La Loma 21-22<\/a><\/p>\n<p><a href=\"https:\/\/blogsaverroes.juntadeandalucia.es\/ieslaloma\/files\/2021\/12\/Anexo-III-Plan-de-atenci\u00f3n-a-la-diversidad-IES-La-Loma-2021-22.pdf\">Anexo III &#8211; Plan de atenci\u00f3n a la diversidad IES La Loma 2021-22<\/a><\/p>\n<p><a href=\"https:\/\/blogsaverroes.juntadeandalucia.es\/ieslaloma\/files\/2021\/12\/Anexo-IV-POAT-21-22.pdf\">Anexo IV-POAT 21-22<\/a><\/p>\n<p><a href=\"https:\/\/blogsaverroes.juntadeandalucia.es\/ieslaloma\/files\/2021\/12\/Anexo-V-Plan-de-Convivencia-IES-La-Loma-2021-22.pdf\">Anexo V &#8211; Plan de Convivencia IES La Loma 2021-22<\/a><\/p>\n<p><a href=\"https:\/\/blogsaverroes.juntadeandalucia.es\/ieslaloma\/files\/2021\/12\/Plan-de-Mejora-21-22-IES-La-Loma.pdf\">Plan de Mejora 21-22 IES La Loma<\/a><\/p>\n<p><a href=\"https:\/\/blogsaverroes.juntadeandalucia.es\/ieslaloma\/files\/2021\/12\/PROTOCOLO-ACTUACI\u00d3N-COVID-19-IES-La-Loma-8-11-21_compressed.pdf\">PROTOCOLO ACTUACI\u00d3N COVID-19 IES La Loma 8-11-21_compressed<\/a><\/p>\n<p><a href=\"https:\/\/blogsaverroes.juntadeandalucia.es\/ieslaloma\/files\/2021\/12\/ROF-2021-22.pdf\">ROF 2021-22<\/a><\/p>\n<p><a href=\"https:\/\/blogsaverroes.juntadeandalucia.es\/ieslaloma\/files\/2021\/12\/Proyecto-de-Gesti\u00f3n-2021-22.pdf\">Proyecto de Gesti\u00f3n 2021-22<\/a><\/p>\n","protected":false},"excerpt":{"rendered":"<p>El Plan de Centro lo forman tres documentos: Proyecto Educativo, Proyecto de Gesti\u00f3n y Reglamento de Organizaci\u00f3n y Funcionamiento. Adem\u00e1s se a\u00f1ade el Plan de mejora anual en funci\u00f3n de las necesidades encontradas en la memoria de Autoevaluaci\u00f3n del curso&#46;&#46;&#46;<\/p>\n","protected":false},"author":1,"featured_media":0,"parent":0,"menu_order":0,"comment_status":"open","ping_status":"open","template":"page-templates\/child-menu.php","meta":{"ngg_post_thumbnail":0,"footnotes":"","_mc_calendar":[]},"aioseo_notices":[],"_links":{"self":[{"href":"https:\/\/blogsaverroes.juntadeandalucia.es\/ieslaloma\/wp-json\/wp\/v2\/pages\/49"}],"collection":[{"href":"https:\/\/blogsaverroes.juntadeandalucia.es\/ieslaloma\/wp-json\/wp\/v2\/pages"}],"about":[{"href":"https:\/\/blogsaverroes.juntadeandalucia.es\/ieslaloma\/wp-json\/wp\/v2\/types\/page"}],"author":[{"embeddable":true,"href":"https:\/\/blogsaverroes.juntadeandalucia.es\/ieslaloma\/wp-json\/wp\/v2\/users\/1"}],"replies":[{"embeddable":true,"href":"https:\/\/blogsaverroes.juntadeandalucia.es\/ieslaloma\/wp-json\/wp\/v2\/comments?post=49"}],"version-history":[{"count":7,"href":"https:\/\/blogsaverroes.juntadeandalucia.es\/ieslaloma\/wp-json\/wp\/v2\/pages\/49\/revisions"}],"predecessor-version":[{"id":3496,"href":"https:\/\/blogsaverroes.juntadeandalucia.es\/ieslaloma\/wp-json\/wp\/v2\/pages\/49\/revisions\/3496"}],"wp:attachment":[{"href":"https:\/\/blogsaverroes.juntadeandalucia.es\/ieslaloma\/wp-json\/wp\/v2\/media?parent=49"}],"curies":[{"name":"wp","href":"https:\/\/api.w.org\/{rel}","templated":true}]}}