{"id":869,"date":"2015-03-16T07:03:52","date_gmt":"2015-03-16T07:03:52","guid":{"rendered":"http:\/\/blogsaverroes.juntadeandalucia.es\/pre\/ceip\/?page_id=84"},"modified":"2021-08-24T23:29:41","modified_gmt":"2021-08-24T23:29:41","slug":"calendario-escolar","status":"publish","type":"page","link":"https:\/\/blogsaverroes.juntadeandalucia.es\/ieslaloma\/calendario-escolar\/","title":{"rendered":"Calendario escolar"},"content":{"rendered":"<h4 style=\"text-align: center\"><strong>D\u00edas lectivos y festivos de la localidad.<\/strong><\/h4>\n<p><strong>8 de septiembre:<\/strong> Fiesta local (Romer\u00eda de Nuestra Se\u00f1ora de Las Monta\u00f1as).<\/p>\n<p><strong>24 de septiembre:&nbsp;<\/strong>Fiesta local (Feria de San Mateo).<\/p>\n","protected":false},"excerpt":{"rendered":"<p>D\u00edas lectivos y festivos de la localidad. 8 de septiembre: Fiesta local (Romer\u00eda de Nuestra Se\u00f1ora de Las Monta\u00f1as). 24 de septiembre:&nbsp;Fiesta local (Feria de San Mateo).<\/p>\n","protected":false},"author":1,"featured_media":0,"parent":0,"menu_order":0,"comment_status":"open","ping_status":"open","template":"page-templates\/child-menu.php","meta":{"ngg_post_thumbnail":0,"footnotes":"","_mc_calendar":[]},"aioseo_notices":[],"_links":{"self":[{"href":"https:\/\/blogsaverroes.juntadeandalucia.es\/ieslaloma\/wp-json\/wp\/v2\/pages\/869"}],"collection":[{"href":"https:\/\/blogsaverroes.juntadeandalucia.es\/ieslaloma\/wp-json\/wp\/v2\/pages"}],"about":[{"href":"https:\/\/blogsaverroes.juntadeandalucia.es\/ieslaloma\/wp-json\/wp\/v2\/types\/page"}],"author":[{"embeddable":true,"href":"https:\/\/blogsaverroes.juntadeandalucia.es\/ieslaloma\/wp-json\/wp\/v2\/users\/1"}],"replies":[{"embeddable":true,"href":"https:\/\/blogsaverroes.juntadeandalucia.es\/ieslaloma\/wp-json\/wp\/v2\/comments?post=869"}],"version-history":[{"count":13,"href":"https:\/\/blogsaverroes.juntadeandalucia.es\/ieslaloma\/wp-json\/wp\/v2\/pages\/869\/revisions"}],"predecessor-version":[{"id":3220,"href":"https:\/\/blogsaverroes.juntadeandalucia.es\/ieslaloma\/wp-json\/wp\/v2\/pages\/869\/revisions\/3220"}],"wp:attachment":[{"href":"https:\/\/blogsaverroes.juntadeandalucia.es\/ieslaloma\/wp-json\/wp\/v2\/media?parent=869"}],"curies":[{"name":"wp","href":"https:\/\/api.w.org\/{rel}","templated":true}]}}