{"id":113,"date":"2015-03-16T08:06:00","date_gmt":"2015-03-16T08:06:00","guid":{"rendered":"http:\/\/blogsaverroes.juntadeandalucia.es\/pre\/ceip\/?page_id=113"},"modified":"2022-07-12T14:34:34","modified_gmt":"2022-07-12T14:34:34","slug":"biblioteca","status":"publish","type":"page","link":"https:\/\/blogsaverroes.juntadeandalucia.es\/ieslamarisma\/biblioteca\/","title":{"rendered":"Biblioteca"},"content":{"rendered":"<p><iframe title=\"Bibliotecas escolares de Andaluc\u00eda al servicio de la comunidad educativa\" width=\"500\" height=\"281\" src=\"https:\/\/www.youtube.com\/embed\/N_rrGePF_zM?feature=oembed&#038;wmode=opaque\" frameborder=\"0\" allow=\"accelerometer; autoplay; clipboard-write; encrypted-media; gyroscope; picture-in-picture\" allowfullscreen><\/iframe><\/p>\n<p>&nbsp;<\/p>\n<p><a href=\"https:\/\/www.juntadeandalucia.es\/educacion\/senecav2\/seneca\/biblioweb\/portal\/21002011\">Portal Biblioteca S\u00e9neca<\/a><\/p>\n<p><a title=\"Bibliotecas escolares\" href=\"http:\/\/www.juntadeandalucia.es\/educacion\/webportal\/web\/lecturas-y-bibliotecas-escolares\/bibliotecas-escolares\" target=\"_blank\" rel=\"noopener noreferrer\">Enlace al portal sobre las Bibliotecas Escolares.&nbsp;<\/a><\/p>\n<p><a href=\"https:\/\/padlet.com\/bibliolamarisma\/qucv1ri0nwxj\">Tabl\u00f3n de Contenidos<\/a><\/p>\n<p><a href=\"https:\/\/docs.google.com\/forms\/d\/e\/1FAIpQLSdVO45eGKazWNVeZ3CfAyLnRrOlBrQrsodl0fxeQqwvHsTofg\/viewform\">Formulario sobre el Fomento de la Lectura<\/a><\/p>\n<table style=\"border-collapse: collapse;width: 100%\">\n<tbody>\n<tr>\n<td style=\"width: 50%\">\n<p style=\"text-align: left\"><strong><em>Reserva de libros (Indicar C\u00f3digo de Libro y Nombre\/Apellidos del lector en un mail a jgaldia522@g.educaand.es) o bien enviar completado <\/em><\/strong><strong><em>el siguiente formulario<\/em><\/strong><\/p>\n<p>&nbsp;<\/td>\n<td style=\"width: 50%\">&nbsp;<\/p>\n<p><div id=\"attachment_2875\" style=\"width: 183px\" class=\"wp-caption alignleft\"><a href=\"https:\/\/blogsaverroes.juntadeandalucia.es\/ieslamarisma\/files\/2021\/10\/20211029_090314-scaled.jpg\"><img decoding=\"async\" aria-describedby=\"caption-attachment-2875\" class=\"wp-image-2875\" src=\"https:\/\/blogsaverroes.juntadeandalucia.es\/ieslamarisma\/files\/2021\/10\/20211029_090314-225x300.jpg\" alt=\"\" width=\"173\" height=\"231\" srcset=\"https:\/\/blogsaverroes.juntadeandalucia.es\/ieslamarisma\/files\/2021\/10\/20211029_090314-225x300.jpg 225w, https:\/\/blogsaverroes.juntadeandalucia.es\/ieslamarisma\/files\/2021\/10\/20211029_090314-768x1024.jpg 768w, https:\/\/blogsaverroes.juntadeandalucia.es\/ieslamarisma\/files\/2021\/10\/20211029_090314-1152x1536.jpg 1152w, https:\/\/blogsaverroes.juntadeandalucia.es\/ieslamarisma\/files\/2021\/10\/20211029_090314-1536x2048.jpg 1536w, https:\/\/blogsaverroes.juntadeandalucia.es\/ieslamarisma\/files\/2021\/10\/20211029_090314-scaled.jpg 1200w\" sizes=\"(max-width: 173px) 100vw, 173px\" \/><\/a><p id=\"caption-attachment-2875\" class=\"wp-caption-text\">Ejemplo de c\u00f3digo de libro<\/p><\/div><\/td>\n<\/tr>\n<\/tbody>\n<\/table>\n<p><strong>Formulario pr\u00e9stamo de libro<\/strong><\/p>\n\n<div class=\"wpcf7 no-js\" id=\"wpcf7-f2858-o1\" lang=\"es-ES\" dir=\"ltr\">\n<div class=\"screen-reader-response\"><p role=\"status\" aria-live=\"polite\" aria-atomic=\"true\"><\/p> <ul><\/ul><\/div>\n<form action=\"\/ieslamarisma\/wp-json\/wp\/v2\/pages\/113#wpcf7-f2858-o1\" method=\"post\" class=\"wpcf7-form init\" aria-label=\"Formulario de contacto\" novalidate=\"novalidate\" data-status=\"init\">\n<div style=\"display: none;\">\n<input type=\"hidden\" name=\"_wpcf7\" value=\"2858\" \/>\n<input type=\"hidden\" name=\"_wpcf7_version\" value=\"5.9.8\" \/>\n<input type=\"hidden\" name=\"_wpcf7_locale\" value=\"es_ES\" \/>\n<input type=\"hidden\" name=\"_wpcf7_unit_tag\" value=\"wpcf7-f2858-o1\" \/>\n<input type=\"hidden\" name=\"_wpcf7_container_post\" value=\"0\" \/>\n<input type=\"hidden\" name=\"_wpcf7_posted_data_hash\" value=\"\" \/>\n<\/div>\n<p><label> Nombre (requerido)<br \/>\n<span class=\"wpcf7-form-control-wrap\" data-name=\"your-name\"><input size=\"40\" maxlength=\"400\" class=\"wpcf7-form-control wpcf7-text wpcf7-validates-as-required\" aria-required=\"true\" aria-invalid=\"false\" value=\"\" type=\"text\" name=\"your-name\" \/><\/span> <\/label>\n<\/p>\n<p><label> Tu correo electr\u00f3nico (requerido)<br \/>\n<span class=\"wpcf7-form-control-wrap\" data-name=\"your-email\"><input size=\"40\" maxlength=\"400\" class=\"wpcf7-form-control wpcf7-email wpcf7-validates-as-required wpcf7-text wpcf7-validates-as-email\" aria-required=\"true\" aria-invalid=\"false\" value=\"\" type=\"email\" name=\"your-email\" \/><\/span> <\/label>\n<\/p>\n<p><label> Fecha<br \/>\n<span class=\"wpcf7-form-control-wrap\" data-name=\"date-942\"><input class=\"wpcf7-form-control wpcf7-date wpcf7-validates-as-date\" aria-invalid=\"false\" value=\"\" type=\"date\" name=\"date-942\" \/><\/span> <\/label>\n<\/p>\n<p><label> C\u00f3digo Libro \/ Lector \/ Curso<br \/>\n<span class=\"wpcf7-form-control-wrap\" data-name=\"your-message\"><textarea cols=\"40\" rows=\"10\" maxlength=\"2000\" class=\"wpcf7-form-control wpcf7-textarea\" aria-invalid=\"false\" name=\"your-message\"><\/textarea><\/span> <\/label>\n<\/p>\n<p><input class=\"wpcf7-form-control wpcf7-submit has-spinner\" type=\"submit\" value=\"Enviar\" \/>\n<\/p><input type='hidden' class='wpcf7-pum' value='{\"closepopup\":false,\"closedelay\":0,\"openpopup\":false,\"openpopup_id\":0}' \/><div class=\"wpcf7-response-output\" aria-hidden=\"true\"><\/div>\n<\/form>\n<\/div>\n\n","protected":false},"excerpt":{"rendered":"<p>&nbsp; Portal Biblioteca S\u00e9neca Enlace al portal sobre las Bibliotecas Escolares.&nbsp; Tabl\u00f3n de Contenidos Formulario sobre el Fomento de la Lectura Reserva de libros (Indicar C\u00f3digo de Libro y Nombre\/Apellidos del lector en un&#46;&#46;&#46;<\/p>\n","protected":false},"author":1,"featured_media":0,"parent":0,"menu_order":0,"comment_status":"open","ping_status":"open","template":"page-templates\/child-menu.php","meta":{"ngg_post_thumbnail":0,"footnotes":"","_mc_calendar":[]},"aioseo_notices":[],"_links":{"self":[{"href":"https:\/\/blogsaverroes.juntadeandalucia.es\/ieslamarisma\/wp-json\/wp\/v2\/pages\/113"}],"collection":[{"href":"https:\/\/blogsaverroes.juntadeandalucia.es\/ieslamarisma\/wp-json\/wp\/v2\/pages"}],"about":[{"href":"https:\/\/blogsaverroes.juntadeandalucia.es\/ieslamarisma\/wp-json\/wp\/v2\/types\/page"}],"author":[{"embeddable":true,"href":"https:\/\/blogsaverroes.juntadeandalucia.es\/ieslamarisma\/wp-json\/wp\/v2\/users\/1"}],"replies":[{"embeddable":true,"href":"https:\/\/blogsaverroes.juntadeandalucia.es\/ieslamarisma\/wp-json\/wp\/v2\/comments?post=113"}],"version-history":[{"count":19,"href":"https:\/\/blogsaverroes.juntadeandalucia.es\/ieslamarisma\/wp-json\/wp\/v2\/pages\/113\/revisions"}],"predecessor-version":[{"id":3124,"href":"https:\/\/blogsaverroes.juntadeandalucia.es\/ieslamarisma\/wp-json\/wp\/v2\/pages\/113\/revisions\/3124"}],"wp:attachment":[{"href":"https:\/\/blogsaverroes.juntadeandalucia.es\/ieslamarisma\/wp-json\/wp\/v2\/media?parent=113"}],"curies":[{"name":"wp","href":"https:\/\/api.w.org\/{rel}","templated":true}]}}