{"id":2512,"date":"2020-10-01T16:11:31","date_gmt":"2020-10-01T16:11:31","guid":{"rendered":"https:\/\/blogsaverroes.juntadeandalucia.es\/ieslamarisma\/?page_id=2512"},"modified":"2021-10-03T09:41:26","modified_gmt":"2021-10-03T09:41:26","slug":"tutorias","status":"publish","type":"page","link":"https:\/\/blogsaverroes.juntadeandalucia.es\/ieslamarisma\/tutorias\/","title":{"rendered":"Tutor\u00edas"},"content":{"rendered":"<p>Informaci\u00f3n relevante para la acci\u00f3n tutorial. Incluye toda la documentaci\u00f3n necesaria para desempe\u00f1ar dicha funci\u00f3n.<\/p>\n<p><a href=\"https:\/\/drive.google.com\/drive\/folders\/1sZTcpfbUkC6LEhM_S7C4nEU3f82XEgzS\">Enlace de la carpeta de tutor\u00eda<\/a><\/p>\n","protected":false},"excerpt":{"rendered":"<p>Informaci\u00f3n relevante para la acci\u00f3n tutorial. Incluye toda la documentaci\u00f3n necesaria para desempe\u00f1ar dicha funci\u00f3n. Enlace de la carpeta de tutor\u00eda<\/p>\n","protected":false},"author":10553,"featured_media":0,"parent":0,"menu_order":0,"comment_status":"closed","ping_status":"closed","template":"","meta":{"ngg_post_thumbnail":0,"footnotes":"","_mc_calendar":[]},"aioseo_notices":[],"_links":{"self":[{"href":"https:\/\/blogsaverroes.juntadeandalucia.es\/ieslamarisma\/wp-json\/wp\/v2\/pages\/2512"}],"collection":[{"href":"https:\/\/blogsaverroes.juntadeandalucia.es\/ieslamarisma\/wp-json\/wp\/v2\/pages"}],"about":[{"href":"https:\/\/blogsaverroes.juntadeandalucia.es\/ieslamarisma\/wp-json\/wp\/v2\/types\/page"}],"author":[{"embeddable":true,"href":"https:\/\/blogsaverroes.juntadeandalucia.es\/ieslamarisma\/wp-json\/wp\/v2\/users\/10553"}],"replies":[{"embeddable":true,"href":"https:\/\/blogsaverroes.juntadeandalucia.es\/ieslamarisma\/wp-json\/wp\/v2\/comments?post=2512"}],"version-history":[{"count":5,"href":"https:\/\/blogsaverroes.juntadeandalucia.es\/ieslamarisma\/wp-json\/wp\/v2\/pages\/2512\/revisions"}],"predecessor-version":[{"id":2832,"href":"https:\/\/blogsaverroes.juntadeandalucia.es\/ieslamarisma\/wp-json\/wp\/v2\/pages\/2512\/revisions\/2832"}],"wp:attachment":[{"href":"https:\/\/blogsaverroes.juntadeandalucia.es\/ieslamarisma\/wp-json\/wp\/v2\/media?parent=2512"}],"curies":[{"name":"wp","href":"https:\/\/api.w.org\/{rel}","templated":true}]}}