{"id":2566,"date":"2020-10-23T09:34:43","date_gmt":"2020-10-23T09:34:43","guid":{"rendered":"https:\/\/blogsaverroes.juntadeandalucia.es\/ieslamarisma\/?page_id=2566"},"modified":"2022-09-17T19:13:00","modified_gmt":"2022-09-17T19:13:00","slug":"prevencion-de-riesgos-laborales","status":"publish","type":"page","link":"https:\/\/blogsaverroes.juntadeandalucia.es\/ieslamarisma\/prevencion-de-riesgos-laborales\/","title":{"rendered":"Documentaci\u00f3n de Prevenci\u00f3n de Riesgos Laborales"},"content":{"rendered":"<p>&nbsp;<\/p>\n<table style=\"border-collapse: collapse;width: 100%\">\n<tbody>\n<tr>\n<td style=\"width: 50%\"><img fetchpriority=\"high\" decoding=\"async\" class=\"alignnone size-medium wp-image-2565\" src=\"https:\/\/blogsaverroes.juntadeandalucia.es\/ieslamarisma\/files\/2020\/10\/RiegosLaborales-211x300.jpg\" alt=\"\" width=\"211\" height=\"300\" srcset=\"https:\/\/blogsaverroes.juntadeandalucia.es\/ieslamarisma\/files\/2020\/10\/RiegosLaborales-211x300.jpg 211w, https:\/\/blogsaverroes.juntadeandalucia.es\/ieslamarisma\/files\/2020\/10\/RiegosLaborales-17x24.jpg 17w, https:\/\/blogsaverroes.juntadeandalucia.es\/ieslamarisma\/files\/2020\/10\/RiegosLaborales-25x36.jpg 25w, https:\/\/blogsaverroes.juntadeandalucia.es\/ieslamarisma\/files\/2020\/10\/RiegosLaborales-34x48.jpg 34w, https:\/\/blogsaverroes.juntadeandalucia.es\/ieslamarisma\/files\/2020\/10\/RiegosLaborales.jpg 552w\" sizes=\"(max-width: 211px) 100vw, 211px\" \/><\/td>\n<td style=\"width: 50%\">\n<p style=\"text-align: left\"><a href=\"https:\/\/blogsaverroes.juntadeandalucia.es\/ieslamarisma\/files\/2022\/04\/11_Procedimiento-NI-01-edicio\u0301n-4F.pdf\">Procedimiento para la Comunicaci\u00f3n, Notificaci\u00f3n e Investigaci\u00f3n de Accidentes de Trabajo e Incidentes<\/a><\/p>\n<div id=\"contenido_sitio\" style=\"text-align: left\">\n<p><a href=\"https:\/\/blogsaverroes.juntadeandalucia.es\/ieslamarisma\/files\/2021\/10\/Plan_de_Autoproteccion_Escolar.pdf\">Plan de Autoprotecci\u00f3n<\/a><\/p>\n<p><a href=\"https:\/\/blogsaverroes.juntadeandalucia.es\/ieslamarisma\/files\/2022\/09\/RECOMENDACIONES-COVID-CURSO-2022.pdf\">Recomendaciones Covid Curso 2022\/2023<\/a><\/p>\n<p><a href=\"https:\/\/blogsaverroes.juntadeandalucia.es\/ieslamarisma\/files\/2020\/10\/Protocolo_Medico_Voz_del_Profesorado_CURSO.pdf\">Protocolo M\u00e9dico Voz del Profesorado<\/a><\/p>\n<p><a href=\"https:\/\/blogsaverroes.juntadeandalucia.es\/ieslamarisma\/files\/2020\/10\/Lugares_de_Trabajo.pdf\">Lugares de Trabajo<\/a><\/p>\n<p><a href=\"https:\/\/blogsaverroes.juntadeandalucia.es\/ieslamarisma\/files\/2020\/10\/Orden_PAE.pdf\">Orden PAE<\/a><\/p>\n<p><a href=\"https:\/\/blogsaverroes.juntadeandalucia.es\/ieslamarisma\/files\/2020\/10\/PRESENTACION_PLAN_DE_AUTOPROTECCION_IES_LA_MARISMA_1.pdf\">Presentaci\u00f3n Plan de Autoprotecci\u00f3n IES La Marisma<\/a><\/p>\n<p><a href=\"https:\/\/blogsaverroes.juntadeandalucia.es\/ieslamarisma\/files\/2020\/10\/PVD.pdf\">Pantallas de Visualizaci\u00f3n de Datos<\/a><\/p>\n<p><a href=\"https:\/\/blogsaverroes.juntadeandalucia.es\/ieslamarisma\/files\/2020\/10\/PVD.pdf\">Carpetas Tutores Protocolos de Actuaci\u00f3n<\/a><\/p>\n<p><a href=\"https:\/\/blogsaverroes.juntadeandalucia.es\/ieslamarisma\/files\/2020\/10\/Manual_Seguridad_.pdf\">Manual de Seguridad<\/a><\/p>\n<p><a href=\"https:\/\/blogsaverroes.juntadeandalucia.es\/ieslamarisma\/files\/2020\/10\/Incendios.pdf\">Incendios<\/a><\/p>\n<p><a href=\"https:\/\/blogsaverroes.juntadeandalucia.es\/ieslamarisma\/files\/2020\/10\/CARPETA_TUTORES_AUTOPROTECCION.pdf\">Carpeta de Tutores de Autoprotecci\u00f3n<\/a><\/p>\n<p><a href=\"https:\/\/blogsaverroes.juntadeandalucia.es\/ieslamarisma\/files\/2020\/10\/INSTRUCCIONES_AL_PROFESORADO__PARA_LA_REALIZACION_DE_UN_SIMULACRO.pdf\">Instrucciones al profesorado para la realizaci\u00f3n de Simulacros<\/a><\/p>\n<p><a href=\"https:\/\/blogsaverroes.juntadeandalucia.es\/ieslamarisma\/files\/2020\/10\/INSTRUCCIONES_DE_EVACUACION_ANTE_UNA_SITUACION_DE_EMERGENCIA.pdf\">Instrucciones de evacuaci\u00f3n ante una posible emergencia<\/a><\/p>\n<p><a href=\"https:\/\/blogsaverroes.juntadeandalucia.es\/ieslamarisma\/files\/2021\/10\/autorizacion-de-administracion-de-medicamentos.pdf\">Autorizaci\u00f3n de administraci\u00f3n de medicamentos<\/a><\/p>\n<p><a href=\"https:\/\/blogsaverroes.juntadeandalucia.es\/ieslamarisma\/files\/2021\/10\/INTERVENCION-EN-LAS-CLASES-DE-EDUCACIO\u0301N-FISICA-U-OTRA-QUE-IMPLIQUE-ACTIVIDAD.pdf\">Intervenci\u00f3n en las clases de Educaci\u00f3n F\u00edsica u otra que implique actividad con alumnado con diabetes<\/a><\/p>\n<p><a href=\"https:\/\/blogsaverroes.juntadeandalucia.es\/ieslamarisma\/files\/2021\/10\/PROTOCOLO-DE-URGENCIAS-diabetes.pdf\">Protocolo de urgencias con diabetes<\/a><\/p>\n<p><a href=\"https:\/\/blogsaverroes.juntadeandalucia.es\/ieslamarisma\/files\/2021\/10\/Orientaciones-de-actuacion-en-enfermedades-cronicas.pdf\">Orientaciones de actuaci\u00f3n en enfermedades cr\u00f3nicas<\/a><\/p>\n<p><a href=\"https:\/\/blogsaverroes.juntadeandalucia.es\/ieslamarisma\/files\/2021\/10\/consejos-y-cuadernillos-trabajar-tutorias.zip\">Consejos y cuadernillos para trabajar en tutor\u00edas<\/a><\/p>\n<p><a href=\"https:\/\/blogsaverroes.juntadeandalucia.es\/ieslamarisma\/files\/2022\/03\/FORMACIO\u0301N-ALUMNADO.pdf\">Formaci\u00f3n del Alumnado<\/a><\/p>\n<p><a href=\"https:\/\/drive.google.com\/file\/d\/1Ds9EPyH9Ap_gyo6-92XnNDehQhAkkA_G\/view?usp=sharing_eil_m&amp;ts=6232fe66&amp;sh=sfhccZexcv3Knih6&amp;ca=1\">Video Riesgos Laborales<\/a><\/p>\n<p><a href=\"https:\/\/blogsaverroes.juntadeandalucia.es\/ieslamarisma\/files\/2020\/10\/ANEXO_Iautoproteccion.pdf\">Anexo I<\/a><\/p>\n<p><a href=\"https:\/\/blogsaverroes.juntadeandalucia.es\/ieslamarisma\/files\/2020\/10\/Seguridad_Centros_Docentes.pdf\">Anexo II<\/a><\/p>\n<\/div>\n<\/td>\n<\/tr>\n<\/tbody>\n<\/table>\n<div id=\"contenido_sitio\">\n<p style=\"text-align: left\">&nbsp;<\/p>\n<\/div>\n","protected":false},"excerpt":{"rendered":"<p>&nbsp; Procedimiento para la Comunicaci\u00f3n, Notificaci\u00f3n e Investigaci\u00f3n de Accidentes de Trabajo e Incidentes Plan de Autoprotecci\u00f3n Recomendaciones Covid Curso 2022\/2023 Protocolo M\u00e9dico Voz del Profesorado Lugares de Trabajo Orden PAE Presentaci\u00f3n Plan de&#46;&#46;&#46;<\/p>\n","protected":false},"author":10553,"featured_media":0,"parent":0,"menu_order":0,"comment_status":"closed","ping_status":"closed","template":"","meta":{"ngg_post_thumbnail":0,"footnotes":"","_mc_calendar":[]},"aioseo_notices":[],"_links":{"self":[{"href":"https:\/\/blogsaverroes.juntadeandalucia.es\/ieslamarisma\/wp-json\/wp\/v2\/pages\/2566"}],"collection":[{"href":"https:\/\/blogsaverroes.juntadeandalucia.es\/ieslamarisma\/wp-json\/wp\/v2\/pages"}],"about":[{"href":"https:\/\/blogsaverroes.juntadeandalucia.es\/ieslamarisma\/wp-json\/wp\/v2\/types\/page"}],"author":[{"embeddable":true,"href":"https:\/\/blogsaverroes.juntadeandalucia.es\/ieslamarisma\/wp-json\/wp\/v2\/users\/10553"}],"replies":[{"embeddable":true,"href":"https:\/\/blogsaverroes.juntadeandalucia.es\/ieslamarisma\/wp-json\/wp\/v2\/comments?post=2566"}],"version-history":[{"count":29,"href":"https:\/\/blogsaverroes.juntadeandalucia.es\/ieslamarisma\/wp-json\/wp\/v2\/pages\/2566\/revisions"}],"predecessor-version":[{"id":3158,"href":"https:\/\/blogsaverroes.juntadeandalucia.es\/ieslamarisma\/wp-json\/wp\/v2\/pages\/2566\/revisions\/3158"}],"wp:attachment":[{"href":"https:\/\/blogsaverroes.juntadeandalucia.es\/ieslamarisma\/wp-json\/wp\/v2\/media?parent=2566"}],"curies":[{"name":"wp","href":"https:\/\/api.w.org\/{rel}","templated":true}]}}