{"id":2650,"date":"2020-10-24T10:32:58","date_gmt":"2020-10-24T10:32:58","guid":{"rendered":"https:\/\/blogsaverroes.juntadeandalucia.es\/ieslamarisma\/?page_id=2650"},"modified":"2023-03-29T06:18:56","modified_gmt":"2023-03-29T06:18:56","slug":"proyecto-erasmus-ka101","status":"publish","type":"page","link":"https:\/\/blogsaverroes.juntadeandalucia.es\/ieslamarisma\/proyecto-erasmus-ka101\/","title":{"rendered":"ErasmusKA101"},"content":{"rendered":"<div id=\"top\" class=\"body\">\n<div class=\"container\">\n<div class=\"row-fluid\">\n<div class=\"blog\">\n<div class=\"items-leading clearfix\">\n<div class=\"leading-0\">\n<div class=\"page-header\">\n<table style=\"border-collapse: collapse;width: 100%\">\n<tbody>\n<tr>\n<td style=\"width: 16.6667%;text-align: center\"><a href=\"https:\/\/blogsaverroes.juntadeandalucia.es\/ieslamarisma\/movilidades\/\">Movilidades<\/a><\/td>\n<td style=\"width: 16.6667%;text-align: center\"><a href=\"https:\/\/blogsaverroes.juntadeandalucia.es\/ieslamarisma\/actas-erasmus\/\">Documentos<\/a><\/td>\n<td style=\"width: 16.6667%;text-align: center\"><a href=\"https:\/\/blogsaverroes.juntadeandalucia.es\/ieslamarisma\/actividades-ka101\/\">Actividades<\/a><\/td>\n<td style=\"width: 16.6667%;text-align: center\"><a href=\"https:\/\/blogsaverroes.juntadeandalucia.es\/ieslamarisma\/difusion-ka101\/\">Difusi\u00f3n<\/a><\/td>\n<td style=\"width: 16.6667%;text-align: center\"><a href=\"https:\/\/blogsaverroes.juntadeandalucia.es\/ieslamarisma\/videos-ka101\/\">Videos<\/a><\/td>\n<td style=\"width: 16.6667%;text-align: center\"><a href=\"https:\/\/twinspace.etwinning.net\/46181\/home\">TwinSpace<\/a><\/td>\n<\/tr>\n<\/tbody>\n<\/table>\n<h2>Erasmus+ ka101 \u00abAbordar el abandono escolar\u00bb<\/h2>\n<\/div>\n<p>El proyecto Erasmus + \u201cabordar el abandono escolar a trav\u00e9s de la motivaci\u00f3n de los estudiantes\u201d consiste en realizar movilidades \u201cjob- shadowing\u201d, cursos de formaci\u00f3n y actividades con el alumnado.<\/p>\n<p><strong>INFORMACI\u00d3N DEL PROYECTO<\/strong><br \/>\nNuestro centro se encuentra en una zona marginal de Huelva por ello pretendemos con este proyecto que sea una ayuda para cubrir algunas de las necesidades que encontramos en nuestro instituto:<\/p>\n<ul>\n<li>Reducci\u00f3n del abandono escolar.<\/li>\n<li>Reducci\u00f3n del fracaso escolar y mejora de&nbsp; la convivencia.<\/li>\n<li>Incrementar las competencias ling\u00fc\u00edsticas.<\/li>\n<li>Mejorar el conocimiento de metodolog\u00edas modernas e innovadoras.<\/li>\n<\/ul>\n<p>Para ello se van a realizar actividades con la finalidad de adquirir conocimientos que se puedan aplicar en el aula y as\u00ed lograr nuestros objetivos. Consideramos muy importante el contacto entre centros de diferentes pa\u00edses para conseguir una mayor internacionalizaci\u00f3n del centro.<\/p>\n<p><strong>OBJETIVOS<\/strong><br \/>\nCon este proyecto pretendemos aumentar la capacidad de comunicaci\u00f3n de los alumnos tanto en su propia lengua como en una lengua extranjera, pretendemos que los alumnos conozcan diferentes realidades y culturas, y que logren aceptarlas, as\u00ed como que sepan transmitir informaci\u00f3n sobre su propia identidad.<\/p>\n<p>Debido a que estamos viviendo en un mundo donde la tecnolog\u00eda es tan importante consideramos tambi\u00e9n primordial que sepan manejar las nuevas tecnolog\u00edas.<\/p>\n<p>Consideramos tambi\u00e9n de vital importancia la difusi\u00f3n en nuestro instituto y su entorno, por ello emplearemos todos los medios a nuestro alcance para su difusi\u00f3n, tales como charlas-coloquio, exposiciones, Webs, etc. Se har\u00e1 part\u00edcipe de \u00e9l a toda la Comunidad Educativa (Consejo Escolar, Departamentos, alumnado, familias) y a las instituciones del entorno escolar para optimizar todo nuestro aprendizaje. Se mantendr\u00e1n contactos y experiencias con los centros en nuestra provincia que realicen actividades similares, pudi\u00e9ndose organizar posibles encuentros para intercambiar experiencias o unificar criterios de actuaci\u00f3n.<\/p>\n<p><strong>PROCESO DE TRABAJO<\/strong><br \/>\nDurante la realizaci\u00f3n del proyecto se van a realizar las siguientes actividades:<\/p>\n<ul>\n<li>Actividades realizadas a partir de los conocimientos aprendidos en las movilidades y en los cursos en el extranjero.<\/li>\n<\/ul>\n<p>Dichas actividades, ser\u00e1n difundidas al resto del claustro a trav\u00e9s de talleres que se realizar\u00e1n en el centro.<\/p>\n<p><strong>Cursos 2017-2019<\/strong><\/p>\n<ul>\n<li>Intercambio de idiomas utilizando Skype. (cursos 2017-2019). Equipos compuestos por estudiantes de diferentes centros.<\/li>\n<li>Intercambio de cartas mediante e-mail. (curso 2017-2019) Equipos compuestos por estudiantes de diferentes centros.<\/li>\n<li>Webinar sobre Huelva y su provincia. (curso 2017-2019)<\/li>\n<li>Realizaci\u00f3n de un club de lectura en lengua extranjera. (cursos 2017-2019) Equipos compuestos por estudiantes de diferentes centros.<\/li>\n<\/ul>\n<p>Todas estas actividades se van a realizar con distintos centros que son \u00abLiceo Scientifico Linguistico Statale A.M. de Carlo\u00bb en N\u00e1poles y el \u00abColegiul Technic Energetic\u00bb de Craiova. Estas actividades van a ser realizadas por los alumnos de los diferentes institutos. Pretendemos con estas actividades motivar al alumnado, aumentar los conocimientos digitales y mejorar el aprendizaje de idiomas.<\/p>\n<p>&nbsp;<\/p>\n<p><img fetchpriority=\"high\" decoding=\"async\" class=\"aligncenter\" src=\"https:\/\/3.bp.blogspot.com\/-Q3LWOvVmIyU\/WXC1J2fYyEI\/AAAAAAAAAAg\/BhEZveSTyXc5fyWdc5unrGU6AYpH4YivACLcBGAs\/s1600\/IMG_1097.JPG\" alt=\"proyecto erasmus+ KA101\" width=\"300\" height=\"400\"><\/p>\n<table style=\"border-collapse: collapse;width: 100%\">\n<tbody>\n<tr>\n<td style=\"width: 16.6667%;text-align: center\"><a href=\"https:\/\/blogsaverroes.juntadeandalucia.es\/ieslamarisma\/movilidades\/\">Movilidades<\/a><\/td>\n<td style=\"width: 16.6667%;text-align: center\"><a href=\"https:\/\/blogsaverroes.juntadeandalucia.es\/ieslamarisma\/actas-erasmus\/\">Documentos<\/a><\/td>\n<td style=\"width: 16.6667%;text-align: center\"><a href=\"https:\/\/blogsaverroes.juntadeandalucia.es\/ieslamarisma\/actividades-ka101\/\">Actividades<\/a><\/td>\n<td style=\"width: 16.6667%;text-align: center\"><a href=\"https:\/\/blogsaverroes.juntadeandalucia.es\/ieslamarisma\/difusion-ka101\/\">Difusi\u00f3n<\/a><\/td>\n<td style=\"width: 16.6667%;text-align: center\"><a href=\"https:\/\/blogsaverroes.juntadeandalucia.es\/ieslamarisma\/videos-ka101\/\">Videos<\/a><\/td>\n<td style=\"width: 16.6667%;text-align: center\"><a href=\"https:\/\/twinspace.etwinning.net\/46181\/home\">TwinSpace<\/a><\/td>\n<\/tr>\n<\/tbody>\n<\/table>\n<\/div>\n<\/div>\n<\/div>\n<\/div>\n<\/div>\n<\/div>\n<footer class=\"footer\" role=\"contentinfo\">\n<div class=\"container\">\n<hr>\n<div class=\"custom\">\n<div class=\"table-responsive\">\n<table class=\"table\">\n<tbody>\n<tr>\n<td><a href=\"https:\/\/ec.europa.eu\/programmes\/erasmus-plus\/\"><img decoding=\"async\" src=\"https:\/\/ieslamarisma.net\/images\/articulos\/erasmus\/Erasmus280.png\" alt=\"Erasmus\" width=\"255\" height=\"100\"><\/a><\/td>\n<td><a href=\"https:\/\/erasmusplusols.eu\/\"><img decoding=\"async\" src=\"https:\/\/ieslamarisma.net\/images\/articulos\/erasmus\/Erasmus-OLS.png\" alt=\"Erasmus OLS\" width=\"250\" height=\"100\"><\/a><\/td>\n<td><a href=\"https:\/\/europass.cedefop.europa.eu\/\"><img loading=\"lazy\" decoding=\"async\" src=\"https:\/\/ieslamarisma.net\/images\/articulos\/erasmus\/europass.png\" alt=\"europass\" width=\"180\" height=\"100\"><\/a><\/td>\n<td><a href=\"https:\/\/www.etwinning.net\/\"><img loading=\"lazy\" decoding=\"async\" src=\"https:\/\/ieslamarisma.net\/images\/articulos\/erasmus\/etwinning.png\" alt=\"etwinning\" width=\"132\" height=\"100\"><\/a><\/td>\n<\/tr>\n<\/tbody>\n<\/table>\n<h4><a title=\"Erasmus\" href=\"https:\/\/blogsaverroes.juntadeandalucia.es\/ieslamarisma\/erasmus\/\">volver<\/a><\/h4>\n<\/div>\n<\/div>\n<\/div>\n<\/footer>\n","protected":false},"excerpt":{"rendered":"<p>Movilidades Documentos Actividades Difusi\u00f3n Videos TwinSpace Erasmus+ ka101 \u00abAbordar el abandono escolar\u00bb El proyecto Erasmus + \u201cabordar el abandono escolar a trav\u00e9s de la motivaci\u00f3n de los estudiantes\u201d consiste en realizar movilidades \u201cjob- shadowing\u201d,&#46;&#46;&#46;<\/p>\n","protected":false},"author":10553,"featured_media":0,"parent":0,"menu_order":0,"comment_status":"closed","ping_status":"closed","template":"","meta":{"ngg_post_thumbnail":0,"footnotes":"","_mc_calendar":[]},"aioseo_notices":[],"_links":{"self":[{"href":"https:\/\/blogsaverroes.juntadeandalucia.es\/ieslamarisma\/wp-json\/wp\/v2\/pages\/2650"}],"collection":[{"href":"https:\/\/blogsaverroes.juntadeandalucia.es\/ieslamarisma\/wp-json\/wp\/v2\/pages"}],"about":[{"href":"https:\/\/blogsaverroes.juntadeandalucia.es\/ieslamarisma\/wp-json\/wp\/v2\/types\/page"}],"author":[{"embeddable":true,"href":"https:\/\/blogsaverroes.juntadeandalucia.es\/ieslamarisma\/wp-json\/wp\/v2\/users\/10553"}],"replies":[{"embeddable":true,"href":"https:\/\/blogsaverroes.juntadeandalucia.es\/ieslamarisma\/wp-json\/wp\/v2\/comments?post=2650"}],"version-history":[{"count":11,"href":"https:\/\/blogsaverroes.juntadeandalucia.es\/ieslamarisma\/wp-json\/wp\/v2\/pages\/2650\/revisions"}],"predecessor-version":[{"id":3432,"href":"https:\/\/blogsaverroes.juntadeandalucia.es\/ieslamarisma\/wp-json\/wp\/v2\/pages\/2650\/revisions\/3432"}],"wp:attachment":[{"href":"https:\/\/blogsaverroes.juntadeandalucia.es\/ieslamarisma\/wp-json\/wp\/v2\/media?parent=2650"}],"curies":[{"name":"wp","href":"https:\/\/api.w.org\/{rel}","templated":true}]}}