{"id":2663,"date":"2020-10-24T11:07:52","date_gmt":"2020-10-24T11:07:52","guid":{"rendered":"https:\/\/blogsaverroes.juntadeandalucia.es\/ieslamarisma\/?page_id=2663"},"modified":"2021-09-05T15:06:56","modified_gmt":"2021-09-05T15:06:56","slug":"guias","status":"publish","type":"page","link":"https:\/\/blogsaverroes.juntadeandalucia.es\/ieslamarisma\/guias\/","title":{"rendered":"Gu\u00edas"},"content":{"rendered":"<p><a href=\"https:\/\/blogsaverroes.juntadeandalucia.es\/ieslamarisma\/files\/2020\/10\/books-4927853_960_720.png\"><img fetchpriority=\"high\" decoding=\"async\" class=\"alignnone size-medium wp-image-2665\" src=\"https:\/\/blogsaverroes.juntadeandalucia.es\/ieslamarisma\/files\/2020\/10\/books-4927853_960_720-295x300.png\" alt=\"\" width=\"295\" height=\"300\" srcset=\"https:\/\/blogsaverroes.juntadeandalucia.es\/ieslamarisma\/files\/2020\/10\/books-4927853_960_720-295x300.png 295w, https:\/\/blogsaverroes.juntadeandalucia.es\/ieslamarisma\/files\/2020\/10\/books-4927853_960_720-80x80.png 80w, https:\/\/blogsaverroes.juntadeandalucia.es\/ieslamarisma\/files\/2020\/10\/books-4927853_960_720-24x24.png 24w, https:\/\/blogsaverroes.juntadeandalucia.es\/ieslamarisma\/files\/2020\/10\/books-4927853_960_720-36x36.png 36w, https:\/\/blogsaverroes.juntadeandalucia.es\/ieslamarisma\/files\/2020\/10\/books-4927853_960_720-48x48.png 48w, https:\/\/blogsaverroes.juntadeandalucia.es\/ieslamarisma\/files\/2020\/10\/books-4927853_960_720.png 708w\" sizes=\"(max-width: 295px) 100vw, 295px\" \/><\/a><\/p>\n<p><a href=\"https:\/\/blogsaverroes.juntadeandalucia.es\/ieslamarisma\/files\/2020\/10\/guia_del_alumno.pdf\">Gu\u00eda del alumno<\/a><\/p>\n<p><a href=\"https:\/\/blogsaverroes.juntadeandalucia.es\/ieslamarisma\/files\/2021\/09\/GUI\u0301A-DEL-PROFESORADO-21-22.pdf\">Gu\u00eda del profesor<\/a><\/p>\n<p><a href=\"https:\/\/blogsaverroes.juntadeandalucia.es\/ieslamarisma\/files\/2020\/10\/Guia_FCT.pdf\">Gu\u00eda de la FCT<\/a><\/p>\n<p><a href=\"https:\/\/blogsaverroes.juntadeandalucia.es\/ieslamarisma\/files\/2020\/10\/GUIA_OVP_20202021_ANDALUCIA_COMPLETA.pdf\">Gu\u00eda Orientaci\u00f3n Vocacional Ocupacional Profesional 20\/21<\/a><\/p>\n<p><a href=\"https:\/\/blogsaverroes.juntadeandalucia.es\/ieslamarisma\/files\/2021\/04\/Presentacio\u0301nINICIO-DE-CURSO-PROFESORADO.pdf\">Presentacio\u0301n de Inicio de Curso del Profesorado<\/a><\/p>\n","protected":false},"excerpt":{"rendered":"<p>Gu\u00eda del alumno Gu\u00eda del profesor Gu\u00eda de la FCT Gu\u00eda Orientaci\u00f3n Vocacional Ocupacional Profesional 20\/21 Presentacio\u0301n de Inicio de Curso del Profesorado<\/p>\n","protected":false},"author":10553,"featured_media":0,"parent":0,"menu_order":0,"comment_status":"closed","ping_status":"closed","template":"","meta":{"ngg_post_thumbnail":0,"footnotes":"","_mc_calendar":[]},"aioseo_notices":[],"_links":{"self":[{"href":"https:\/\/blogsaverroes.juntadeandalucia.es\/ieslamarisma\/wp-json\/wp\/v2\/pages\/2663"}],"collection":[{"href":"https:\/\/blogsaverroes.juntadeandalucia.es\/ieslamarisma\/wp-json\/wp\/v2\/pages"}],"about":[{"href":"https:\/\/blogsaverroes.juntadeandalucia.es\/ieslamarisma\/wp-json\/wp\/v2\/types\/page"}],"author":[{"embeddable":true,"href":"https:\/\/blogsaverroes.juntadeandalucia.es\/ieslamarisma\/wp-json\/wp\/v2\/users\/10553"}],"replies":[{"embeddable":true,"href":"https:\/\/blogsaverroes.juntadeandalucia.es\/ieslamarisma\/wp-json\/wp\/v2\/comments?post=2663"}],"version-history":[{"count":9,"href":"https:\/\/blogsaverroes.juntadeandalucia.es\/ieslamarisma\/wp-json\/wp\/v2\/pages\/2663\/revisions"}],"predecessor-version":[{"id":2796,"href":"https:\/\/blogsaverroes.juntadeandalucia.es\/ieslamarisma\/wp-json\/wp\/v2\/pages\/2663\/revisions\/2796"}],"wp:attachment":[{"href":"https:\/\/blogsaverroes.juntadeandalucia.es\/ieslamarisma\/wp-json\/wp\/v2\/media?parent=2663"}],"curies":[{"name":"wp","href":"https:\/\/api.w.org\/{rel}","templated":true}]}}