{"id":2745,"date":"2021-03-17T15:17:22","date_gmt":"2021-03-17T15:17:22","guid":{"rendered":"https:\/\/blogsaverroes.juntadeandalucia.es\/ieslamarisma\/?page_id=2745"},"modified":"2021-03-17T15:22:28","modified_gmt":"2021-03-17T15:22:28","slug":"dia8marzomujer","status":"publish","type":"page","link":"https:\/\/blogsaverroes.juntadeandalucia.es\/ieslamarisma\/dia8marzomujer\/","title":{"rendered":"D\u00eda 8 de Marzo &#8211; D\u00eda Internacional de la Mujer Trabajadora"},"content":{"rendered":"<div><a href=\"https:\/\/blogsaverroes.juntadeandalucia.es\/ieslamarisma\/files\/2021\/03\/316437.png\"><img fetchpriority=\"high\" decoding=\"async\" class=\"alignnone size-medium wp-image-2747\" src=\"https:\/\/blogsaverroes.juntadeandalucia.es\/ieslamarisma\/files\/2021\/03\/316437-256x300.png\" alt=\"\" width=\"256\" height=\"300\" srcset=\"https:\/\/blogsaverroes.juntadeandalucia.es\/ieslamarisma\/files\/2021\/03\/316437-256x300.png 256w, https:\/\/blogsaverroes.juntadeandalucia.es\/ieslamarisma\/files\/2021\/03\/316437.png 683w\" sizes=\"(max-width: 256px) 100vw, 256px\" \/><\/a><\/div>\n<div>&nbsp;<\/div>\n<div><em>El IES La Marisma, nos invita a conocer a las mujeres de un nuevo planeta,&nbsp; Planeta Open Mind. En este planeta, las mujeres se han sentido libres para&nbsp;elegir profesiones en sectores tan apasionantes como la&nbsp; Miner\u00eda, la Ingenier\u00eda Aeroespacial, la Marina Mercante, la Biolog\u00eda, la Bioqu\u00edmica, la Investigaci\u00f3n o la Ingenier\u00eda Inform\u00e1tica.<\/em><\/div>\n<div><em>\u00bfTe animas a descubrir tu verdadera pasi\u00f3n?<\/em><\/div>\n<div>&nbsp;<\/div>\n<div><a href=\"https:\/\/drive.google.com\/file\/d\/1yfX7YSiXwEHbOPEct--1XtmSXdhsscDe\/view?usp=sharing\">Enlace al video<\/a><\/div>\n<div>&nbsp;<\/div>\n","protected":false},"excerpt":{"rendered":"<p>&nbsp; El IES La Marisma, nos invita a conocer a las mujeres de un nuevo planeta,&nbsp; Planeta Open Mind. En este planeta, las mujeres se han sentido libres para&nbsp;elegir profesiones en sectores tan apasionantes&#46;&#46;&#46;<\/p>\n","protected":false},"author":10553,"featured_media":0,"parent":0,"menu_order":0,"comment_status":"closed","ping_status":"closed","template":"","meta":{"ngg_post_thumbnail":0,"footnotes":"","_mc_calendar":[]},"aioseo_notices":[],"_links":{"self":[{"href":"https:\/\/blogsaverroes.juntadeandalucia.es\/ieslamarisma\/wp-json\/wp\/v2\/pages\/2745"}],"collection":[{"href":"https:\/\/blogsaverroes.juntadeandalucia.es\/ieslamarisma\/wp-json\/wp\/v2\/pages"}],"about":[{"href":"https:\/\/blogsaverroes.juntadeandalucia.es\/ieslamarisma\/wp-json\/wp\/v2\/types\/page"}],"author":[{"embeddable":true,"href":"https:\/\/blogsaverroes.juntadeandalucia.es\/ieslamarisma\/wp-json\/wp\/v2\/users\/10553"}],"replies":[{"embeddable":true,"href":"https:\/\/blogsaverroes.juntadeandalucia.es\/ieslamarisma\/wp-json\/wp\/v2\/comments?post=2745"}],"version-history":[{"count":3,"href":"https:\/\/blogsaverroes.juntadeandalucia.es\/ieslamarisma\/wp-json\/wp\/v2\/pages\/2745\/revisions"}],"predecessor-version":[{"id":2750,"href":"https:\/\/blogsaverroes.juntadeandalucia.es\/ieslamarisma\/wp-json\/wp\/v2\/pages\/2745\/revisions\/2750"}],"wp:attachment":[{"href":"https:\/\/blogsaverroes.juntadeandalucia.es\/ieslamarisma\/wp-json\/wp\/v2\/media?parent=2745"}],"curies":[{"name":"wp","href":"https:\/\/api.w.org\/{rel}","templated":true}]}}