{"id":2816,"date":"2021-09-27T17:46:38","date_gmt":"2021-09-27T17:46:38","guid":{"rendered":"https:\/\/blogsaverroes.juntadeandalucia.es\/ieslamarisma\/?page_id=2816"},"modified":"2022-05-16T17:27:22","modified_gmt":"2022-05-16T17:27:22","slug":"programa-acredita","status":"publish","type":"page","link":"https:\/\/blogsaverroes.juntadeandalucia.es\/ieslamarisma\/programa-acredita\/","title":{"rendered":"Programa Acredita"},"content":{"rendered":"<p><a href=\"https:\/\/blogsaverroes.juntadeandalucia.es\/ieslamarisma\/files\/2021\/09\/ProgramaAcredita.png\"><img decoding=\"async\" class=\"alignnone wp-image-2818\" src=\"https:\/\/blogsaverroes.juntadeandalucia.es\/ieslamarisma\/files\/2021\/09\/ProgramaAcredita-300x78.png\" alt=\"\" width=\"358\" height=\"93\" srcset=\"https:\/\/blogsaverroes.juntadeandalucia.es\/ieslamarisma\/files\/2021\/09\/ProgramaAcredita-300x78.png 300w, https:\/\/blogsaverroes.juntadeandalucia.es\/ieslamarisma\/files\/2021\/09\/ProgramaAcredita-1024x265.png 1024w, https:\/\/blogsaverroes.juntadeandalucia.es\/ieslamarisma\/files\/2021\/09\/ProgramaAcredita-768x198.png 768w, https:\/\/blogsaverroes.juntadeandalucia.es\/ieslamarisma\/files\/2021\/09\/ProgramaAcredita-1536x397.png 1536w, https:\/\/blogsaverroes.juntadeandalucia.es\/ieslamarisma\/files\/2021\/09\/ProgramaAcredita.png 1600w\" sizes=\"(max-width: 358px) 100vw, 358px\" \/><\/a><\/p>\n<p class=\"p1\"><a href=\"https:\/\/blogsaverroes.juntadeandalucia.es\/ieslamarisma\/files\/2021\/09\/Listado_provisional_solicitudes_Acredita_EACCANDPROV01_21_signed.pdf\">Relaci\u00f3n de personas admitidas y no admitidas al procedimiento de evaluaci\u00f3n y acreditaci\u00f3n de las competencias profesionales<\/a><\/p>\n<p class=\"p1\"><a href=\"https:\/\/blogsaverroes.juntadeandalucia.es\/ieslamarisma\/files\/2022\/05\/lista-definitiva-Acredita_signed.pdf\">Relaci\u00f3n definitiva de personas admitidas y no admitidas al procedimiento de evaluaci\u00f3n y acreditaci\u00f3n de las competencias profesionales<\/a><\/p>\n<p>&nbsp;<\/p>\n","protected":false},"excerpt":{"rendered":"<p>Relaci\u00f3n de personas admitidas y no admitidas al procedimiento de evaluaci\u00f3n y acreditaci\u00f3n de las competencias profesionales Relaci\u00f3n definitiva de personas admitidas y no admitidas al procedimiento de evaluaci\u00f3n y acreditaci\u00f3n de las competencias&#46;&#46;&#46;<\/p>\n","protected":false},"author":10553,"featured_media":0,"parent":0,"menu_order":0,"comment_status":"closed","ping_status":"closed","template":"","meta":{"ngg_post_thumbnail":0,"footnotes":"","_mc_calendar":[]},"aioseo_notices":[],"_links":{"self":[{"href":"https:\/\/blogsaverroes.juntadeandalucia.es\/ieslamarisma\/wp-json\/wp\/v2\/pages\/2816"}],"collection":[{"href":"https:\/\/blogsaverroes.juntadeandalucia.es\/ieslamarisma\/wp-json\/wp\/v2\/pages"}],"about":[{"href":"https:\/\/blogsaverroes.juntadeandalucia.es\/ieslamarisma\/wp-json\/wp\/v2\/types\/page"}],"author":[{"embeddable":true,"href":"https:\/\/blogsaverroes.juntadeandalucia.es\/ieslamarisma\/wp-json\/wp\/v2\/users\/10553"}],"replies":[{"embeddable":true,"href":"https:\/\/blogsaverroes.juntadeandalucia.es\/ieslamarisma\/wp-json\/wp\/v2\/comments?post=2816"}],"version-history":[{"count":5,"href":"https:\/\/blogsaverroes.juntadeandalucia.es\/ieslamarisma\/wp-json\/wp\/v2\/pages\/2816\/revisions"}],"predecessor-version":[{"id":3089,"href":"https:\/\/blogsaverroes.juntadeandalucia.es\/ieslamarisma\/wp-json\/wp\/v2\/pages\/2816\/revisions\/3089"}],"wp:attachment":[{"href":"https:\/\/blogsaverroes.juntadeandalucia.es\/ieslamarisma\/wp-json\/wp\/v2\/media?parent=2816"}],"curies":[{"name":"wp","href":"https:\/\/api.w.org\/{rel}","templated":true}]}}