{"id":2959,"date":"2022-01-31T11:51:19","date_gmt":"2022-01-31T11:51:19","guid":{"rendered":"https:\/\/blogsaverroes.juntadeandalucia.es\/ieslamarisma\/?page_id=2959"},"modified":"2024-04-16T16:53:57","modified_gmt":"2024-04-16T16:53:57","slug":"evaluacion-y-acreditacion-de-competencias-profesionales","status":"publish","type":"page","link":"https:\/\/blogsaverroes.juntadeandalucia.es\/ieslamarisma\/evaluacion-y-acreditacion-de-competencias-profesionales\/","title":{"rendered":"Evaluaci\u00f3n y Acreditaci\u00f3n de Competencias Profesionales"},"content":{"rendered":"<p>&nbsp;<\/p>\n<p>&nbsp;<a href=\"https:\/\/blogsaverroes.juntadeandalucia.es\/ieslamarisma\/files\/2024\/04\/logo_banderas_fondo_verde.png\"><img fetchpriority=\"high\" decoding=\"async\" class=\"wp-image-3730 aligncenter\" src=\"https:\/\/blogsaverroes.juntadeandalucia.es\/ieslamarisma\/files\/2024\/04\/logo_banderas_fondo_verde.png\" alt=\"\" width=\"842\" height=\"123\" srcset=\"https:\/\/blogsaverroes.juntadeandalucia.es\/ieslamarisma\/files\/2024\/04\/logo_banderas_fondo_verde.png 527w, https:\/\/blogsaverroes.juntadeandalucia.es\/ieslamarisma\/files\/2024\/04\/logo_banderas_fondo_verde-300x44.png 300w, https:\/\/blogsaverroes.juntadeandalucia.es\/ieslamarisma\/files\/2024\/04\/logo_banderas_fondo_verde-520x77.png 520w\" sizes=\"(max-width: 842px) 100vw, 842px\" \/><\/a> &nbsp;<\/p>\n<p>&nbsp;<a href=\"https:\/\/blogsaverroes.juntadeandalucia.es\/ieslamarisma\/files\/2024\/04\/Diptico-Acredita-C20I1-PRTR.pdf\"><img decoding=\"async\" class=\"size-full wp-image-3724 aligncenter\" src=\"https:\/\/blogsaverroes.juntadeandalucia.es\/ieslamarisma\/files\/2024\/04\/acredita_cartel_573x799.png\" alt=\"\" width=\"573\" height=\"799\" srcset=\"https:\/\/blogsaverroes.juntadeandalucia.es\/ieslamarisma\/files\/2024\/04\/acredita_cartel_573x799.png 573w, https:\/\/blogsaverroes.juntadeandalucia.es\/ieslamarisma\/files\/2024\/04\/acredita_cartel_573x799-215x300.png 215w\" sizes=\"(max-width: 573px) 100vw, 573px\" \/><\/a><\/p>\n<p>&nbsp;<\/p>\n<p><em><span style=\"color: #000000\"><span style=\"font-family: Source Sans Pro, sans-serif\"><span lang=\"es-ES\">Portal web del IACP <\/span><\/span><\/span><\/em><em><span style=\"color: #000000\"><span style=\"font-family: Source Sans Pro, sans-serif\"><span lang=\"es-ES\">relativa a<\/span><\/span><\/span><\/em><em><span style=\"color: #000000\"><span style=\"font-family: Source Sans Pro, sans-serif\"><span lang=\"es-ES\">l&nbsp;<\/span><\/span><\/span><\/em><em><span style=\"color: #000000\"><span style=\"font-family: Source Sans Pro, sans-serif\"><span lang=\"es-ES\">procedimiento abierto y permanente,&nbsp;<\/span><\/span><\/span><\/em><em><span style=\"color: #000000\"><span style=\"font-family: Source Sans Pro, sans-serif\"><span lang=\"es-ES\">y a<\/span><\/span><\/span><\/em><em><span style=\"color: #000000\"><span style=\"font-family: Source Sans Pro, sans-serif\"><span lang=\"es-ES\">&nbsp;las&nbsp;<\/span><\/span><\/span><\/em><em><span style=\"color: #000000\"><span style=\"font-family: Source Sans Pro, sans-serif\"><span lang=\"es-ES\">convocatoria&nbsp;<\/span><\/span><\/span><\/em><em><span style=\"color: #000000\"><span style=\"font-family: Source Sans Pro, sans-serif\"><span lang=\"es-ES\">espec\u00edficas que&nbsp;<\/span><\/span><\/span><\/em><em><span style=\"color: #000000\"><span style=\"font-family: Source Sans Pro, sans-serif\"><span lang=\"es-ES\">s<\/span><\/span><\/span><\/em><em><span style=\"color: #000000\"><span style=\"font-family: Source Sans Pro, sans-serif\"><span lang=\"es-ES\">e lleven a cabo,<\/span><\/span><\/span><\/em><em><span style=\"color: #000000\"><span style=\"font-family: Source Sans Pro, sans-serif\"><span lang=\"es-ES\">&nbsp;<\/span><\/span><\/span><\/em><em><span style=\"color: #000000\"><span style=\"font-family: Source Sans Pro, sans-serif\"><span lang=\"es-ES\">y&nbsp;<\/span><\/span><\/span><\/em><em><span style=\"color: #000000\"><span style=\"font-family: Source Sans Pro, sans-serif\"><span lang=\"es-ES\">que podr\u00e1n encontrar en el siguiente enlace: <\/span><\/span><\/span><\/em><em><a href=\"https:\/\/www.juntadeandalucia.es\/educacion\/portals\/web\/iacp\/convocatorias\" target=\"_blank\" rel=\"noopener\" data-saferedirecturl=\"https:\/\/www.google.com\/url?q=https:\/\/www.juntadeandalucia.es\/educacion\/portals\/web\/iacp\/convocatorias&amp;source=gmail&amp;ust=1713370868699000&amp;usg=AOvVaw39jmOkh9BkasVTPvGK95yt\">https:\/\/www.juntadeandalucia.es\/educacion\/portals\/web\/iacp\/convocatorias<\/a><\/em><\/p>\n<p>&nbsp;<\/p>\n<p>27\/09\/2021 -&gt; <a href=\"https:\/\/blogsaverroes.juntadeandalucia.es\/ieslamarisma\/files\/2021\/09\/Listado_provisional_solicitudes_Acredita_EACCANDPROV01_21_signed.pdf\">Relaci\u00f3n de personas admitidas y no admitidas al procedimiento de evaluaci\u00f3n y acreditaci\u00f3n de las competencias profesionales&nbsp;<\/a><\/p>\n<p>29\/10\/2021 -&gt; <a href=\"https:\/\/blogsaverroes.juntadeandalucia.es\/ieslamarisma\/files\/2021\/10\/Acredita_Definitivo_29-10-21_signed.pdf\">Relaci\u00f3n definitiva de personas admitidas y no admitidas al procedimiento de evaluaci\u00f3n y acreditaci\u00f3n de las competencias profesionales<\/a><\/p>\n<p>21\/12\/2021 -&gt; <a href=\"https:\/\/blogsaverroes.juntadeandalucia.es\/ieslamarisma\/files\/2021\/12\/Listado-provisional-Conv-Militar-EACCANDPROV01_21_signed.pdf\">Lista provisional de convocatoria militar Acredita<\/a><\/p>\n<p>26\/01\/2022 -&gt; <a href=\"https:\/\/blogsaverroes.juntadeandalucia.es\/ieslamarisma\/files\/2022\/01\/Provisional-2%C2%BA-Semestre-2021-REP12221P-alega_signed.pdf\">Relaci\u00f3n provisional de personas admitidas y no admitidas al procedimiento de evaluaci\u00f3n y acreditaci\u00f3n de las competencias profesionales<\/a><\/p>\n<p>19\/04\/2022 -&gt; <a href=\"https:\/\/blogsaverroes.juntadeandalucia.es\/ieslamarisma\/files\/2022\/04\/IACP-Provisional-1T-2022-REP12022P_signed.pdf\">Relaci\u00f3n provisional de personas admitidas y no admitidas al procedimiento de evaluaci\u00f3n&nbsp; y acreditaci\u00f3n de las competencias profesionales<\/a><\/p>\n<p>16\/05\/2022 &#8211;&gt; <a href=\"https:\/\/blogsaverroes.juntadeandalucia.es\/ieslamarisma\/files\/2022\/05\/lista-definitiva-Acredita_signed.pdf\">Relaci\u00f3n definitiva de personas admitidas y no admitidas al procedimiento de evaluaci\u00f3n y acreditaci\u00f3n<\/a> <a href=\"https:\/\/blogsaverroes.juntadeandalucia.es\/ieslamarisma\/files\/2022\/05\/lista-definitiva-Acredita_signed.pdf\">de las competencias profesionales<\/a><\/p>\n<p>17\/09\/2022 &#8211;&gt;<a href=\"https:\/\/blogsaverroes.juntadeandalucia.es\/ieslamarisma\/files\/2022\/09\/Listado-provisional-IACP-Sept-2022-REP12122P_signed.pdf\"> Listado Provisional Acredita 3\u00aa Edici\u00f3n Septiembre 2022<\/a><\/p>\n<p>03\/10\/2022 &#8211;&gt; <a href=\"https:\/\/blogsaverroes.juntadeandalucia.es\/ieslamarisma\/files\/2022\/10\/Listado-definitivo-Acredita-Oct-2022-2Ed-REP12122D_signed.pdf\">Relaci\u00f3n definitiva de personas admitidas y no admitidas al procedimiento de evaluaci\u00f3n y acreditaci\u00f3n de las competencias profesionales<\/a><\/p>\n<p>01\/02\/2023 &#8211;&gt; <a href=\"https:\/\/blogsaverroes.juntadeandalucia.es\/ieslamarisma\/files\/2023\/02\/REP12222P-Listado-Prov-01-02-2023-2022-3Ed_signed.pdf\">Relaci\u00f3n Provisional de personas admitidas y no admitidas al procedimiento de evaluaci\u00f3n y acreditaci\u00f3n de las competencias profesionales<\/a><\/p>\n<p>22\/02\/2023 &#8211;&gt; <a href=\"https:\/\/blogsaverroes.juntadeandalucia.es\/ieslamarisma\/files\/2023\/02\/REP12222D-Listado-definitivo-22-02-2023_signed.pdf\">Relaci\u00f3n definitiva de personas admitidas y no admitidas al procedimiento de evaluaci\u00f3n y acreditaci\u00f3n de las competencias profesionales<\/a><\/p>\n<p>17\/04\/2023 &#8211;&gt; <a href=\"https:\/\/blogsaverroes.juntadeandalucia.es\/ieslamarisma\/files\/2023\/04\/2023-04-17-IACP-Provisional-1T-2023-REP12023P-firmado.pdf\">Relaci\u00f3n provisional de personas admitidas y no admitidas al procedimiento de evaluaci\u00f3n y acreditaci\u00f3n de las competencias profesionales, 1\u00ba Edici\u00f3n 2023<\/a><\/p>\n<p>11\/05\/2023 &#8211;&gt; <a href=\"https:\/\/blogsaverroes.juntadeandalucia.es\/ieslamarisma\/files\/2023\/05\/2023-04-17-IACP-Definitivo-1T-2023-REP12023D_signed.pdf\">Relaci\u00f3n definitiva de personas admitidas y no admitidas al procedimiento de evaluaci\u00f3n y acreditaci\u00f3n de las competencias profesionales<\/a><\/p>\n<p>08\/09\/2023 -&gt; <a href=\"https:\/\/blogsaverroes.juntadeandalucia.es\/ieslamarisma\/files\/2023\/09\/REP12223P-Militar-2023-Provisional-8-9-23.pdf\">Listado provisional &#8211; CONVOCATORIA MILITAR 2023<\/a><\/p>\n<p>13\/09\/2023 -&gt; <a href=\"https:\/\/blogsaverroes.juntadeandalucia.es\/ieslamarisma\/files\/2023\/09\/REP12123P-Provisional-2023-2Ed-firmado.pdf\">Listado Provisional Acredita 2023 2\u00aa Edici\u00f3n&nbsp;<\/a><\/p>\n<p>02\/10\/2023 -&gt; <a href=\"https:\/\/blogsaverroes.juntadeandalucia.es\/ieslamarisma\/files\/2023\/10\/REP12123D-Conv-2023-2\u00aa-Ed-Definitivo-Firmado.pdf\">Listado definitivo para el proceso de acreditaci\u00f3n de competencias profesionales a trav\u00e9s de la experiencia de la convocatoria permanente 2023 2\u00aa Edici\u00f3n<\/a><\/p>\n<p>02\/10\/2023 -&gt; <a href=\"https:\/\/blogsaverroes.juntadeandalucia.es\/ieslamarisma\/files\/2023\/10\/REP12223D-Conv-Militar-2023-Definitivo-Firmado.pdf\">Listado definitivo para el proceso de acreditaci\u00f3n de competencias profesionales a trav\u00e9s de la experiencia de la convocatoria para militares<\/a><\/p>\n<p>22\/01\/2024 -&gt; <a href=\"https:\/\/blogsaverroes.juntadeandalucia.es\/ieslamarisma\/files\/2024\/01\/Noticia-Finalizado-el-proceso-de-Veridicacio%CC%81n.pdf\">Notificaci\u00f3n provisional de solicitudes presentadas Acreditaci\u00f3n de competencias 3\u00aa Ed. de 2023 (Finaliza<\/a><a href=\"https:\/\/blogsaverroes.juntadeandalucia.es\/ieslamarisma\/files\/2024\/01\/Noticia-Finalizado-el-proceso-de-Veridicacio\u0301n.pdf\">do el proceso de verificaci\u00f3n)<\/a><\/p>\n<p>&nbsp;<\/p>\n<p><a href=\"https:\/\/blogsaverroes.juntadeandalucia.es\/ieslamarisma\/files\/2021\/09\/ProgramaAcredita.png\"><img decoding=\"async\" class=\"wp-image-2818 alignleft\" src=\"https:\/\/blogsaverroes.juntadeandalucia.es\/ieslamarisma\/files\/2021\/09\/ProgramaAcredita-300x78.png\" alt=\"\" width=\"358\" height=\"93\" srcset=\"https:\/\/blogsaverroes.juntadeandalucia.es\/ieslamarisma\/files\/2021\/09\/ProgramaAcredita-300x78.png 300w, https:\/\/blogsaverroes.juntadeandalucia.es\/ieslamarisma\/files\/2021\/09\/ProgramaAcredita-1024x265.png 1024w, https:\/\/blogsaverroes.juntadeandalucia.es\/ieslamarisma\/files\/2021\/09\/ProgramaAcredita-768x198.png 768w, https:\/\/blogsaverroes.juntadeandalucia.es\/ieslamarisma\/files\/2021\/09\/ProgramaAcredita-1536x397.png 1536w, https:\/\/blogsaverroes.juntadeandalucia.es\/ieslamarisma\/files\/2021\/09\/ProgramaAcredita.png 1600w\" sizes=\"(max-width: 358px) 100vw, 358px\" \/><\/a><\/p>\n<h1 class=\"post-title entry-title\"><a href=\"https:\/\/blogsaverroes.juntadeandalucia.es\/ieslamarisma\/files\/2022\/01\/Acredita.png\"><img loading=\"lazy\" decoding=\"async\" class=\"alignnone size-large wp-image-2961\" src=\"https:\/\/blogsaverroes.juntadeandalucia.es\/ieslamarisma\/files\/2022\/01\/Acredita-1024x163.png\" alt=\"\" width=\"1024\" height=\"163\" srcset=\"https:\/\/blogsaverroes.juntadeandalucia.es\/ieslamarisma\/files\/2022\/01\/Acredita-1024x163.png 1024w, https:\/\/blogsaverroes.juntadeandalucia.es\/ieslamarisma\/files\/2022\/01\/Acredita-300x48.png 300w, https:\/\/blogsaverroes.juntadeandalucia.es\/ieslamarisma\/files\/2022\/01\/Acredita-768x122.png 768w, https:\/\/blogsaverroes.juntadeandalucia.es\/ieslamarisma\/files\/2022\/01\/Acredita-1536x244.png 1536w, https:\/\/blogsaverroes.juntadeandalucia.es\/ieslamarisma\/files\/2022\/01\/Acredita-2048x325.png 2048w, https:\/\/blogsaverroes.juntadeandalucia.es\/ieslamarisma\/files\/2022\/01\/Acredita.png 1600w\" sizes=\"(max-width: 1024px) 100vw, 1024px\" \/><\/a><\/h1>\n<h1 class=\"post-title entry-title\">&nbsp;<\/h1>\n<h1 class=\"post-title entry-title\">&nbsp;<\/h1>\n<h1 class=\"post-title entry-title\">&nbsp;<\/h1>\n","protected":false},"excerpt":{"rendered":"<p>&nbsp; &nbsp; &nbsp; &nbsp; &nbsp; Portal web del IACP relativa al&nbsp;procedimiento abierto y permanente,&nbsp;y a&nbsp;las&nbsp;convocatoria&nbsp;espec\u00edficas que&nbsp;se lleven a cabo,&nbsp;y&nbsp;que podr\u00e1n encontrar en el siguiente enlace: https:\/\/www.juntadeandalucia.es\/educacion\/portals\/web\/iacp\/convocatorias &nbsp; 27\/09\/2021 -&gt; Relaci\u00f3n de personas admitidas y&#46;&#46;&#46;<\/p>\n","protected":false},"author":10553,"featured_media":0,"parent":0,"menu_order":0,"comment_status":"closed","ping_status":"closed","template":"","meta":{"ngg_post_thumbnail":0,"footnotes":"","_mc_calendar":[]},"aioseo_notices":[],"_links":{"self":[{"href":"https:\/\/blogsaverroes.juntadeandalucia.es\/ieslamarisma\/wp-json\/wp\/v2\/pages\/2959"}],"collection":[{"href":"https:\/\/blogsaverroes.juntadeandalucia.es\/ieslamarisma\/wp-json\/wp\/v2\/pages"}],"about":[{"href":"https:\/\/blogsaverroes.juntadeandalucia.es\/ieslamarisma\/wp-json\/wp\/v2\/types\/page"}],"author":[{"embeddable":true,"href":"https:\/\/blogsaverroes.juntadeandalucia.es\/ieslamarisma\/wp-json\/wp\/v2\/users\/10553"}],"replies":[{"embeddable":true,"href":"https:\/\/blogsaverroes.juntadeandalucia.es\/ieslamarisma\/wp-json\/wp\/v2\/comments?post=2959"}],"version-history":[{"count":21,"href":"https:\/\/blogsaverroes.juntadeandalucia.es\/ieslamarisma\/wp-json\/wp\/v2\/pages\/2959\/revisions"}],"predecessor-version":[{"id":3732,"href":"https:\/\/blogsaverroes.juntadeandalucia.es\/ieslamarisma\/wp-json\/wp\/v2\/pages\/2959\/revisions\/3732"}],"wp:attachment":[{"href":"https:\/\/blogsaverroes.juntadeandalucia.es\/ieslamarisma\/wp-json\/wp\/v2\/media?parent=2959"}],"curies":[{"name":"wp","href":"https:\/\/api.w.org\/{rel}","templated":true}]}}