{"id":2969,"date":"2022-02-09T10:25:35","date_gmt":"2022-02-09T10:25:35","guid":{"rendered":"https:\/\/blogsaverroes.juntadeandalucia.es\/ieslamarisma\/?page_id=2969"},"modified":"2023-03-27T09:19:18","modified_gmt":"2023-03-27T09:19:18","slug":"escolarizacion-2","status":"publish","type":"page","link":"https:\/\/blogsaverroes.juntadeandalucia.es\/ieslamarisma\/escolarizacion-2\/","title":{"rendered":"Escolarizaci\u00f3n"},"content":{"rendered":"<p><a href=\"https:\/\/blogsaverroes.juntadeandalucia.es\/ieslamarisma\/files\/2022\/02\/LogoEscolarizacion.png\"><img fetchpriority=\"high\" decoding=\"async\" class=\"alignnone size-full wp-image-2980\" src=\"https:\/\/blogsaverroes.juntadeandalucia.es\/ieslamarisma\/files\/2022\/02\/LogoEscolarizacion.png\" alt=\"\" width=\"838\" height=\"184\" srcset=\"https:\/\/blogsaverroes.juntadeandalucia.es\/ieslamarisma\/files\/2022\/02\/LogoEscolarizacion.png 838w, https:\/\/blogsaverroes.juntadeandalucia.es\/ieslamarisma\/files\/2022\/02\/LogoEscolarizacion-300x66.png 300w, https:\/\/blogsaverroes.juntadeandalucia.es\/ieslamarisma\/files\/2022\/02\/LogoEscolarizacion-768x169.png 768w\" sizes=\"(max-width: 838px) 100vw, 838px\" \/><\/a><\/p>\n<p><a href=\"https:\/\/blogsaverroes.juntadeandalucia.es\/ieslamarisma\/oferta-educativa\/\">Oferta Educativa del centro<\/a><\/p>\n<p class=\"p2\"><a href=\"https:\/\/blogsaverroes.juntadeandalucia.es\/ieslamarisma\/files\/2022\/06\/1_InfoBa\u0301sicaEscolarizacio\u0301nFP_vCED.pdf\">Escolarizaci\u00f3n de Formaci\u00f3n Profesional<\/a><\/p>\n<ul>\n<li class=\"p2\"><a href=\"https:\/\/blogsaverroes.juntadeandalucia.es\/ieslamarisma\/files\/2022\/07\/relacion-provisional-curso-de-acceso-a-grado-medio-22-23.pdf\">Lista Acceso a Ciclo de Formaci\u00f3n Profesional de Grado Medio&nbsp;<\/a><\/li>\n<\/ul>\n<p class=\"p2\"><a href=\"https:\/\/blogsaverroes.juntadeandalucia.es\/ieslamarisma\/files\/2022\/02\/borrador-AREAS-DE-INFLUENCIA-curso-22-23.-Toda-la-provincia.pdf\">Borrador AREAS DE INFLUENCIA curso 22-23. Toda la provincia<\/a><\/p>\n<p><a href=\"https:\/\/blogsaverroes.juntadeandalucia.es\/ieslamarisma\/files\/2022\/02\/Zonas-Sec_Bach_23012020_124443.pdf\">Zonas Sec_Bach_23012020_124443<\/a><\/p>\n<p><a href=\"https:\/\/blogsaverroes.juntadeandalucia.es\/ieslamarisma\/files\/2022\/02\/Calendario-procedimiento-admisio\u0301n-ERG.pdf\">Calendario procedimiento admisio\u0301n ERG<\/a><\/p>\n<p><a href=\"https:\/\/blogsaverroes.juntadeandalucia.es\/ieslamarisma\/files\/2022\/02\/zonas-escolares-20222-23.pdf\">Zonas escolares 2022-23<\/a><\/p>\n<p><a href=\"https:\/\/blogsaverroes.juntadeandalucia.es\/ieslamarisma\/files\/2022\/02\/Escolarizacio\u0301n-todas-las-ensen\u0303anzas.pdf\">Escolarizacio\u0301n todas las ensen\u0303anzas<\/a><\/p>\n","protected":false},"excerpt":{"rendered":"<p>Oferta Educativa del centro Escolarizaci\u00f3n de Formaci\u00f3n Profesional Lista Acceso a Ciclo de Formaci\u00f3n Profesional de Grado Medio&nbsp; Borrador AREAS DE INFLUENCIA curso 22-23. Toda la provincia Zonas Sec_Bach_23012020_124443 Calendario procedimiento admisio\u0301n ERG Zonas&#46;&#46;&#46;<\/p>\n","protected":false},"author":10553,"featured_media":0,"parent":0,"menu_order":0,"comment_status":"closed","ping_status":"closed","template":"","meta":{"ngg_post_thumbnail":0,"footnotes":"","_mc_calendar":[]},"aioseo_notices":[],"_links":{"self":[{"href":"https:\/\/blogsaverroes.juntadeandalucia.es\/ieslamarisma\/wp-json\/wp\/v2\/pages\/2969"}],"collection":[{"href":"https:\/\/blogsaverroes.juntadeandalucia.es\/ieslamarisma\/wp-json\/wp\/v2\/pages"}],"about":[{"href":"https:\/\/blogsaverroes.juntadeandalucia.es\/ieslamarisma\/wp-json\/wp\/v2\/types\/page"}],"author":[{"embeddable":true,"href":"https:\/\/blogsaverroes.juntadeandalucia.es\/ieslamarisma\/wp-json\/wp\/v2\/users\/10553"}],"replies":[{"embeddable":true,"href":"https:\/\/blogsaverroes.juntadeandalucia.es\/ieslamarisma\/wp-json\/wp\/v2\/comments?post=2969"}],"version-history":[{"count":11,"href":"https:\/\/blogsaverroes.juntadeandalucia.es\/ieslamarisma\/wp-json\/wp\/v2\/pages\/2969\/revisions"}],"predecessor-version":[{"id":3258,"href":"https:\/\/blogsaverroes.juntadeandalucia.es\/ieslamarisma\/wp-json\/wp\/v2\/pages\/2969\/revisions\/3258"}],"wp:attachment":[{"href":"https:\/\/blogsaverroes.juntadeandalucia.es\/ieslamarisma\/wp-json\/wp\/v2\/media?parent=2969"}],"curies":[{"name":"wp","href":"https:\/\/api.w.org\/{rel}","templated":true}]}}