{"id":3210,"date":"2023-03-23T10:17:36","date_gmt":"2023-03-23T10:17:36","guid":{"rendered":"https:\/\/blogsaverroes.juntadeandalucia.es\/ieslamarisma\/?page_id=3210"},"modified":"2023-03-23T10:17:36","modified_gmt":"2023-03-23T10:17:36","slug":"fct-en-el-extranjero","status":"publish","type":"page","link":"https:\/\/blogsaverroes.juntadeandalucia.es\/ieslamarisma\/fct-en-el-extranjero\/","title":{"rendered":"FCT en el Extranjero"},"content":{"rendered":"<h2>FCT en el extranjero 2022-23<\/h2>\n<p>El IES La Marisma dispone este curso de un total de 6 becas de movilidad de 3 meses de duraci\u00f3n para el alumnado de segundo curso de Ciclos Formativos de Grado Superior para llevar a cabo la FCT en el extranjero, correspondiente al proyecto Erasmus+&nbsp;2022-1-ES01-KA131-HED-000062004.<\/p>\n<p><b><strong>Requisitos de acceso<\/strong><\/b><\/p>\n<ul>\n<li>Alumnado de segundo curso de Ciclos Formativos de Grado Superior que deban realizar la FCT en el curso 2022-23<\/li>\n<li>Disponer de un nivel de competencia ling\u00fc\u00edstica en el idioma exigido por la empresa de destino que se podr\u00e1 justificar mediante certificado acreditativo o prueba de nivel de nuestro departamento de idiomas<\/li>\n<li>Haber superado todos los m\u00f3dulos del ciclo correspondiente a excepci\u00f3n de los m\u00f3dulos de proyecto integrado y FCT, antes del inicio del periodo de pr\u00e1cticas<\/li>\n<\/ul>\n<p><b><strong>Cuant\u00eda de las becas<\/strong><\/b><\/p>\n<p>La cuant\u00eda de las becas oscila desde los 1080\u20ac a los 1380\u20ac dependiendo del pa\u00eds de destino, tal como se muestra en la tabla adjunta. Estas cantidades NO cubren todos los gastos ocasionados, que podr\u00e1n variar en funci\u00f3n del pa\u00eds de destino y deber\u00e1n ser sufragados por el participante.<\/p>\n<table>\n<tbody>\n<tr>\n<td><b><strong>Grupo 1<\/strong><\/b><\/p>\n<p>Dinamarca, Finlandia, Islandia, Irlanda, Luxemburgo, Suecia, Liechtenstein, Noruega<\/td>\n<td>&nbsp;<\/p>\n<p>460\u20ac<\/td>\n<\/tr>\n<tr>\n<td><b><strong>Grupo 2<\/strong><\/b><\/p>\n<p>Austria, B\u00e9lgica, Alemania, Francia, Italia, Grecia, Espa\u00f1a, Chipre, Pa\u00edses Bajos, Malta, Portugal<\/td>\n<td>&nbsp;<\/p>\n<p>410\u20ac<\/td>\n<\/tr>\n<tr>\n<td><b><strong>Grupo 3<\/strong><\/b><\/p>\n<p>Bulgaria, Croacia, Rep\u00fablica Checa, Estonia, Letonia, Lituania, Hungr\u00eda, Polonia, Rumania,Serbia, Eslovaquia, Eslovenia, Rep\u00fablica de Macedonia del Norte, Turqu\u00eda.<\/td>\n<td>&nbsp;<\/p>\n<p>360\u20ac<\/td>\n<\/tr>\n<\/tbody>\n<\/table>\n<p><b><strong>Periodo de las estancias de FCT<\/strong><\/b><\/p>\n<p>La duraci\u00f3n para cada una de las movilidades para la realizaci\u00f3n de la FCT ser\u00e1 de 3 meses, que es el plazo m\u00e1ximo previsto.<\/p>\n<p>Fecha prevista: del 17 marzo 2023 al 16 junio 2023<\/p>\n<p>Las fechas previstas son orientativas y pueden sufrir cambios en funci\u00f3n de la disponibilidad de vuelos.<\/p>\n<p>&nbsp;<\/p>\n<p><b><strong>Periodos de pago de la beca para FCT en el extranjero<\/strong><\/b><\/p>\n<p>El pago de la beca se llevar\u00e1 a cabo en dos periodos, el primero de los cuales comprender\u00e1 el 80% de la beca concedida. El ingreso se llevar\u00e1 a cabo mediante transferencia bancaria en la cuenta indicada por el beneficiario al inicio de la movilidad una vez llegado a su destino. Tras el regreso, el beneficiario se compromete a aportar en el plazo m\u00e1ximo de un mes la siguiente documentaci\u00f3n:<\/p>\n<p>&nbsp;<\/p>\n<ul>\n<li>Certificado de pr\u00e1cticas, emitido por la empresa<\/li>\n<li>Resultado de la prueba de idiomas de la plataforma ling\u00fc\u00edstica europea (OLS)<\/li>\n<li>Informe final del alumnado<\/li>\n<\/ul>\n<p>Una vez finalizada la entrega de la documentaci\u00f3n se proceder\u00e1 al pago del 20% restante de la beca.<\/p>\n<p>&nbsp;<\/p>\n<p>El beneficiario se compromete a devolver las cantidades percibidas si la estancia no se ha llevado a cabo, o no se justificara debidamente.<\/p>\n<p>&nbsp;<\/p>\n<p><b><strong>Modalidades<\/strong><\/b><\/p>\n<p>Se contemplan dos modalidades de participaci\u00f3n por parte del alumnado:<\/p>\n<p>1- Gesti\u00f3n por parte del alumnado: En este caso es el alumno qui\u00e9n proporciona la empresa y el contacto para la realizaci\u00f3n de la FCT, adem\u00e1s de gestionar su propio alojamiento en el destino elegido. La empresa debe comprometerse a firmar el acuerdo de formaci\u00f3n, estableci\u00e9ndose los mecanismos necesarios para el seguimiento del mismo.<\/p>\n<p>2- Gesti\u00f3n por parte del centro: En este caso es el centro el que propondr\u00e1 las empresas y pa\u00edses de destino, pudi\u00e9ndose adem\u00e1s gestionar el alojamiento del alumnado.<\/p>\n<p>&nbsp;<\/p>\n<p><b><strong>Preparaci\u00f3n ling\u00fc\u00edstica<\/strong><\/b><\/p>\n<p>El alumnado participante se compromete a llevar a cabo la formaci\u00f3n ling\u00fc\u00edstica en el idioma requerido a trav\u00e9s de la plataforma OLS (Online Linguistic Support), adem\u00e1s de llevar a cabo las pruebas de nivel al inicio y al final del periodo de FCT<\/p>\n<p>&nbsp;<\/p>\n<p><b><strong>Documentaci\u00f3n a presentar<\/strong><\/b><\/p>\n<ul>\n<li>Hoja de solicitud para la realizaci\u00f3n de la FCT en el extranjero<\/li>\n<li>Fotocopia del DNI<\/li>\n<li>Curr\u00edculum Vitae EUROPASS en espa\u00f1ol y en el idioma requerido (ingl\u00e9s por defecto)<\/li>\n<li>Carta de motivaci\u00f3n en la que se expondr\u00e1 los motivos por los que se solicita la beca, por qu\u00e9 considera que es un buen candidato, paises en los que participar\u00eda y cualquier otra circunstancia relevante<\/li>\n<li>Certificaci\u00f3n de nivel de conocimiento de idiomas, si se tiene<\/li>\n<li>En caso de discapacidad, documentaci\u00f3n que lo acredite<\/li>\n<\/ul>\n<p><b><strong>Presentaci\u00f3n de solicitudes<\/strong><\/b><\/p>\n<p>Debes comunicar lo antes posible a tu tutor tu inter\u00e9s por este proyecto y recopilar la documentaci\u00f3n necesaria para la solicitud antes del d\u00eda 30 de noviembre de 2022. La solicitud y la documentaci\u00f3n requerida se enviar\u00e1n preferentemente a trav\u00e9s de la Secretar\u00eda virtual de la Junta de Andaluc\u00eda:&nbsp;<a href=\"https:\/\/www.juntadeandalucia.es\/educacion\/secretariavirtual\/solicitudes\/#Tramite_Generales\">https:\/\/www.juntadeandalucia.es\/educacion\/secretariavirtual\/solicitudes\/#Tramite_Generales<\/a>&nbsp;(en el apartado \u00abPresentaci\u00f3n Electr\u00f3nica General en Centros Educativos\u00bb)<\/p>\n<p>&nbsp;<\/p>\n<p><b><strong>Documento de solicitud de participaci\u00f3n y otra documentaci\u00f3n<\/strong><\/b><\/p>\n<p>La documentaci\u00f3n para el proyecto Erasmus+ KA131 para la realizaci\u00f3n de la FCT en el extranjero estar\u00e1 disponible en el apartado \u00abDocumentaci\u00f3n\u00bb de nuestra web, dentro del subapartado \u00abFCT en el extranjero\u00bb:&nbsp;<a href=\"https:\/\/ieslamarisma.net\/documentos\/4-fct\">https:\/\/ieslamarisma.net\/documentos\/4-fct<\/a><\/p>\n<p>&nbsp;<\/p>\n<p><b><strong>Proceso de selecci\u00f3n<\/strong><\/b><\/p>\n<p>La selecci\u00f3n de los beneficiarios se llevar\u00e1 a cabo teniendo en cuenta los siguientes criterios:<\/p>\n<ul>\n<li>Competencia ling\u00fc\u00edstica del idioma requerido (ingl\u00e9s por defecto, B1 m\u00ednimo): hasta 10pt.<\/li>\n<li>Expediente acad\u00e9mico: hasta 10pt.<\/li>\n<li>CV y carta de motivaci\u00f3n: hasta 5pt. cada uno<\/li>\n<li>Informe del equipo educativo: hasta 5pt.<\/li>\n<li>Informe del departamento de orientaci\u00f3n: apto\/no apto<\/li>\n<\/ul>\n<p><b><strong>Enlaces<\/strong><\/b><\/p>\n<ul>\n<li><a href=\"https:\/\/bit.ly\/3uLrGNi\">Presentaci\u00f3n Google<\/a><\/li>\n<li><a href=\"https:\/\/ieslamarisma.net\/documentos\/4-fct\">Documentacion (solicitud)<\/a><\/li>\n<li><a href=\"https:\/\/educagob.educacionyfp.gob.es\/ensenanzas\/artisticas\/suplemento-europass.html\">Suplementos europass al t\u00edtulo en ingl\u00e9s y espa\u00f1ol<\/a><\/li>\n<\/ul>\n","protected":false},"excerpt":{"rendered":"<p>FCT en el extranjero 2022-23 El IES La Marisma dispone este curso de un total de 6 becas de movilidad de 3 meses de duraci\u00f3n para el alumnado de segundo curso de Ciclos Formativos&#46;&#46;&#46;<\/p>\n","protected":false},"author":10553,"featured_media":0,"parent":0,"menu_order":0,"comment_status":"closed","ping_status":"closed","template":"","meta":{"ngg_post_thumbnail":0,"footnotes":"","_mc_calendar":[]},"aioseo_notices":[],"_links":{"self":[{"href":"https:\/\/blogsaverroes.juntadeandalucia.es\/ieslamarisma\/wp-json\/wp\/v2\/pages\/3210"}],"collection":[{"href":"https:\/\/blogsaverroes.juntadeandalucia.es\/ieslamarisma\/wp-json\/wp\/v2\/pages"}],"about":[{"href":"https:\/\/blogsaverroes.juntadeandalucia.es\/ieslamarisma\/wp-json\/wp\/v2\/types\/page"}],"author":[{"embeddable":true,"href":"https:\/\/blogsaverroes.juntadeandalucia.es\/ieslamarisma\/wp-json\/wp\/v2\/users\/10553"}],"replies":[{"embeddable":true,"href":"https:\/\/blogsaverroes.juntadeandalucia.es\/ieslamarisma\/wp-json\/wp\/v2\/comments?post=3210"}],"version-history":[{"count":1,"href":"https:\/\/blogsaverroes.juntadeandalucia.es\/ieslamarisma\/wp-json\/wp\/v2\/pages\/3210\/revisions"}],"predecessor-version":[{"id":3211,"href":"https:\/\/blogsaverroes.juntadeandalucia.es\/ieslamarisma\/wp-json\/wp\/v2\/pages\/3210\/revisions\/3211"}],"wp:attachment":[{"href":"https:\/\/blogsaverroes.juntadeandalucia.es\/ieslamarisma\/wp-json\/wp\/v2\/media?parent=3210"}],"curies":[{"name":"wp","href":"https:\/\/api.w.org\/{rel}","templated":true}]}}