{"id":3215,"date":"2023-03-23T10:23:13","date_gmt":"2023-03-23T10:23:13","guid":{"rendered":"https:\/\/blogsaverroes.juntadeandalucia.es\/ieslamarisma\/?page_id=3215"},"modified":"2023-11-22T18:54:14","modified_gmt":"2023-11-22T18:54:14","slug":"documentos-fct","status":"publish","type":"page","link":"https:\/\/blogsaverroes.juntadeandalucia.es\/ieslamarisma\/documentos-fct\/","title":{"rendered":"Documentos FCT"},"content":{"rendered":"<div id=\"sidebar\" class=\"span3\">\n<div class=\"sidebar-nav\">\n<div class=\"moduletable\">&nbsp;<\/div>\n<\/div>\n<\/div>\n<div id=\"system-message-container\">&nbsp;<\/div>\n<div class=\"item-page\">\n<div>\n<table class=\"table table-striped table-bordered\">\n<thead>\n<tr>\n<th style=\"text-align: left\">FCT en el extranjero (Erasmus+ KA131)<\/th>\n<\/tr>\n<\/thead>\n<tbody>\n<tr>\n<td style=\"text-align: left\"><a href=\"https:\/\/drive.google.com\/file\/d\/18mtJnvln1nhH9sLXCot7YKHRpMm0cciH\/\" target=\"_blank\" rel=\"noopener noreferrer\">Solicitud de participaci\u00f3n (pdf rellenable)<\/a><\/td>\n<\/tr>\n<tr>\n<td style=\"text-align: left\"><a href=\"https:\/\/europa.eu\/europass\/es\" target=\"_blank\" rel=\"noopener noreferrer\">CV Europass<\/a><\/td>\n<\/tr>\n<\/tbody>\n<\/table>\n<table class=\"table table-striped table-bordered\" style=\"width: 58.373%\">\n<thead>\n<tr>\n<th style=\"text-align: left;width: 100%\">FCT<\/th>\n<\/tr>\n<\/thead>\n<tbody>\n<tr>\n<td style=\"text-align: left;width: 100%\"><a href=\"https:\/\/blogsaverroes.juntadeandalucia.es\/ieslamarisma\/files\/2023\/11\/FCT_Programa_formativo_rellenable.pdf\" target=\"_blank\" rel=\"noopener noreferrer\">Programa formativo rellenable (pdf)<\/a><\/td>\n<\/tr>\n<tr>\n<td style=\"text-align: left;width: 100%\"><a href=\"https:\/\/blogsaverroes.juntadeandalucia.es\/ieslamarisma\/files\/2023\/11\/FCT_Ficha_semanal_alumno_rellenable.pdf\" target=\"_blank\" rel=\"noopener noreferrer\">Ficha semanal del alumno rellenable (pdf)<\/a><\/td>\n<\/tr>\n<tr>\n<td style=\"text-align: left;width: 100%\"><a href=\"https:\/\/blogsaverroes.juntadeandalucia.es\/ieslamarisma\/files\/2023\/11\/Cuaderno-FCT.pdf\" target=\"_blank\" rel=\"noopener noreferrer\">Cuaderno del alumno en formato digital<\/a><\/td>\n<\/tr>\n<tr>\n<td style=\"text-align: left;width: 100%\"><a href=\"https:\/\/blogsaverroes.juntadeandalucia.es\/ieslamarisma\/files\/2023\/11\/Cuaderno-FCT.pdf\" target=\"_blank\" rel=\"noopener noreferrer\">Cuaderno del alumno en formato digital en ingl\u00e9s <\/a><a href=\"https:\/\/blogsaverroes.juntadeandalucia.es\/ieslamarisma\/files\/2023\/11\/Internship_Time_Log.pdf\" target=\"_blank\" rel=\"noopener noreferrer\">&#8211; Internship Time Log&nbsp;<\/a><\/td>\n<\/tr>\n<tr>\n<td style=\"text-align: left;width: 100%\"><a href=\"https:\/\/blogsaverroes.juntadeandalucia.es\/ieslamarisma\/files\/2023\/11\/FCT_Informe_tutor_laboral_rellenable.pdf\" target=\"_blank\" rel=\"noopener noreferrer\">Informe del tutor laboral rellenable (pdf)<\/a><\/td>\n<\/tr>\n<tr>\n<td style=\"text-align: left;width: 100%\"><a href=\"https:\/\/blogsaverroes.juntadeandalucia.es\/ieslamarisma\/files\/2023\/11\/VALORACIN-DE-LA-FCT-DEL-PROFESORADO.pdf\" target=\"_blank\" rel=\"noopener noreferrer\">Valoraci\u00f3n de la FCT por el tutor docente (pdf)<\/a><\/td>\n<\/tr>\n<tr>\n<td style=\"width: 100%;text-align: left\"><a href=\"https:\/\/blogsaverroes.juntadeandalucia.es\/ieslamarisma\/files\/2023\/11\/FCT_Val_Alum_r.pdf\" target=\"_blank\" rel=\"noopener noreferrer\">Valoraci\u00f3n de la FCT por el alumnado (pdf rellenable)<\/a><\/td>\n<\/tr>\n<tr>\n<td style=\"width: 100%;text-align: left\"><a href=\"https:\/\/blogsaverroes.juntadeandalucia.es\/ieslamarisma\/files\/2023\/11\/Orden-de-viaje-y-anticipo.pdf\" target=\"_blank\" rel=\"noopener noreferrer\">Orden de viaje y anticipo &#8211; Desplazamientos FCT (pdf rellenable)<\/a><\/td>\n<\/tr>\n<\/tbody>\n<\/table>\n<table class=\"table table-striped table-bordered\">\n<thead>\n<tr>\n<th style=\"text-align: left\">Exenci\u00f3n FCT<\/th>\n<\/tr>\n<\/thead>\n<tbody>\n<tr>\n<td style=\"text-align: left\"><a href=\"https:\/\/blogsaverroes.juntadeandalucia.es\/ieslamarisma\/files\/2023\/11\/FCT_exencion_anexo_I.pdf\" target=\"_blank\" rel=\"noopener noreferrer\">Anexo I &#8211; Solicitud de exenci\u00f3n del m\u00f3dulo profesional de FCT (pdf)<\/a><\/td>\n<\/tr>\n<tr>\n<td style=\"text-align: left\"><a href=\"https:\/\/blogsaverroes.juntadeandalucia.es\/ieslamarisma\/files\/2023\/11\/FCT_exencion_anexo_II.pdf\" target=\"_blank\" rel=\"noopener noreferrer\">Anexo II &#8211; Informe del equipo docente sobre solicitud de exenci\u00f3n total o parcial del m\u00f3dulo profesional de FCT<\/a><\/td>\n<\/tr>\n<tr>\n<td style=\"text-align: left\"><a href=\"https:\/\/blogsaverroes.juntadeandalucia.es\/ieslamarisma\/files\/2023\/11\/FCT_exencion_anexo_III.pdf\" target=\"_blank\" rel=\"noopener noreferrer\">Anexo III &#8211; Resoluci\u00f3n de exenci\u00f3n del m\u00f3dulo profesional de FCT<\/a><\/td>\n<\/tr>\n<\/tbody>\n<\/table>\n<\/div>\n<\/div>\n","protected":false},"excerpt":{"rendered":"<p>&nbsp; &nbsp; FCT en el extranjero (Erasmus+ KA131) Solicitud de participaci\u00f3n (pdf rellenable) CV Europass FCT Programa formativo rellenable (pdf) Ficha semanal del alumno rellenable (pdf) Cuaderno del alumno en formato digital Cuaderno del&#46;&#46;&#46;<\/p>\n","protected":false},"author":10553,"featured_media":0,"parent":0,"menu_order":0,"comment_status":"closed","ping_status":"closed","template":"","meta":{"ngg_post_thumbnail":0,"footnotes":"","_mc_calendar":[]},"aioseo_notices":[],"_links":{"self":[{"href":"https:\/\/blogsaverroes.juntadeandalucia.es\/ieslamarisma\/wp-json\/wp\/v2\/pages\/3215"}],"collection":[{"href":"https:\/\/blogsaverroes.juntadeandalucia.es\/ieslamarisma\/wp-json\/wp\/v2\/pages"}],"about":[{"href":"https:\/\/blogsaverroes.juntadeandalucia.es\/ieslamarisma\/wp-json\/wp\/v2\/types\/page"}],"author":[{"embeddable":true,"href":"https:\/\/blogsaverroes.juntadeandalucia.es\/ieslamarisma\/wp-json\/wp\/v2\/users\/10553"}],"replies":[{"embeddable":true,"href":"https:\/\/blogsaverroes.juntadeandalucia.es\/ieslamarisma\/wp-json\/wp\/v2\/comments?post=3215"}],"version-history":[{"count":19,"href":"https:\/\/blogsaverroes.juntadeandalucia.es\/ieslamarisma\/wp-json\/wp\/v2\/pages\/3215\/revisions"}],"predecessor-version":[{"id":3666,"href":"https:\/\/blogsaverroes.juntadeandalucia.es\/ieslamarisma\/wp-json\/wp\/v2\/pages\/3215\/revisions\/3666"}],"wp:attachment":[{"href":"https:\/\/blogsaverroes.juntadeandalucia.es\/ieslamarisma\/wp-json\/wp\/v2\/media?parent=3215"}],"curies":[{"name":"wp","href":"https:\/\/api.w.org\/{rel}","templated":true}]}}