{"id":3250,"date":"2023-03-27T07:53:10","date_gmt":"2023-03-27T07:53:10","guid":{"rendered":"https:\/\/blogsaverroes.juntadeandalucia.es\/ieslamarisma\/?page_id=3250"},"modified":"2023-12-21T12:56:32","modified_gmt":"2023-12-21T12:56:32","slug":"tramites-de-secretaria","status":"publish","type":"page","link":"https:\/\/blogsaverroes.juntadeandalucia.es\/ieslamarisma\/tramites-de-secretaria\/","title":{"rendered":"Tr\u00e1mites de Secretaria"},"content":{"rendered":"<h2>Tramites secretar\u00eda<\/h2>\n<p><b><strong>&nbsp;<\/strong><\/b><\/p>\n<p><b><strong>Tramites de la secretar\u00eda del IES La Marisma<br \/>\n<\/strong><\/b><\/p>\n<p>Siempre que sea posible, se recomienda la tramitaci\u00f3n telem\u00e1tica a trav\u00e9s de la&nbsp;<b><strong>secretar\u00eda virtual<\/strong><\/b>&nbsp;de la Junta de Andaluc\u00eda:<\/p>\n<ul>\n<li>Dir\u00edjase a la Secretar\u00eda virtual de la Junta de Andaluc\u00eda:&nbsp;<a href=\"https:\/\/www.juntadeandalucia.es\/educacion\/secretariavirtual\/solicitudes\/#Tramite_Generales\">https:\/\/www.juntadeandalucia.es\/educacion\/secretariavirtual\/solicitudes\/#Tramite_Generales<\/a><\/li>\n<li>y aseg\u00farese de que se encuentra en el apartado \u00abTr\u00e1mite General\u00bb<\/li>\n<li>Siga los pasos indicados en la siguiente gu\u00eda para la tramitaci\u00f3n online:&nbsp;<a href=\"https:\/\/blogsaverroes.juntadeandalucia.es\/ieslamarisma\/files\/2023\/03\/PRESENTACION_ELECTRONICA_GENERAL_PARA_LOS_CENTROS.pdf\">Guia_Secretar\u00eda_virtual(pdf)<\/a><\/li>\n<\/ul>\n<p>Otros tr\u00e1mites disponibles telem\u00e1ticamente:<\/p>\n<ul class=\"category-module mod-list\">\n<li><a class=\"mod-articles-category-title active\" href=\"https:\/\/blogsaverroes.juntadeandalucia.es\/ieslamarisma\/solicitud-de-titulo\/\">Solicitud de t\u00edtulo<\/a><\/li>\n<li><a class=\"mod-articles-category-title \" href=\"https:\/\/blogsaverroes.juntadeandalucia.es\/ieslamarisma\/solicitud-de-certificacion-academica\/\">Solicitud de certificaci\u00f3n acad\u00e9mica<\/a><\/li>\n<\/ul>\n<p>&nbsp;<\/p>\n<p><b><strong>Atenci\u00f3n presencial<\/strong><\/b><\/p>\n<p>Si resulta imposible la tramitaci\u00f3n telem\u00e1tica, es imprescindible solicitar&nbsp;<b><strong>cita previa<\/strong><\/b>&nbsp;a partir del 18 de mayo para realizar&nbsp;<b><strong>cualquier tr\u00e1mite presencial<\/strong><\/b>&nbsp;con objeto de garantizar la seguridad de todos. Recopile la documentaci\u00f3n necesaria para el tr\u00e1mite a llevar a cabo: impresos y documentaci\u00f3n a presentar. Los impresos de matr\u00edcula o solicitud de admisi\u00f3n estar\u00e1n a su disposici\u00f3n en Conserjer\u00eda.<\/p>\n<ul>\n<li>Haga clic en el siguiente enlace y siga las instrucciones para solicitar cita: <a href=\"https:\/\/ieslamarisma.net\/cita\/\">https:\/\/ieslamarisma.net\/cita\/<\/a><\/li>\n<\/ul>\n<ul>\n<li>Tambi\u00e9n podr\u00e1 solicitar cita por tel\u00e9fono al n\u00famero 959524867 o por correo electr\u00f3nico:&nbsp;<a href=\"mailto:21002011.edu@juntadeandalucia.es\">21002011.edu@juntadeandalucia.es<\/a><\/li>\n<\/ul>\n<p>&nbsp;<\/p>\n<p><b><strong>Horario de atenci\u00f3n al p\u00fablico<\/strong><\/b><\/p>\n<p>9:30h a 13:30h<\/p>\n<p>&nbsp;<\/p>\n<p><b><strong>Normas para la atenci\u00f3n al p\u00fablico<\/strong><\/b><\/p>\n<ul>\n<li>Se atender\u00e1 a una sola persona por tr\u00e1mite.<\/li>\n<li>Se guardar\u00e1 la distancia de seguridad<\/li>\n<li>Usaremos mascarillas en el interior del centro.<\/li>\n<li>Usaremos hidrogel para lavarnos las manos<\/li>\n<li>Traigan su propio bol\u00edgrafo.<\/li>\n<li>Atiendan las instrucciones del personal del centro.<\/li>\n<\/ul>\n","protected":false},"excerpt":{"rendered":"<p>Tramites secretar\u00eda &nbsp; Tramites de la secretar\u00eda del IES La Marisma Siempre que sea posible, se recomienda la tramitaci\u00f3n telem\u00e1tica a trav\u00e9s de la&nbsp;secretar\u00eda virtual&nbsp;de la Junta de Andaluc\u00eda: Dir\u00edjase a la Secretar\u00eda virtual&#46;&#46;&#46;<\/p>\n","protected":false},"author":10553,"featured_media":0,"parent":0,"menu_order":0,"comment_status":"closed","ping_status":"closed","template":"","meta":{"ngg_post_thumbnail":0,"footnotes":"","_mc_calendar":[]},"aioseo_notices":[],"_links":{"self":[{"href":"https:\/\/blogsaverroes.juntadeandalucia.es\/ieslamarisma\/wp-json\/wp\/v2\/pages\/3250"}],"collection":[{"href":"https:\/\/blogsaverroes.juntadeandalucia.es\/ieslamarisma\/wp-json\/wp\/v2\/pages"}],"about":[{"href":"https:\/\/blogsaverroes.juntadeandalucia.es\/ieslamarisma\/wp-json\/wp\/v2\/types\/page"}],"author":[{"embeddable":true,"href":"https:\/\/blogsaverroes.juntadeandalucia.es\/ieslamarisma\/wp-json\/wp\/v2\/users\/10553"}],"replies":[{"embeddable":true,"href":"https:\/\/blogsaverroes.juntadeandalucia.es\/ieslamarisma\/wp-json\/wp\/v2\/comments?post=3250"}],"version-history":[{"count":6,"href":"https:\/\/blogsaverroes.juntadeandalucia.es\/ieslamarisma\/wp-json\/wp\/v2\/pages\/3250\/revisions"}],"predecessor-version":[{"id":3695,"href":"https:\/\/blogsaverroes.juntadeandalucia.es\/ieslamarisma\/wp-json\/wp\/v2\/pages\/3250\/revisions\/3695"}],"wp:attachment":[{"href":"https:\/\/blogsaverroes.juntadeandalucia.es\/ieslamarisma\/wp-json\/wp\/v2\/media?parent=3250"}],"curies":[{"name":"wp","href":"https:\/\/api.w.org\/{rel}","templated":true}]}}