{"id":3256,"date":"2023-03-27T09:18:51","date_gmt":"2023-03-27T09:18:51","guid":{"rendered":"https:\/\/blogsaverroes.juntadeandalucia.es\/ieslamarisma\/?page_id=3256"},"modified":"2024-12-12T08:45:11","modified_gmt":"2024-12-12T07:45:11","slug":"oferta-educativa","status":"publish","type":"page","link":"https:\/\/blogsaverroes.juntadeandalucia.es\/ieslamarisma\/oferta-educativa\/","title":{"rendered":"Oferta Educativa"},"content":{"rendered":"<div class=\"page-header\">\n<h2><span style=\"font-size: 16px\">Esta es nuestra oferta educativa, que incluye ESO, Bachillerato y una amplia oferta de ciclos formativos:<\/span><\/h2>\n<\/div>\n<h3>&nbsp;Educaci\u00f3n B\u00e1sica Especial<\/h3>\n<ul>\n<li>Educaci\u00f3n especial unidad espec\u00edfica<\/li>\n<li><a href=\"https:\/\/blogsaverroes.juntadeandalucia.es\/ieslamarisma\/files\/2024\/02\/WhatsApp-Image-2024-02-13-at-16.30.41.jpeg\">PTVAL<\/a><\/li>\n<\/ul>\n<h3>Educaci\u00f3n Secundaria Obligatoria<\/h3>\n<ul>\n<li>Primero, segundo, tercero y cuarto curso de Educaci\u00f3n Secundaria Obligatoria<\/li>\n<\/ul>\n<h3>Formaci\u00f3n Profesional B\u00e1sica<\/h3>\n<ul>\n<li>Agrojardiner\u00eda y Composiciones Florales<\/li>\n<\/ul>\n<h3>Programa Espec\u00edfico de Formaci\u00f3n Profesional B\u00e1sica<\/h3>\n<ul>\n<li>Agrojardiner\u00eda y Composiciones Florales (PEFPB)<\/li>\n<\/ul>\n<h3>Formaci\u00f3n Profesional Inicial de Grado Medio<\/h3>\n<ul>\n<li><a href=\"https:\/\/www.juntadeandalucia.es\/educacion\/portals\/web\/formacion-profesional-andaluza\/fp-grado-medio\/detalle-titulo?idTitulo=129\">Aprovechamiento y Conservaci\u00f3n del Medio Natural<\/a><\/li>\n<li>Jardiner\u00eda y florister\u00eda\n<ul>\n<li><a href=\"https:\/\/www.todofp.es\/dam\/jcr:b6bc589d-e74d-4d03-a3ac-59c197f07162\/n-tjardineriafloristeriaes-pdf.pdf\">Suplemento europass de t\u00edtulo: T\u00e9cnico en Jardiner\u00eda y Floristeria<\/a><\/li>\n<\/ul>\n<\/li>\n<li>Gesti\u00f3n administrativa\n<ul>\n<li><a href=\"https:\/\/www.todofp.es\/dam\/jcr:7f9c3d76-09a1-4a46-86d5-1cb94bd69de7\/n-tgestionadministrativaes-pdf.pdf\">Suplemento europass de t\u00edtulo: T\u00e9cnico en Gesti\u00f3n Administrativa<\/a><\/li>\n<\/ul>\n<\/li>\n<li>Sistemas microinform\u00e1ticos y redes\n<ul>\n<li><a href=\"https:\/\/www.todofp.es\/dam\/jcr:82a9f888-34d2-43c9-ac25-f5bf4772db0e\/n-tsistemasmicroinformaticosredeses-pdf.pdf\">Suplemento europass de t\u00edtulo: T\u00e9cnico en Sistemas Microinform\u00e1ticos y Redes<\/a><\/li>\n<\/ul>\n<\/li>\n<\/ul>\n<h3>Curso de preparaci\u00f3n a las pruebas de acceso a los ciclos formativos de GM<\/h3>\n<h3>Bachillerato<\/h3>\n<ul>\n<li>Ciencias<\/li>\n<li>Humanidades y ciencias sociales<\/li>\n<\/ul>\n<h3>Formaci\u00f3n Profesional Inicial de Grado Superior<\/h3>\n<ul style=\"list-style-type: disc\">\n<li><a href=\"https:\/\/www.juntadeandalucia.es\/educacion\/portals\/web\/formacion-profesional-andaluza\/fp-grado-superior\/detalle-titulo?idTitulo=73\">Gesti\u00f3n Forestal y del Medio Natural<\/a><\/li>\n<li>Administraci\u00f3n y finanzas\n<ul>\n<li><a href=\"https:\/\/www.todofp.es\/dam\/jcr:c9afc5e7-8648-4fed-9e06-9466d33f5848\/n-tsadministracionfinanzases-pdf.pdf\">Suplemento europass de t\u00edtulo: T\u00e9cnico Superior de Administraci\u00f3n y Finanzas<\/a><\/li>\n<li><a href=\"https:\/\/www.todofp.es\/dam\/jcr:72150fe1-aae4-4a96-affa-fdd0157b2acd\/n-tsadministracionfinanzasen-pdf.pdf\">Europass Diploma Supplement: Higher Technician in Administration and Finance (include modules an credit ECTS)<\/a><\/li>\n<\/ul>\n<\/li>\n<li>Paisajismo y medio rural (FP Dual)\n<ul>\n<li><a href=\"https:\/\/www.todofp.es\/dam\/jcr:42140b77-4a40-4ec5-a1ca-b5474266d436\/n-tspaisajismomediorurales-pdf.pdf\">Suplemento europass de t\u00edtulo: T\u00e9cnico Superior en Paisajismo y Medio Rural<\/a><\/li>\n<li><a href=\"https:\/\/www.todofp.es\/dam\/jcr:05a21d36-ecaf-44bb-814d-295fc350fa14\/n-tspaisajismomedioruralen-pdf.pdf\">Europass Diploma Supplement: Higher Technician in Landscaping and Rural Environment (include modules an credit ECTS)<\/a><\/li>\n<\/ul>\n<\/li>\n<li>Desarrollo de aplicaciones web (Biling\u00fce)\n<ul>\n<li><a href=\"https:\/\/www.todofp.es\/dam\/jcr:fd8fff01-9d8c-4f5a-b345-8cdadc1a0b4b\/n-tsdesarrolloaplicacioneswebes-pdf.pdf\">Suplemento europass de t\u00edtulo: T\u00e9cnico Superior de Desarrollo de Aplicaciones Web<\/a><\/li>\n<li><a href=\"https:\/\/www.todofp.es\/dam\/jcr:7c3d42db-83bf-4abb-9d81-cd4f41fe1a1a\/n-tsdesarrolloaplicacionesweben-pdf.pdf\">Europass Diploma Supplement: Higher Technician in Development of Web Applications (include modules an credit ECTS)<\/a><\/li>\n<\/ul>\n<\/li>\n<li>Desarrollo de aplicaciones multiplataforma\n<ul>\n<li><a href=\"https:\/\/www.todofp.es\/dam\/jcr:c03b0ca3-58e3-4b1d-ac13-b2c006a9d5f2\/n-tsdesarrolloaplicacionesmultiplataformaes-pdf.pdf\">Suplemento europass de t\u00edtulo: T\u00e9cnico Superior de Desarrollo de Aplicaciones Multiplataforma<\/a><\/li>\n<li><a href=\"https:\/\/www.todofp.es\/dam\/jcr:7655e32d-08a3-47a7-a479-ddb6f032c63e\/n-tsdesarrolloaplicacionesmultiplataformaen-pdf.pdf\">Europass Diploma Supplement: Higher Technician in Multi-platform Applications Development (include modules an credit ECTS)<\/a><\/li>\n<\/ul>\n<\/li>\n<li>Administraci\u00f3n de sistemas inform\u00e1ticos en red (Biling\u00fce)\n<ul>\n<li><a href=\"https:\/\/www.todofp.es\/dam\/jcr:3cb73716-4556-4ad7-995a-f2a8655752cb\/n-tsadministracionsistemasinformaticosredes-pdf.pdf\">Suplemento europass de t\u00edtulo: T\u00e9cnico Superior de Administraci\u00f3n de Sistemas Inform\u00e1ticos en Red<\/a><\/li>\n<li><a href=\"https:\/\/www.todofp.es\/dam\/jcr:525bf081-bd23-482f-bd89-1151f2498373\/n-tsadministracionsistemasinformaticosreden-pdf.pdf\">Europass Diploma Supplement: Higher Technician in Computer Network Systems Management (include modules an credit ECTS)<\/a><\/li>\n<\/ul>\n<\/li>\n<\/ul>\n<h3>Cursos de Especializaci\u00f3n<\/h3>\n<ul style=\"list-style-type: disc\">\n<li>Ciberseguridad&nbsp; en&nbsp; Entornos&nbsp; de&nbsp; las&nbsp; Tecnolog\u00edas&nbsp; de&nbsp; la&nbsp; Informaci\u00f3n\n<ul>\n<li><a href=\"https:\/\/www.boe.es\/buscar\/doc.php?id=BOE-A-2011-13118\">R.D. 1147\/2011 de 29 de junio de ordenaci\u00f3n general de la FP<\/a><\/li>\n<li><a href=\"https:\/\/www.boe.es\/diario_boe\/txt.php?id=BOE-A-2020-4963\">R.D. 479\/2020 de 7 de Abril (BOE n\u00famero 134 de 13 de Mayo)<\/a><\/li>\n<li><a href=\"https:\/\/www.juntadeandalucia.es\/educacion\/portals\/delegate\/content\/8fec9e99-3879-4be0-85a3-019c56b62073\/Resoluci%C3%B3n%20de%209%20de%20Septiembre%20de%202022,%20de%20la%20Direcci%C3%B3n%20General%20de%20Formaci%C3%B3n%20Profesional%20de%20la%20Consejer%C3%ADa%20de%20Desarrollo%20Educativo%20y%20Formaci%C3%B3n%20Profesional%20de%20la%20Junta%20de%20Andaluc%C3%ADa,%20por%20la%20que%20se%20establecen%20aspectos%20organizativos%20de%20los%20cursos%20de%20especializaci%C3%B3n%20de%20Formaci%C3%B3n%20Profesional%20para%20el%20curso%20escolar%202022-2023\">Resoluci\u00f3n 9 de Septiembre de 2022 sobre la organizaci\u00f3n de los cursos de especializaci\u00f3n<\/a><\/li>\n<\/ul>\n<\/li>\n<li>Inteligencia&nbsp; Artificial&nbsp; y BigData\n<ul>\n<li><a href=\"https:\/\/www.boe.es\/diario_boe\/txt.php?id=BOE-A-2021-7686\">Real Decreto 279\/2021 de 20 de abril&nbsp;<\/a><\/li>\n<\/ul>\n<\/li>\n<\/ul>\n<h3>&nbsp;<\/h3>\n<p><strong>Documentos<\/strong><\/p>\n<div class=\"container-fluid\">\n<div class=\"row\">\n<p>Ten\u00e9is a disponible un folleto informativo sobre la oferta educativa de FP de nuestro centro:<\/p>\n<ul>\n<li><a href=\"https:\/\/drive.google.com\/file\/d\/1s1dzWDUQcgaT9ULwa3h2Lqk62k-YjoUQ\/view?usp=sharing\" target=\"_blank\" rel=\"noopener noreferrer\">Folleto FP (pdf)<\/a><\/li>\n<li><a href=\"https:\/\/drive.google.com\/open?id=0B77Rr-MLZKvKMUlOdUpWcWFkZDg\" target=\"_blank\" rel=\"noopener noreferrer\">Presentaci\u00f3n FP (pdf)<\/a><\/li>\n<\/ul>\n<\/div>\n<div class=\"row\"><strong>Enlaces<\/strong><\/div>\n<\/div>\n<ul>\n<li><a href=\"http:\/\/www.juntadeandalucia.es\/educacion\/portals\/web\/formacion-profesional-andaluza\/oferta-educativa\" target=\"_blank\" rel=\"noopener noreferrer\">M\u00e1s informaci\u00f3n sobre oferta educativa<\/a><\/li>\n<\/ul>\n","protected":false},"excerpt":{"rendered":"<p>Esta es nuestra oferta educativa, que incluye ESO, Bachillerato y una amplia oferta de ciclos formativos: &nbsp;Educaci\u00f3n B\u00e1sica Especial Educaci\u00f3n especial unidad espec\u00edfica PTVAL Educaci\u00f3n Secundaria Obligatoria Primero, segundo, tercero y cuarto curso de&#46;&#46;&#46;<\/p>\n","protected":false},"author":10553,"featured_media":0,"parent":0,"menu_order":0,"comment_status":"closed","ping_status":"closed","template":"","meta":{"ngg_post_thumbnail":0,"footnotes":"","_mc_calendar":[]},"aioseo_notices":[],"_links":{"self":[{"href":"https:\/\/blogsaverroes.juntadeandalucia.es\/ieslamarisma\/wp-json\/wp\/v2\/pages\/3256"}],"collection":[{"href":"https:\/\/blogsaverroes.juntadeandalucia.es\/ieslamarisma\/wp-json\/wp\/v2\/pages"}],"about":[{"href":"https:\/\/blogsaverroes.juntadeandalucia.es\/ieslamarisma\/wp-json\/wp\/v2\/types\/page"}],"author":[{"embeddable":true,"href":"https:\/\/blogsaverroes.juntadeandalucia.es\/ieslamarisma\/wp-json\/wp\/v2\/users\/10553"}],"replies":[{"embeddable":true,"href":"https:\/\/blogsaverroes.juntadeandalucia.es\/ieslamarisma\/wp-json\/wp\/v2\/comments?post=3256"}],"version-history":[{"count":16,"href":"https:\/\/blogsaverroes.juntadeandalucia.es\/ieslamarisma\/wp-json\/wp\/v2\/pages\/3256\/revisions"}],"predecessor-version":[{"id":3795,"href":"https:\/\/blogsaverroes.juntadeandalucia.es\/ieslamarisma\/wp-json\/wp\/v2\/pages\/3256\/revisions\/3795"}],"wp:attachment":[{"href":"https:\/\/blogsaverroes.juntadeandalucia.es\/ieslamarisma\/wp-json\/wp\/v2\/media?parent=3256"}],"curies":[{"name":"wp","href":"https:\/\/api.w.org\/{rel}","templated":true}]}}