{"id":3298,"date":"2023-03-27T11:15:22","date_gmt":"2023-03-27T11:15:22","guid":{"rendered":"https:\/\/blogsaverroes.juntadeandalucia.es\/ieslamarisma\/?page_id=3298"},"modified":"2023-03-27T11:20:08","modified_gmt":"2023-03-27T11:20:08","slug":"simulador-de-tractor","status":"publish","type":"page","link":"https:\/\/blogsaverroes.juntadeandalucia.es\/ieslamarisma\/simulador-de-tractor\/","title":{"rendered":"Simulador de Tractor"},"content":{"rendered":"<p>El IES LA MARISMA pone en marcha nuestro&nbsp;<strong>Simulador de Tractor Agr\u00edcola<\/strong>&nbsp;mediante el uso de&nbsp;<strong>Gafas de Realidad Virtual Oculus<\/strong>.<\/p>\n<p><strong>LSyM \u2013 Instituto IRTIC UNIVERSITAT DE VALENCIA<\/strong><br \/>\nEl sistema instruccional de tractor agr\u00edcola desarrollado por LSyM est\u00e1 basado principalmente en el uso de un simulador de bajo coste, que puede utilizarse sobre un equipo inform\u00e1tico convencional, y que permite su utilizaci\u00f3n en m\u00faltiples puestos dentro del aula de formaci\u00f3n. El simulador incorpora un entorno altamente inmersivo, constituyendo una herramienta ideal para el desarrollo de las habilidades de los operadores, proporcionando contenidos para entrenar sus rutinas de trabajo y prepararlos para el manejo de la m\u00e1quina real. El simulador reproduce fielmente el entorno de trabajo habitual de este tipo de m\u00e1quinas, con alto nivel de realismo, el entorno de trabajo que nos encontramos en las \u00e1reas agr\u00edcolas, el cual incluye terrenos con diferentes propiedades y desniveles. Opcionalmente se puede disponer de otros entornos.<\/p>\n<p><strong>Objetivos:<\/strong><\/p>\n<ol>\n<li>Adaptarse a las nuevas situaciones laborales originadas por cambios tecnol\u00f3gicos y organizativos en los procesos<br \/>\nproductivos, actualizando sus conocimientos, utilizando los recursos existentes para el \u00abaprendizaje a lo largo de la vida\u00bb<br \/>\ny las tecnolog\u00edas. En este sentido el simulador permite interactuar y familiarizarse con ambientes a los que se pueden<br \/>\nllegar a enfrentar en el futuro, as\u00ed como aprender a manejar posibles situaciones y la forma de reaccionar ante \u00e9stas.<\/li>\n<li>Completar la adquisici\u00f3n de los resultados de aprendizaje ante las circunstancias derivadas de la pandemia COVID-19.<\/li>\n<li>Facilitar el desarrollo de habilidades y competencias para el desenvolvimiento social, econ\u00f3mico y cultural, fortalecer la<br \/>\ncreatividad, la l\u00f3gica y el razonamiento, gracias a los medios audiovisuales y digitales.<\/li>\n<li>Adquirir habilidades y destrezas, mejorando la de retenci\u00f3n en el aprendizaje ya que es posible que los alumnos recreen<br \/>\nlas condiciones y situaciones que se dan en el medio laboral ya que pueden experimentar y desarrollar competencias de su<br \/>\n\u00e1mbito profesional en escenarios donde nuestro alumnado no siempre tienen acceso<\/li>\n<li>Preparar de forma real al alumnado a trav\u00e9s de este recurso digital para una posterior incorporaci\u00f3n a la Formaci\u00f3n en<br \/>\ncentro de trabajo en las diferentes empresas del sector.<\/li>\n<li>Permitir un enfoque did\u00e1ctico que no est\u00e9 basado en la mera transmisi\u00f3n de informaci\u00f3n, sino que promueva la<br \/>\nparticipaci\u00f3n del alumnado, esto es un proceso de ense\u00f1anza-aprendizaje centrado en el que es fundamental las herramientas digitales.<\/li>\n<li>Mejorar la pr\u00e1ctica docente del profesorado en el uso de metodolog\u00edas innovadoras en entornos virtuales de aprendizaje<br \/>\naplicadas a las ense\u00f1anzas t\u00e9cnicas.<\/li>\n<li>Manejar simuladores o mecanismos digitales y recursos formativos espec\u00edficos de los sectores profesionales<br \/>\ny las empresas en las ense\u00f1anzas de Formaci\u00f3n Profesional.<\/li>\n<li>Preparar el terreno con la maquinaria seleccionada, realizando la regulaci\u00f3n de los equipos y garantizando que las labores<br \/>\nse realizan seg\u00fan buenas pr\u00e1cticas, a trav\u00e9s de un simulador.<\/li>\n<li>Manejar equipos y maquinaria, siguiendo las especificaciones t\u00e9cnicas, a trav\u00e9s de un simulador que permita un<br \/>\naprendizaje activo del alumnado, suponiendo a la vez una interacci\u00f3n en tiempo real con las actividades a desarrollar con<br \/>\nel manejo del simulador de tractor.<\/li>\n<li>Permitir la igualdad de oportunidades de manejo de tractor a la totalidad del alumnado, sobre todo al alumnado en cuyo<br \/>\nentorno social y productivo no ser\u00eda posible, como es el alumnado del distrito V.<\/li>\n<li>Aumentar la motivaci\u00f3n del alumnado por las ense\u00f1anzas de T\u00e9cnico en Jardiner\u00eda y Florister\u00eda, por la Formaci\u00f3n<br \/>\nProfesional B\u00e1sica en Agrojardiner\u00eda y Composiciones Florales y por el Programa Espec\u00edfico de Formaci\u00f3n Profesional<br \/>\nB\u00e1sica Especial en Agrojardiner\u00eda y Composiciones Florales, ya que el alumnado pasa de ser un sujeto pasivo a recibir una<br \/>\nformaci\u00f3n activa, adem\u00e1s crea un nuevo ambiente de aprendizaje.<\/li>\n<\/ol>\n<p>&nbsp;<\/p>\n<p><img decoding=\"async\" class=\"aligncenter\" src=\"https:\/\/ieslamarisma.net\/images\/articulos\/simulador\/fotos\/tractor01.png\" alt=\"tractor01\"><\/p>\n<p>&nbsp;<\/p>\n<p dir=\"ltr\"><strong>Actividades previstas con nuestro simulador:<\/strong><\/p>\n<ol>\n<li>Identificaci\u00f3n de la maquinaria y partes del tractor y equipos de tracci\u00f3n de la explotaci\u00f3n.<\/li>\n<li>Manejo del tractor y equipos de tracci\u00f3n.<\/li>\n<li>Mantenimiento del tractor y equipos de tracci\u00f3n.<\/li>\n<li>Manejo de equipos, herramientas y maquinaria para las instalaciones de protecci\u00f3n y forzado, cumpliendo con las normas de<br \/>\nseguridad y prevenci\u00f3n.<\/li>\n<li>Regulaci\u00f3n y uso de m\u00e1quinas y equipos para la preparaci\u00f3n y aplicaci\u00f3n de productos qu\u00edmicos fitosanitarios.<\/li>\n<li>Manejo y mantenimiento de maquinaria y aperos para la preparaci\u00f3n, acondicionamiento del terreno, para siembra y plantaci\u00f3n<br \/>\nde especies ornamentales y cespitosas.<\/li>\n<li>Selecci\u00f3n, manejo y mantenimiento de herramientas y maquinaria para realizar labores de mantenimiento o restauraci\u00f3n y<br \/>\nreposici\u00f3n de elementos vegetales deteriorados.<\/li>\n<li>Manejo de herramientas, equipos y maquinaria para la multiplicaci\u00f3n sexual de las plantas, propagaci\u00f3n asexual de las plantas y<br \/>\npreparaci\u00f3n del medio de cultivo en la producci\u00f3n de tepes.<\/li>\n<li>Determinaci\u00f3n de las medidas de prevenci\u00f3n y protecci\u00f3n individual y colectiva, realizando un protocolo de actuaci\u00f3n ante una<br \/>\nsituaci\u00f3n de emergencia y la realizaci\u00f3n de primeros auxilios.<\/li>\n<\/ol>\n<p>Se pretende realizar estas actividades a trav\u00e9s del simulador digital del tractor y sus aperos de acople, para las diferentes situaciones de la actividad laboral real.<\/p>\n<p dir=\"ltr\"><strong>Fotos de nuestro simulador:<\/strong><\/p>\n<p><em><a href=\"http:\/\/ieslamarisma.net\/images\/articulos\/simulador\/fotos\/\/simulador__tractor01.jpg\" data-lightbox=\"Joompolitan Light Gallery\" data-title=\"Simulador tractor\"><img decoding=\"async\" src=\"http:\/\/ieslamarisma.net\/images\/articulos\/simulador\/fotos\/\/simulador__tractor01.jpg\"><\/a><a href=\"http:\/\/ieslamarisma.net\/images\/articulos\/simulador\/fotos\/\/simulador__tractor02.jpg\" data-lightbox=\"Joompolitan Light Gallery\" data-title=\"Simulador tractor\"><img decoding=\"async\" src=\"http:\/\/ieslamarisma.net\/images\/articulos\/simulador\/fotos\/\/simulador__tractor02.jpg\"><\/a><a href=\"http:\/\/ieslamarisma.net\/images\/articulos\/simulador\/fotos\/\/simulador__tractor03.jpg\" data-lightbox=\"Joompolitan Light Gallery\" data-title=\"Simulador tractor\"><img decoding=\"async\" src=\"http:\/\/ieslamarisma.net\/images\/articulos\/simulador\/fotos\/\/simulador__tractor03.jpg\"><\/a><a href=\"http:\/\/ieslamarisma.net\/images\/articulos\/simulador\/fotos\/\/tractor01.png\" data-lightbox=\"Joompolitan Light Gallery\" data-title=\"Simulador tractor\"><img decoding=\"async\" class=\"aligncenter\" src=\"http:\/\/ieslamarisma.net\/images\/articulos\/simulador\/fotos\/\/tractor01.png\"><\/a><a href=\"http:\/\/ieslamarisma.net\/images\/articulos\/simulador\/fotos\/\/tractor02.png\" data-lightbox=\"Joompolitan Light Gallery\" data-title=\"Simulador tractor\"><img decoding=\"async\" src=\"http:\/\/ieslamarisma.net\/images\/articulos\/simulador\/fotos\/\/tractor02.png\"><\/a><a href=\"http:\/\/ieslamarisma.net\/images\/articulos\/simulador\/fotos\/\/tractor03.png\" data-lightbox=\"Joompolitan Light Gallery\" data-title=\"Simulador tractor\"><img decoding=\"async\" src=\"http:\/\/ieslamarisma.net\/images\/articulos\/simulador\/fotos\/\/tractor03.png\"><\/a><a href=\"http:\/\/ieslamarisma.net\/images\/articulos\/simulador\/fotos\/\/tractor04.png\" data-lightbox=\"Joompolitan Light Gallery\" data-title=\"Simulador tractor\"><img decoding=\"async\" src=\"http:\/\/ieslamarisma.net\/images\/articulos\/simulador\/fotos\/\/tractor04.png\"><\/a><a href=\"http:\/\/ieslamarisma.net\/images\/articulos\/simulador\/fotos\/\/tractor05.png\" data-lightbox=\"Joompolitan Light Gallery\" data-title=\"Simulador tractor\"><img decoding=\"async\" src=\"http:\/\/ieslamarisma.net\/images\/articulos\/simulador\/fotos\/\/tractor05.png\"><\/a><a href=\"http:\/\/ieslamarisma.net\/images\/articulos\/simulador\/fotos\/\/tractor06.png\" data-lightbox=\"Joompolitan Light Gallery\" data-title=\"Simulador tractor\"><img decoding=\"async\" src=\"http:\/\/ieslamarisma.net\/images\/articulos\/simulador\/fotos\/\/tractor06.png\"><\/a><a href=\"http:\/\/ieslamarisma.net\/images\/articulos\/simulador\/fotos\/\/tractor07.png\" data-lightbox=\"Joompolitan Light Gallery\" data-title=\"Simulador tractor\"><img decoding=\"async\" src=\"http:\/\/ieslamarisma.net\/images\/articulos\/simulador\/fotos\/\/tractor07.png\"><\/a><a href=\"http:\/\/ieslamarisma.net\/images\/articulos\/simulador\/fotos\/\/tractor08.png\" data-lightbox=\"Joompolitan Light Gallery\" data-title=\"Simulador tractor\"><img decoding=\"async\" src=\"http:\/\/ieslamarisma.net\/images\/articulos\/simulador\/fotos\/\/tractor08.png\"><\/a><a href=\"http:\/\/ieslamarisma.net\/images\/articulos\/simulador\/fotos\/\/tractor09.png\" data-lightbox=\"Joompolitan Light Gallery\" data-title=\"Simulador tractor\"><img decoding=\"async\" src=\"http:\/\/ieslamarisma.net\/images\/articulos\/simulador\/fotos\/\/tractor09.png\"><\/a><a href=\"http:\/\/ieslamarisma.net\/images\/articulos\/simulador\/fotos\/\/tractor10.png\" data-lightbox=\"Joompolitan Light Gallery\" data-title=\"Simulador tractor\"><img decoding=\"async\" src=\"http:\/\/ieslamarisma.net\/images\/articulos\/simulador\/fotos\/\/tractor10.png\"><\/a><a href=\"http:\/\/ieslamarisma.net\/images\/articulos\/simulador\/fotos\/\/tractor11.png\" data-lightbox=\"Joompolitan Light Gallery\" data-title=\"Simulador tractor\"><img decoding=\"async\" src=\"http:\/\/ieslamarisma.net\/images\/articulos\/simulador\/fotos\/\/tractor11.png\"><\/a><a href=\"http:\/\/ieslamarisma.net\/images\/articulos\/simulador\/fotos\/\/tractor12.png\" data-lightbox=\"Joompolitan Light Gallery\" data-title=\"Simulador tractor\"><img decoding=\"async\" src=\"http:\/\/ieslamarisma.net\/images\/articulos\/simulador\/fotos\/\/tractor12.png\"><\/a><a href=\"http:\/\/ieslamarisma.net\/images\/articulos\/simulador\/fotos\/\/tractor13.png\" data-lightbox=\"Joompolitan Light Gallery\" data-title=\"Simulador tractor\"><img decoding=\"async\" src=\"http:\/\/ieslamarisma.net\/images\/articulos\/simulador\/fotos\/\/tractor13.png\"><\/a><a href=\"http:\/\/ieslamarisma.net\/images\/articulos\/simulador\/fotos\/\/tractor14.png\" data-lightbox=\"Joompolitan Light Gallery\" data-title=\"Simulador tractor\"><img decoding=\"async\" src=\"http:\/\/ieslamarisma.net\/images\/articulos\/simulador\/fotos\/\/tractor14.png\"><\/a><a href=\"http:\/\/ieslamarisma.net\/images\/articulos\/simulador\/fotos\/\/tractor15.png\" data-lightbox=\"Joompolitan Light Gallery\" data-title=\"Simulador tractor\"><img decoding=\"async\" src=\"http:\/\/ieslamarisma.net\/images\/articulos\/simulador\/fotos\/\/tractor15.png\"><\/a><\/em><\/p>\n<p>&nbsp;<\/p>\n<p>&nbsp;<\/p>\n","protected":false},"excerpt":{"rendered":"<p>El IES LA MARISMA pone en marcha nuestro&nbsp;Simulador de Tractor Agr\u00edcola&nbsp;mediante el uso de&nbsp;Gafas de Realidad Virtual Oculus. LSyM \u2013 Instituto IRTIC UNIVERSITAT DE VALENCIA El sistema instruccional de tractor agr\u00edcola desarrollado por LSyM&#46;&#46;&#46;<\/p>\n","protected":false},"author":10553,"featured_media":0,"parent":0,"menu_order":0,"comment_status":"closed","ping_status":"closed","template":"","meta":{"ngg_post_thumbnail":0,"footnotes":"","_mc_calendar":[]},"aioseo_notices":[],"_links":{"self":[{"href":"https:\/\/blogsaverroes.juntadeandalucia.es\/ieslamarisma\/wp-json\/wp\/v2\/pages\/3298"}],"collection":[{"href":"https:\/\/blogsaverroes.juntadeandalucia.es\/ieslamarisma\/wp-json\/wp\/v2\/pages"}],"about":[{"href":"https:\/\/blogsaverroes.juntadeandalucia.es\/ieslamarisma\/wp-json\/wp\/v2\/types\/page"}],"author":[{"embeddable":true,"href":"https:\/\/blogsaverroes.juntadeandalucia.es\/ieslamarisma\/wp-json\/wp\/v2\/users\/10553"}],"replies":[{"embeddable":true,"href":"https:\/\/blogsaverroes.juntadeandalucia.es\/ieslamarisma\/wp-json\/wp\/v2\/comments?post=3298"}],"version-history":[{"count":3,"href":"https:\/\/blogsaverroes.juntadeandalucia.es\/ieslamarisma\/wp-json\/wp\/v2\/pages\/3298\/revisions"}],"predecessor-version":[{"id":3303,"href":"https:\/\/blogsaverroes.juntadeandalucia.es\/ieslamarisma\/wp-json\/wp\/v2\/pages\/3298\/revisions\/3303"}],"wp:attachment":[{"href":"https:\/\/blogsaverroes.juntadeandalucia.es\/ieslamarisma\/wp-json\/wp\/v2\/media?parent=3298"}],"curies":[{"name":"wp","href":"https:\/\/api.w.org\/{rel}","templated":true}]}}