{"id":3314,"date":"2023-03-28T06:49:22","date_gmt":"2023-03-28T06:49:22","guid":{"rendered":"https:\/\/blogsaverroes.juntadeandalucia.es\/ieslamarisma\/?page_id=3314"},"modified":"2023-03-28T06:53:10","modified_gmt":"2023-03-28T06:53:10","slug":"concurso-logo-marismaemprende","status":"publish","type":"page","link":"https:\/\/blogsaverroes.juntadeandalucia.es\/ieslamarisma\/concurso-logo-marismaemprende\/","title":{"rendered":"Concurso Logo MarismaEmprende"},"content":{"rendered":"<div class=\"items-leading clearfix\">\n<div class=\"leading-0\">\n<p>Mostramos los logotipo recibidos por la organizaci\u00f3n de \u00abMarisma emprende\u00bb. La votaci\u00f3n de vuestro logo preferido comenzar\u00e1 en la fecha que se indica a continuaci\u00f3n:<\/p>\n<p>Inicio de la votaci\u00f3n:&nbsp;<strong>11 de noviembre de 2021<br \/>\n<\/strong><\/p>\n<p>Fin de la votaci\u00f3n:&nbsp;<strong>13 de noviembre de 2021<\/strong><\/p>\n<p><a href=\"http:\/\/ieslamarisma.net\/images\/articulos\/emprende\/concurso_logo\/logo01-03\/logo01.jpg\" data-lightbox=\"Joompolitan Light Gallery\" data-title=\"logo1-3\"><img decoding=\"async\" src=\"http:\/\/ieslamarisma.net\/images\/articulos\/emprende\/concurso_logo\/logo01-03\/logo01.jpg\"><\/a><a href=\"http:\/\/ieslamarisma.net\/images\/articulos\/emprende\/concurso_logo\/logo01-03\/logo02.png\" data-lightbox=\"Joompolitan Light Gallery\" data-title=\"logo1-3\"><img decoding=\"async\" src=\"http:\/\/ieslamarisma.net\/images\/articulos\/emprende\/concurso_logo\/logo01-03\/logo02.png\"><\/a><a href=\"http:\/\/ieslamarisma.net\/images\/articulos\/emprende\/concurso_logo\/logo01-03\/logo03.png\" data-lightbox=\"Joompolitan Light Gallery\" data-title=\"logo1-3\"><img decoding=\"async\" src=\"http:\/\/ieslamarisma.net\/images\/articulos\/emprende\/concurso_logo\/logo01-03\/logo03.png\"><\/a><\/p>\n<table>\n<tbody>\n<tr>\n<td>&nbsp;<\/td>\n<td><strong>logo&nbsp;4<br \/>\n<\/strong><\/td>\n<td><strong>logo&nbsp;5<br \/>\n<\/strong><\/td>\n<td><strong>logo&nbsp;6<br \/>\n<\/strong><\/td>\n<td>&nbsp;<\/td>\n<\/tr>\n<\/tbody>\n<\/table>\n<p><a href=\"http:\/\/ieslamarisma.net\/images\/articulos\/emprende\/concurso_logo\/logo04-06\/logo04.jpg\" data-lightbox=\"Joompolitan Light Gallery\" data-title=\"logo4-6\"><img decoding=\"async\" src=\"http:\/\/ieslamarisma.net\/images\/articulos\/emprende\/concurso_logo\/logo04-06\/logo04.jpg\"><\/a><a href=\"http:\/\/ieslamarisma.net\/images\/articulos\/emprende\/concurso_logo\/logo04-06\/logo05.png\" data-lightbox=\"Joompolitan Light Gallery\" data-title=\"logo4-6\"><img decoding=\"async\" src=\"http:\/\/ieslamarisma.net\/images\/articulos\/emprende\/concurso_logo\/logo04-06\/logo05.png\"><\/a><a href=\"http:\/\/ieslamarisma.net\/images\/articulos\/emprende\/concurso_logo\/logo04-06\/logo06.png\" data-lightbox=\"Joompolitan Light Gallery\" data-title=\"logo4-6\"><img decoding=\"async\" src=\"http:\/\/ieslamarisma.net\/images\/articulos\/emprende\/concurso_logo\/logo04-06\/logo06.png\"><\/a><\/p>\n<table>\n<tbody>\n<tr>\n<td>&nbsp;<\/td>\n<td><strong>logo&nbsp;7<br \/>\n<\/strong><\/td>\n<td><strong>logo&nbsp;8<br \/>\n<\/strong><\/td>\n<td><strong>logo&nbsp;9<br \/>\n<\/strong><\/td>\n<td>&nbsp;<\/td>\n<\/tr>\n<\/tbody>\n<\/table>\n<p><a href=\"http:\/\/ieslamarisma.net\/images\/articulos\/emprende\/concurso_logo\/logo07-09\/logo07.jpg\" data-lightbox=\"Joompolitan Light Gallery\" data-title=\"logo7-9\"><img decoding=\"async\" src=\"http:\/\/ieslamarisma.net\/images\/articulos\/emprende\/concurso_logo\/logo07-09\/logo07.jpg\"><\/a><a href=\"http:\/\/ieslamarisma.net\/images\/articulos\/emprende\/concurso_logo\/logo07-09\/logo08.png\" data-lightbox=\"Joompolitan Light Gallery\" data-title=\"logo7-9\"><img decoding=\"async\" src=\"http:\/\/ieslamarisma.net\/images\/articulos\/emprende\/concurso_logo\/logo07-09\/logo08.png\"><\/a><a href=\"http:\/\/ieslamarisma.net\/images\/articulos\/emprende\/concurso_logo\/logo07-09\/logo09.png\" data-lightbox=\"Joompolitan Light Gallery\" data-title=\"logo7-9\"><img decoding=\"async\" src=\"http:\/\/ieslamarisma.net\/images\/articulos\/emprende\/concurso_logo\/logo07-09\/logo09.png\"><\/a><\/p>\n<table>\n<tbody>\n<tr>\n<td>&nbsp;<\/td>\n<td><strong>logo&nbsp;10<br \/>\n<\/strong><\/td>\n<td><strong>logo&nbsp;11<br \/>\n<\/strong><\/td>\n<td><strong>logo&nbsp;12<br \/>\n<\/strong><\/td>\n<td>&nbsp;<\/td>\n<\/tr>\n<\/tbody>\n<\/table>\n<p><a href=\"http:\/\/ieslamarisma.net\/images\/articulos\/emprende\/concurso_logo\/logo10-12\/logo10.png\" data-lightbox=\"Joompolitan Light Gallery\" data-title=\"logo10-12\"><img decoding=\"async\" src=\"http:\/\/ieslamarisma.net\/images\/articulos\/emprende\/concurso_logo\/logo10-12\/logo10.png\"><\/a><a href=\"http:\/\/ieslamarisma.net\/images\/articulos\/emprende\/concurso_logo\/logo10-12\/logo11.png\" data-lightbox=\"Joompolitan Light Gallery\" data-title=\"logo10-12\"><img decoding=\"async\" src=\"http:\/\/ieslamarisma.net\/images\/articulos\/emprende\/concurso_logo\/logo10-12\/logo11.png\"><\/a><a href=\"http:\/\/ieslamarisma.net\/images\/articulos\/emprende\/concurso_logo\/logo10-12\/logo12.png\" data-lightbox=\"Joompolitan Light Gallery\" data-title=\"logo10-12\"><img decoding=\"async\" src=\"http:\/\/ieslamarisma.net\/images\/articulos\/emprende\/concurso_logo\/logo10-12\/logo12.png\"><\/a><\/p>\n<table>\n<tbody>\n<tr>\n<td>&nbsp;<\/td>\n<td><strong>logo&nbsp;13<br \/>\n<\/strong><\/td>\n<td><strong>logo&nbsp;14<br \/>\n<\/strong><\/td>\n<td><strong>logo&nbsp;15<br \/>\n<\/strong><\/td>\n<td>&nbsp;<\/td>\n<\/tr>\n<\/tbody>\n<\/table>\n<p><a href=\"http:\/\/ieslamarisma.net\/images\/articulos\/emprende\/concurso_logo\/logo13-15\/logo13.jpeg\" data-lightbox=\"Joompolitan Light Gallery\" data-title=\"logo13-15\"><img decoding=\"async\" src=\"http:\/\/ieslamarisma.net\/images\/articulos\/emprende\/concurso_logo\/logo13-15\/logo13.jpeg\"><\/a><a href=\"http:\/\/ieslamarisma.net\/images\/articulos\/emprende\/concurso_logo\/logo13-15\/logo14.jpg\" data-lightbox=\"Joompolitan Light Gallery\" data-title=\"logo13-15\"><img decoding=\"async\" src=\"http:\/\/ieslamarisma.net\/images\/articulos\/emprende\/concurso_logo\/logo13-15\/logo14.jpg\"><\/a><a href=\"http:\/\/ieslamarisma.net\/images\/articulos\/emprende\/concurso_logo\/logo13-15\/logo15.png\" data-lightbox=\"Joompolitan Light Gallery\" data-title=\"logo13-15\"><img decoding=\"async\" src=\"http:\/\/ieslamarisma.net\/images\/articulos\/emprende\/concurso_logo\/logo13-15\/logo15.png\"><\/a><\/p>\n<table>\n<tbody>\n<tr>\n<td>&nbsp;<\/td>\n<td><strong>logo&nbsp;16<br \/>\n<\/strong><\/td>\n<td><strong>logo&nbsp;17<br \/>\n<\/strong><\/td>\n<td><strong>logo&nbsp;18<br \/>\n<\/strong><\/td>\n<td>&nbsp;<\/td>\n<\/tr>\n<\/tbody>\n<\/table>\n<p><a href=\"http:\/\/ieslamarisma.net\/images\/articulos\/emprende\/concurso_logo\/logo16-18\/logo16.png\" data-lightbox=\"Joompolitan Light Gallery\" data-title=\"logo16-18\"><img decoding=\"async\" src=\"http:\/\/ieslamarisma.net\/images\/articulos\/emprende\/concurso_logo\/logo16-18\/logo16.png\"><\/a><a href=\"http:\/\/ieslamarisma.net\/images\/articulos\/emprende\/concurso_logo\/logo16-18\/logo17.jpg\" data-lightbox=\"Joompolitan Light Gallery\" data-title=\"logo16-18\"><img decoding=\"async\" src=\"http:\/\/ieslamarisma.net\/images\/articulos\/emprende\/concurso_logo\/logo16-18\/logo17.jpg\"><\/a><a href=\"http:\/\/ieslamarisma.net\/images\/articulos\/emprende\/concurso_logo\/logo16-18\/logo18.jpg\" data-lightbox=\"Joompolitan Light Gallery\" data-title=\"logo16-18\"><img decoding=\"async\" src=\"http:\/\/ieslamarisma.net\/images\/articulos\/emprende\/concurso_logo\/logo16-18\/logo18.jpg\"><\/a><\/p>\n<table>\n<tbody>\n<tr>\n<td>&nbsp;<\/td>\n<td><strong>logo&nbsp;19<br \/>\n<\/strong><\/td>\n<td><strong>logo 20<br \/>\n<\/strong><\/td>\n<td><strong>logo 21<br \/>\n<\/strong><\/td>\n<td>&nbsp;<\/td>\n<\/tr>\n<\/tbody>\n<\/table>\n<p><a href=\"http:\/\/ieslamarisma.net\/images\/articulos\/emprende\/concurso_logo\/logo19-21\/logo19.png\" data-lightbox=\"Joompolitan Light Gallery\" data-title=\"logo19-21\"><img decoding=\"async\" src=\"http:\/\/ieslamarisma.net\/images\/articulos\/emprende\/concurso_logo\/logo19-21\/logo19.png\"><\/a><a href=\"http:\/\/ieslamarisma.net\/images\/articulos\/emprende\/concurso_logo\/logo19-21\/logo20.png\" data-lightbox=\"Joompolitan Light Gallery\" data-title=\"logo19-21\"><img decoding=\"async\" src=\"http:\/\/ieslamarisma.net\/images\/articulos\/emprende\/concurso_logo\/logo19-21\/logo20.png\"><\/a><a href=\"http:\/\/ieslamarisma.net\/images\/articulos\/emprende\/concurso_logo\/logo19-21\/logo21.png\" data-lightbox=\"Joompolitan Light Gallery\" data-title=\"logo19-21\"><img decoding=\"async\" src=\"http:\/\/ieslamarisma.net\/images\/articulos\/emprende\/concurso_logo\/logo19-21\/logo21.png\"><\/a><\/p>\n<table>\n<tbody>\n<tr>\n<td>&nbsp;<\/td>\n<td><strong>logo 22<br \/>\n<\/strong><\/td>\n<td><strong>logo 23<br \/>\n<\/strong><\/td>\n<td><strong>logo 24<br \/>\n<\/strong><\/td>\n<td>&nbsp;<\/td>\n<\/tr>\n<\/tbody>\n<\/table>\n<p><a href=\"http:\/\/ieslamarisma.net\/images\/articulos\/emprende\/concurso_logo\/logo22-24\/logo22.png\" data-lightbox=\"Joompolitan Light Gallery\" data-title=\"logo22-24\"><img decoding=\"async\" src=\"http:\/\/ieslamarisma.net\/images\/articulos\/emprende\/concurso_logo\/logo22-24\/logo22.png\"><\/a><a href=\"http:\/\/ieslamarisma.net\/images\/articulos\/emprende\/concurso_logo\/logo22-24\/logo23.png\" data-lightbox=\"Joompolitan Light Gallery\" data-title=\"logo22-24\"><img decoding=\"async\" src=\"http:\/\/ieslamarisma.net\/images\/articulos\/emprende\/concurso_logo\/logo22-24\/logo23.png\"><\/a><a href=\"http:\/\/ieslamarisma.net\/images\/articulos\/emprende\/concurso_logo\/logo22-24\/logo24.jpg\" data-lightbox=\"Joompolitan Light Gallery\" data-title=\"logo22-24\"><img decoding=\"async\" src=\"http:\/\/ieslamarisma.net\/images\/articulos\/emprende\/concurso_logo\/logo22-24\/logo24.jpg\"><\/a><\/p>\n<table>\n<tbody>\n<tr>\n<td>&nbsp;<\/td>\n<td><strong>logo 25<br \/>\n<\/strong><\/td>\n<td><strong>logo 26<br \/>\n<\/strong><\/td>\n<td><strong>logo 27<br \/>\n<\/strong><\/td>\n<td>&nbsp;<\/td>\n<\/tr>\n<\/tbody>\n<\/table>\n<p><a href=\"http:\/\/ieslamarisma.net\/images\/articulos\/emprende\/concurso_logo\/logo25-27\/logo25.jpg\" data-lightbox=\"Joompolitan Light Gallery\" data-title=\"logo25-27\"><img decoding=\"async\" src=\"http:\/\/ieslamarisma.net\/images\/articulos\/emprende\/concurso_logo\/logo25-27\/logo25.jpg\"><\/a><a href=\"http:\/\/ieslamarisma.net\/images\/articulos\/emprende\/concurso_logo\/logo25-27\/logo26.jpg\" data-lightbox=\"Joompolitan Light Gallery\" data-title=\"logo25-27\"><img decoding=\"async\" src=\"http:\/\/ieslamarisma.net\/images\/articulos\/emprende\/concurso_logo\/logo25-27\/logo26.jpg\"><\/a><a href=\"http:\/\/ieslamarisma.net\/images\/articulos\/emprende\/concurso_logo\/logo25-27\/logo27.jpg\" data-lightbox=\"Joompolitan Light Gallery\" data-title=\"logo25-27\"><img decoding=\"async\" src=\"http:\/\/ieslamarisma.net\/images\/articulos\/emprende\/concurso_logo\/logo25-27\/logo27.jpg\"><\/a><\/p>\n<table>\n<tbody>\n<tr>\n<td>&nbsp;<\/td>\n<td><strong>logo 28<br \/>\n<\/strong><\/td>\n<td><strong>logo 29<br \/>\n<\/strong><\/td>\n<td><strong>logo 30<br \/>\n<\/strong><\/td>\n<td>&nbsp;<\/td>\n<\/tr>\n<\/tbody>\n<\/table>\n<p><a href=\"http:\/\/ieslamarisma.net\/images\/articulos\/emprende\/concurso_logo\/logo28-30\/logo28.jpg\" data-lightbox=\"Joompolitan Light Gallery\" data-title=\"logo28-30\"><img decoding=\"async\" src=\"http:\/\/ieslamarisma.net\/images\/articulos\/emprende\/concurso_logo\/logo28-30\/logo28.jpg\"><\/a><a href=\"http:\/\/ieslamarisma.net\/images\/articulos\/emprende\/concurso_logo\/logo28-30\/logo29.jpg\" data-lightbox=\"Joompolitan Light Gallery\" data-title=\"logo28-30\"><img decoding=\"async\" src=\"http:\/\/ieslamarisma.net\/images\/articulos\/emprende\/concurso_logo\/logo28-30\/logo29.jpg\"><\/a><a href=\"http:\/\/ieslamarisma.net\/images\/articulos\/emprende\/concurso_logo\/logo28-30\/logo30.png\" data-lightbox=\"Joompolitan Light Gallery\" data-title=\"logo28-30\"><img decoding=\"async\" src=\"http:\/\/ieslamarisma.net\/images\/articulos\/emprende\/concurso_logo\/logo28-30\/logo30.png\"><\/a><\/p>\n<table>\n<tbody>\n<tr>\n<td>&nbsp;<\/td>\n<td><strong>logo 31<br \/>\n<\/strong><\/td>\n<td><strong>logo 32<br \/>\n<\/strong><\/td>\n<td><strong>logo 33<br \/>\n<\/strong><\/td>\n<td>&nbsp;<\/td>\n<\/tr>\n<\/tbody>\n<\/table>\n<p><a href=\"http:\/\/ieslamarisma.net\/images\/articulos\/emprende\/concurso_logo\/logo31-33\/logo31.png\" data-lightbox=\"Joompolitan Light Gallery\" data-title=\"logo31-33\"><img decoding=\"async\" src=\"http:\/\/ieslamarisma.net\/images\/articulos\/emprende\/concurso_logo\/logo31-33\/logo31.png\"><\/a><a href=\"http:\/\/ieslamarisma.net\/images\/articulos\/emprende\/concurso_logo\/logo31-33\/logo32.jpg\" data-lightbox=\"Joompolitan Light Gallery\" data-title=\"logo31-33\"><img decoding=\"async\" src=\"http:\/\/ieslamarisma.net\/images\/articulos\/emprende\/concurso_logo\/logo31-33\/logo32.jpg\"><\/a><a href=\"http:\/\/ieslamarisma.net\/images\/articulos\/emprende\/concurso_logo\/logo31-33\/logo33.jpg\" data-lightbox=\"Joompolitan Light Gallery\" data-title=\"logo31-33\"><img decoding=\"async\" src=\"http:\/\/ieslamarisma.net\/images\/articulos\/emprende\/concurso_logo\/logo31-33\/logo33.jpg\"><\/a><\/p>\n<table>\n<tbody>\n<tr>\n<td>&nbsp;<\/td>\n<td><strong>logo 34<br \/>\n<\/strong><\/td>\n<td><strong>logo 35<br \/>\n<\/strong><\/td>\n<td><strong>logo 36<br \/>\n<\/strong><\/td>\n<td>&nbsp;<\/td>\n<\/tr>\n<\/tbody>\n<\/table>\n<p><a href=\"http:\/\/ieslamarisma.net\/images\/articulos\/emprende\/concurso_logo\/logo34-36\/logo34.jpg\" data-lightbox=\"Joompolitan Light Gallery\" data-title=\"logo34-36\"><img decoding=\"async\" src=\"http:\/\/ieslamarisma.net\/images\/articulos\/emprende\/concurso_logo\/logo34-36\/logo34.jpg\"><\/a><a href=\"http:\/\/ieslamarisma.net\/images\/articulos\/emprende\/concurso_logo\/logo34-36\/logo35.jpg\" data-lightbox=\"Joompolitan Light Gallery\" data-title=\"logo34-36\"><img decoding=\"async\" src=\"http:\/\/ieslamarisma.net\/images\/articulos\/emprende\/concurso_logo\/logo34-36\/logo35.jpg\"><\/a><a href=\"http:\/\/ieslamarisma.net\/images\/articulos\/emprende\/concurso_logo\/logo34-36\/logo36.png\" data-lightbox=\"Joompolitan Light Gallery\" data-title=\"logo34-36\"><img decoding=\"async\" src=\"http:\/\/ieslamarisma.net\/images\/articulos\/emprende\/concurso_logo\/logo34-36\/logo36.png\"><\/a><\/p>\n<table>\n<tbody>\n<tr>\n<td>&nbsp;<\/td>\n<td><strong>logo 37<br \/>\n<\/strong><\/td>\n<td><strong>logo 38<br \/>\n<\/strong><\/td>\n<td><strong>logo 39<\/strong><\/td>\n<td>&nbsp;<\/td>\n<\/tr>\n<\/tbody>\n<\/table>\n<p><a href=\"http:\/\/ieslamarisma.net\/images\/articulos\/emprende\/concurso_logo\/logo37-38\/logo37.png\" data-lightbox=\"Joompolitan Light Gallery\" data-title=\"logo37-38\"><img decoding=\"async\" src=\"http:\/\/ieslamarisma.net\/images\/articulos\/emprende\/concurso_logo\/logo37-38\/logo37.png\"><\/a><a href=\"http:\/\/ieslamarisma.net\/images\/articulos\/emprende\/concurso_logo\/logo37-38\/logo38.png\" data-lightbox=\"Joompolitan Light Gallery\" data-title=\"logo37-38\"><img decoding=\"async\" src=\"http:\/\/ieslamarisma.net\/images\/articulos\/emprende\/concurso_logo\/logo37-38\/logo38.png\"><\/a><a href=\"http:\/\/ieslamarisma.net\/images\/articulos\/emprende\/concurso_logo\/logo37-38\/logo39.png\" data-lightbox=\"Joompolitan Light Gallery\" data-title=\"logo37-38\"><img decoding=\"async\" src=\"http:\/\/ieslamarisma.net\/images\/articulos\/emprende\/concurso_logo\/logo37-38\/logo39.png\"><\/a><\/p>\n<\/div>\n<\/div>\n<div class=\"items-row cols-1 row-0 row-fluid clearfix\">\n<div class=\"span12\">\n<div class=\"item column-1\">\n<p>Bases del concurso de logotipo:<\/p>\n<ul>\n<li><a href=\"https:\/\/blogsaverroes.juntadeandalucia.es\/ieslamarisma\/files\/2023\/03\/Bases_concurso_logotipo-1.pdf\">Bases del concurso (pdf)<\/a><\/li>\n<li><a href=\"https:\/\/blogsaverroes.juntadeandalucia.es\/ieslamarisma\/files\/2023\/03\/marisma_emprende_cartel-1.pdf\">Cartel anunciador del concurso de logotipo (pdf)<\/a><\/li>\n<\/ul>\n<\/div>\n<\/div>\n<\/div>\n","protected":false},"excerpt":{"rendered":"<p>Mostramos los logotipo recibidos por la organizaci\u00f3n de \u00abMarisma emprende\u00bb. La votaci\u00f3n de vuestro logo preferido comenzar\u00e1 en la fecha que se indica a continuaci\u00f3n: Inicio de la votaci\u00f3n:&nbsp;11 de noviembre de 2021 Fin&#46;&#46;&#46;<\/p>\n","protected":false},"author":10553,"featured_media":0,"parent":0,"menu_order":0,"comment_status":"closed","ping_status":"closed","template":"","meta":{"ngg_post_thumbnail":0,"footnotes":"","_mc_calendar":[]},"aioseo_notices":[],"_links":{"self":[{"href":"https:\/\/blogsaverroes.juntadeandalucia.es\/ieslamarisma\/wp-json\/wp\/v2\/pages\/3314"}],"collection":[{"href":"https:\/\/blogsaverroes.juntadeandalucia.es\/ieslamarisma\/wp-json\/wp\/v2\/pages"}],"about":[{"href":"https:\/\/blogsaverroes.juntadeandalucia.es\/ieslamarisma\/wp-json\/wp\/v2\/types\/page"}],"author":[{"embeddable":true,"href":"https:\/\/blogsaverroes.juntadeandalucia.es\/ieslamarisma\/wp-json\/wp\/v2\/users\/10553"}],"replies":[{"embeddable":true,"href":"https:\/\/blogsaverroes.juntadeandalucia.es\/ieslamarisma\/wp-json\/wp\/v2\/comments?post=3314"}],"version-history":[{"count":4,"href":"https:\/\/blogsaverroes.juntadeandalucia.es\/ieslamarisma\/wp-json\/wp\/v2\/pages\/3314\/revisions"}],"predecessor-version":[{"id":3320,"href":"https:\/\/blogsaverroes.juntadeandalucia.es\/ieslamarisma\/wp-json\/wp\/v2\/pages\/3314\/revisions\/3320"}],"wp:attachment":[{"href":"https:\/\/blogsaverroes.juntadeandalucia.es\/ieslamarisma\/wp-json\/wp\/v2\/media?parent=3314"}],"curies":[{"name":"wp","href":"https:\/\/api.w.org\/{rel}","templated":true}]}}