{"id":3363,"date":"2023-03-28T10:46:23","date_gmt":"2023-03-28T10:46:23","guid":{"rendered":"https:\/\/blogsaverroes.juntadeandalucia.es\/ieslamarisma\/?page_id=3363"},"modified":"2023-03-28T10:53:08","modified_gmt":"2023-03-28T10:53:08","slug":"difusion-ka101","status":"publish","type":"page","link":"https:\/\/blogsaverroes.juntadeandalucia.es\/ieslamarisma\/difusion-ka101\/","title":{"rendered":"Difusi\u00f3n KA101"},"content":{"rendered":"<div class=\"items-leading clearfix\">\n<div class=\"leading-0\">\n<div class=\"page-header\">\n<h2>VI Feria de fomento del pluriling\u00fcismo en Valverde del Camino<\/h2>\n<\/div>\n<p>El d\u00eda 19 de marzo del 2019, nuestro centro particip\u00f3 en una feria que tuvo lugar en Valverde del Camino (Huelva) sobre Fomento del Pluriling\u00fcismo. Nuestro centro present\u00f3 un estand en el que se explic\u00f3 las actividades que se est\u00e1n realizando en los diferentes Erasmus+.<\/p>\n<p dir=\"ltr\"><strong>Fotos:<\/strong><\/p>\n<p><em><a href=\"http:\/\/ieslamarisma.net\/images\/articulos\/erasmus\/erasmuska101\/feria_plurilinguismo\/\/feriaValverde01.jpg\" data-lightbox=\"Joompolitan Light Gallery\" data-title=\"Taller febrero 2019. D\u00eda de puertas abiertas\"><img decoding=\"async\" src=\"http:\/\/ieslamarisma.net\/images\/articulos\/erasmus\/erasmuska101\/feria_plurilinguismo\/\/feriaValverde01.jpg\"><\/a><a href=\"http:\/\/ieslamarisma.net\/images\/articulos\/erasmus\/erasmuska101\/feria_plurilinguismo\/\/feriaValverde02.jpg\" data-lightbox=\"Joompolitan Light Gallery\" data-title=\"Taller febrero 2019. D\u00eda de puertas abiertas\"><img decoding=\"async\" src=\"http:\/\/ieslamarisma.net\/images\/articulos\/erasmus\/erasmuska101\/feria_plurilinguismo\/\/feriaValverde02.jpg\"><\/a><a href=\"http:\/\/ieslamarisma.net\/images\/articulos\/erasmus\/erasmuska101\/feria_plurilinguismo\/\/feriaValverde03.jpg\" data-lightbox=\"Joompolitan Light Gallery\" data-title=\"Taller febrero 2019. D\u00eda de puertas abiertas\"><img decoding=\"async\" src=\"http:\/\/ieslamarisma.net\/images\/articulos\/erasmus\/erasmuska101\/feria_plurilinguismo\/\/feriaValverde03.jpg\"><\/a><\/em><\/p>\n<p>&nbsp;<\/p>\n<\/div>\n<\/div>\n<div class=\"items-row cols-1 row-0 row-fluid clearfix\">\n<div class=\"span12\">\n<div class=\"item column-1\">\n<div class=\"page-header\">\n<h2>Taller de febrero de 2019. D\u00eda de puertas abiertas.<\/h2>\n<\/div>\n<p><strong>&nbsp;<\/strong><\/p>\n<p>El profesor Eduardo del Cerro Aldea, junto con algunos alumnos del centro, mostraron al alumnado de los centros que nos visitaban, el robot que han dise\u00f1ado. Se les explic\u00f3 los distintos componentes del robot: sensores, motores y el procesador (brick). Por \u00faltimo, el robot demostr\u00f3 sus habilidades en una pista de pruebas, donde fue capaz de seguir una l\u00ednea con curvas, detectar un objeto, agarrarlo con la pinza, dar la vuelta y depositarlo en el punto de partida. Los alumnos mostraron gran inter\u00e9s durante toda la actividad, ya que la rob\u00f3tica es un \u00e1rea de la tecnolog\u00eda con un gran futuro.<\/p>\n<p>En dichas jornadas tambi\u00e9n se mostr\u00f3 el veh\u00edculo solar dise\u00f1ado por nuestros alumnos a partir de dos cuadros de bicis antiguas. Dicha bicicleta se alimenta a partir de energ\u00eda solar que alimenta un motor el\u00e9ctrico.<\/p>\n<p>Este a\u00f1o se va a participar en la competici\u00f3n llamada \u201cSustainable Urban Race\u201d que consiste en la presentaci\u00f3n de los diferentes prototipos, de un informe t\u00e9cnico y un video explicativo ante un jurado.<\/p>\n<p>&nbsp;<\/p>\n<p><strong>Relacionada con la actividad de formaci\u00f3n:<\/strong><\/p>\n<p><a href=\"https:\/\/blogsaverroes.juntadeandalucia.es\/ieslamarisma\/movilidades\/\">https:\/\/blogsaverroes.juntadeandalucia.es\/ieslamarisma\/movilidades\/<\/a><\/p>\n<p>&nbsp;<\/p>\n<p><strong>Fotos:<\/strong><\/p>\n<p><em><a href=\"http:\/\/ieslamarisma.net\/images\/articulos\/erasmus\/erasmuska101\/taller201902\/\/puertasabiertas01.jpg\" data-lightbox=\"Joompolitan Light Gallery\" data-title=\"Taller febrero 2019. D\u00eda de puertas abiertas\"><img decoding=\"async\" src=\"http:\/\/ieslamarisma.net\/images\/articulos\/erasmus\/erasmuska101\/taller201902\/\/puertasabiertas01.jpg\"><\/a><a href=\"http:\/\/ieslamarisma.net\/images\/articulos\/erasmus\/erasmuska101\/taller201902\/\/puertasabiertas02.jpg\" data-lightbox=\"Joompolitan Light Gallery\" data-title=\"Taller febrero 2019. D\u00eda de puertas abiertas\"><img decoding=\"async\" src=\"http:\/\/ieslamarisma.net\/images\/articulos\/erasmus\/erasmuska101\/taller201902\/\/puertasabiertas02.jpg\"><\/a><a href=\"http:\/\/ieslamarisma.net\/images\/articulos\/erasmus\/erasmuska101\/taller201902\/\/puertasabiertas03.jpg\" data-lightbox=\"Joompolitan Light Gallery\" data-title=\"Taller febrero 2019. D\u00eda de puertas abiertas\"><img decoding=\"async\" src=\"http:\/\/ieslamarisma.net\/images\/articulos\/erasmus\/erasmuska101\/taller201902\/\/puertasabiertas03.jpg\"><\/a><a href=\"http:\/\/ieslamarisma.net\/images\/articulos\/erasmus\/erasmuska101\/taller201902\/\/puertasabiertas04.jpg\" data-lightbox=\"Joompolitan Light Gallery\" data-title=\"Taller febrero 2019. D\u00eda de puertas abiertas\"><img decoding=\"async\" src=\"http:\/\/ieslamarisma.net\/images\/articulos\/erasmus\/erasmuska101\/taller201902\/\/puertasabiertas04.jpg\"><\/a><a href=\"http:\/\/ieslamarisma.net\/images\/articulos\/erasmus\/erasmuska101\/taller201902\/\/puertasabiertas05.jpg\" data-lightbox=\"Joompolitan Light Gallery\" data-title=\"Taller febrero 2019. D\u00eda de puertas abiertas\"><img decoding=\"async\" src=\"http:\/\/ieslamarisma.net\/images\/articulos\/erasmus\/erasmuska101\/taller201902\/\/puertasabiertas05.jpg\"><\/a><a href=\"http:\/\/ieslamarisma.net\/images\/articulos\/erasmus\/erasmuska101\/taller201902\/\/puertasabiertas06.jpg\" data-lightbox=\"Joompolitan Light Gallery\" data-title=\"Taller febrero 2019. D\u00eda de puertas abiertas\"><img decoding=\"async\" src=\"http:\/\/ieslamarisma.net\/images\/articulos\/erasmus\/erasmuska101\/taller201902\/\/puertasabiertas06.jpg\"><\/a><\/em><\/p>\n<p>&nbsp;<\/p>\n<\/div>\n<\/div>\n<\/div>\n<div class=\"items-row cols-1 row-1 row-fluid clearfix\">\n<div class=\"span12\">\n<div class=\"item column-1\">\n<div class=\"page-header\">\n<h2>Art\u00edculo de la prensa rumana sobre nuestro proyecto Erasmus+<\/h2>\n<\/div>\n<p>Art\u00edculo de prensa en el que se hace menci\u00f3n al periodo de observaci\u00f3n (jobshadowing) llevado a cabo por nuestra compa\u00f1era Susana y su colaboraci\u00f3n con el colegio t\u00e9cnico de Craiova, en Ruman\u00eda.<\/p>\n<p><strong>Enlace<\/strong><\/p>\n<p><a href=\"http:\/\/www.cvlpress.ro\/11.06.2018\/colaborare-romano-spaniola-la-colegiul-tehnic-energetic-din-craiova\/\">http:\/\/www.cvlpress.ro\/11.06.2018\/colaborare-romano-spaniola-la-colegiul-tehnic-energetic-din-craiova\/<\/a><\/p>\n<\/div>\n<\/div>\n<\/div>\n<div class=\"items-row cols-1 row-2 row-fluid clearfix\">\n<div class=\"span12\">\n<div class=\"item column-1\">\n<div class=\"page-header\">\n<h2>Programa de radio Hoy por hoy (Cadena Ser). 29 de mayo de 2018<\/h2>\n<\/div>\n<div dir=\"ltr\">Programa de la Cadena Ser sobre nuestros proyectos Erasmus+, en el que tanto Susana como Roc\u00edo nos hablan de sus respectivas experiencias. A continuaci\u00f3n toman la palabra nuestros alumnos para contarnos las actividades en las que han participado en ambos proyectos.<\/div>\n<div dir=\"ltr\">Para finalizar, dentro del taller de m\u00fasica contamos con la participaci\u00f3n de nuestra alumna Yanira.<\/div>\n<div>&nbsp;<\/div>\n<p><strong>Enlace al programa de la Cadena Ser:<\/strong><\/p>\n<p><a>http:\/\/play.cadenaser.com\/audio\/ser_huelva_hoyporhoyhuelva_20180529_132000_134500\/?ssm=fb<\/a><\/p>\n<p><strong>Video:<\/strong><\/p>\n<div class=\"video-responsive\"><iframe src=\"https:\/\/www.youtube.com\/embed\/2r_bVntnfx8?wmode=transparent\" width=\"425\" height=\"344\" frameborder=\"0\"><\/iframe><\/div>\n<\/div>\n<\/div>\n<\/div>\n<div class=\"items-row cols-1 row-3 row-fluid clearfix\">\n<div class=\"span12\">\n<div class=\"item column-1\">\n<div class=\"page-header\">\n<h2>Cartel proyecto Erasmus+ KA101<\/h2>\n<\/div>\n<p>Tras el concurso de logotipo se ha procedido a la elaboraci\u00f3n del cartel para dar difusi\u00f3n a nuestro proyecto Erasmus+. Nuestro cartel cuelga ya en la fachada de nuestro centro, tal como pod\u00e9is ver en la siguiente imagen:<\/p>\n<p><img fetchpriority=\"high\" decoding=\"async\" src=\"https:\/\/ieslamarisma.net\/images\/articulos\/erasmus\/erasmuska101\/cartel_ErasmusKA101.jpg\" alt=\"cartel ErasmusKA101\" width=\"493\" height=\"370\"><\/p>\n<p>&nbsp;<\/p>\n<\/div>\n<\/div>\n<\/div>\n<div class=\"items-row cols-1 row-4 row-fluid clearfix\">\n<div class=\"span12\">\n<div class=\"item column-1\">\n<div class=\"page-header\">\n<h2>Jornada de puertas abiertas en el instituto<\/h2>\n<\/div>\n<p>El lunes 26 de febrero, nuestros alumnos informaron sobre los dos proyectos Erasmus+. El proyecto KA101 y el proyecto KA219.<\/p>\n<p>\u201cUniRadio\u201d les entrevist\u00f3 y m\u00e1s tarde nuestros alumnos hablaron con los alumnos que esperemos est\u00e9n con nosotros en el pr\u00f3ximo curso escolar.<\/p>\n<p>&nbsp;<\/p>\n<p>Fotogaler\u00eda:<\/p>\n<p><em><a href=\"http:\/\/ieslamarisma.net\/images\/articulos\/erasmus\/erasmuska101\/puertasabiertas\/\/img001.png\" data-lightbox=\"Joompolitan Light Gallery\" data-title=\"Puertas Abiertas\"><img decoding=\"async\" src=\"http:\/\/ieslamarisma.net\/images\/articulos\/erasmus\/erasmuska101\/puertasabiertas\/\/img001.png\"><\/a><a href=\"http:\/\/ieslamarisma.net\/images\/articulos\/erasmus\/erasmuska101\/puertasabiertas\/\/img002.png\" data-lightbox=\"Joompolitan Light Gallery\" data-title=\"Puertas Abiertas\"><img decoding=\"async\" src=\"http:\/\/ieslamarisma.net\/images\/articulos\/erasmus\/erasmuska101\/puertasabiertas\/\/img002.png\"><\/a><a href=\"http:\/\/ieslamarisma.net\/images\/articulos\/erasmus\/erasmuska101\/puertasabiertas\/\/img003.png\" data-lightbox=\"Joompolitan Light Gallery\" data-title=\"Puertas Abiertas\"><img decoding=\"async\" src=\"http:\/\/ieslamarisma.net\/images\/articulos\/erasmus\/erasmuska101\/puertasabiertas\/\/img003.png\"><\/a><a href=\"http:\/\/ieslamarisma.net\/images\/articulos\/erasmus\/erasmuska101\/puertasabiertas\/\/img004.png\" data-lightbox=\"Joompolitan Light Gallery\" data-title=\"Puertas Abiertas\"><img decoding=\"async\" src=\"http:\/\/ieslamarisma.net\/images\/articulos\/erasmus\/erasmuska101\/puertasabiertas\/\/img004.png\"><\/a><a href=\"http:\/\/ieslamarisma.net\/images\/articulos\/erasmus\/erasmuska101\/puertasabiertas\/\/img005.png\" data-lightbox=\"Joompolitan Light Gallery\" data-title=\"Puertas Abiertas\"><img decoding=\"async\" src=\"http:\/\/ieslamarisma.net\/images\/articulos\/erasmus\/erasmuska101\/puertasabiertas\/\/img005.png\"><\/a><a href=\"http:\/\/ieslamarisma.net\/images\/articulos\/erasmus\/erasmuska101\/puertasabiertas\/\/img006.png\" data-lightbox=\"Joompolitan Light Gallery\" data-title=\"Puertas Abiertas\"><img decoding=\"async\" src=\"http:\/\/ieslamarisma.net\/images\/articulos\/erasmus\/erasmuska101\/puertasabiertas\/\/img006.png\"><\/a><a href=\"http:\/\/ieslamarisma.net\/images\/articulos\/erasmus\/erasmuska101\/puertasabiertas\/\/img007.png\" data-lightbox=\"Joompolitan Light Gallery\" data-title=\"Puertas Abiertas\"><img decoding=\"async\" src=\"http:\/\/ieslamarisma.net\/images\/articulos\/erasmus\/erasmuska101\/puertasabiertas\/\/img007.png\"><\/a><a href=\"http:\/\/ieslamarisma.net\/images\/articulos\/erasmus\/erasmuska101\/puertasabiertas\/\/img008.png\" data-lightbox=\"Joompolitan Light Gallery\" data-title=\"Puertas Abiertas\"><img decoding=\"async\" src=\"http:\/\/ieslamarisma.net\/images\/articulos\/erasmus\/erasmuska101\/puertasabiertas\/\/img008.png\"><\/a><a href=\"http:\/\/ieslamarisma.net\/images\/articulos\/erasmus\/erasmuska101\/puertasabiertas\/\/img009.png\" data-lightbox=\"Joompolitan Light Gallery\" data-title=\"Puertas Abiertas\"><img decoding=\"async\" src=\"http:\/\/ieslamarisma.net\/images\/articulos\/erasmus\/erasmuska101\/puertasabiertas\/\/img009.png\"><\/a><a href=\"http:\/\/ieslamarisma.net\/images\/articulos\/erasmus\/erasmuska101\/puertasabiertas\/\/img010.png\" data-lightbox=\"Joompolitan Light Gallery\" data-title=\"Puertas Abiertas\"><img decoding=\"async\" src=\"http:\/\/ieslamarisma.net\/images\/articulos\/erasmus\/erasmuska101\/puertasabiertas\/\/img010.png\"><\/a><\/em><\/p>\n<div class=\"page-header\">\n<h2>Entrevista en Radio Hispanidad sobre nuestros proyectos Erasmus+<\/h2>\n<\/div>\n<p>Nuestras compa\u00f1eras Susana y Roc\u00edo, coordinadoras de nuestros proyectos Erasmus+, participan en el programa de Radio Hispanidad \u00abQueremos Saber\u00bb emitido el d\u00eda 9 de noviembre y dirigido por Menchu Mart\u00ednez. En la entrevista nos explican el objetivo e impacto que ambos proyectos tendr\u00e1n en nuestro centro.<\/p>\n<p>Para m\u00e1s informaci\u00f3n:<\/p>\n<ul>\n<li><a href=\"http:\/\/hispanidadradio.familyds.com\/QueremosSaber\/index.php?name=2017-11-10_queremos_saber_09-11-2017.mp3\">Podcast del programa del 9-11-17<\/a><\/li>\n<li><a href=\"http:\/\/hispanidadradio.familyds.com\/QueremosSaber\/index.php\">P\u00e1gina web del programa \u00abQueremos Saber\u00bb<\/a><\/li>\n<li><a href=\"http:\/\/5.196.66.212\/hr\/\">P\u00e1gina web de Radio Hispanidad<\/a><\/li>\n<\/ul>\n<p>&nbsp;<\/p>\n<p>&nbsp;<\/p>\n<p>&nbsp;<\/p>\n<p>Fotogaler\u00eda:<\/p>\n<p><em><a href=\"http:\/\/ieslamarisma.net\/images\/articulos\/curso201718\/20171109-queremos_saber\/\/HR_queremos_saber_09-11-2017.jpg\" data-lightbox=\"Joompolitan Light Gallery\" data-title=\"Newspaper\"><img decoding=\"async\" src=\"http:\/\/ieslamarisma.net\/images\/articulos\/curso201718\/20171109-queremos_saber\/\/HR_queremos_saber_09-11-2017.jpg\"><\/a><a href=\"http:\/\/ieslamarisma.net\/images\/articulos\/curso201718\/20171109-queremos_saber\/\/IMG-20171109-WA0005.jpg\" data-lightbox=\"Joompolitan Light Gallery\" data-title=\"Newspaper\"><img decoding=\"async\" src=\"http:\/\/ieslamarisma.net\/images\/articulos\/curso201718\/20171109-queremos_saber\/\/IMG-20171109-WA0005.jpg\"><\/a><\/em><\/p>\n<\/div>\n<\/div>\n<\/div>\n","protected":false},"excerpt":{"rendered":"<p>VI Feria de fomento del pluriling\u00fcismo en Valverde del Camino El d\u00eda 19 de marzo del 2019, nuestro centro particip\u00f3 en una feria que tuvo lugar en Valverde del Camino (Huelva) sobre Fomento del&#46;&#46;&#46;<\/p>\n","protected":false},"author":10553,"featured_media":0,"parent":0,"menu_order":0,"comment_status":"closed","ping_status":"closed","template":"","meta":{"ngg_post_thumbnail":0,"footnotes":"","_mc_calendar":[]},"aioseo_notices":[],"_links":{"self":[{"href":"https:\/\/blogsaverroes.juntadeandalucia.es\/ieslamarisma\/wp-json\/wp\/v2\/pages\/3363"}],"collection":[{"href":"https:\/\/blogsaverroes.juntadeandalucia.es\/ieslamarisma\/wp-json\/wp\/v2\/pages"}],"about":[{"href":"https:\/\/blogsaverroes.juntadeandalucia.es\/ieslamarisma\/wp-json\/wp\/v2\/types\/page"}],"author":[{"embeddable":true,"href":"https:\/\/blogsaverroes.juntadeandalucia.es\/ieslamarisma\/wp-json\/wp\/v2\/users\/10553"}],"replies":[{"embeddable":true,"href":"https:\/\/blogsaverroes.juntadeandalucia.es\/ieslamarisma\/wp-json\/wp\/v2\/comments?post=3363"}],"version-history":[{"count":4,"href":"https:\/\/blogsaverroes.juntadeandalucia.es\/ieslamarisma\/wp-json\/wp\/v2\/pages\/3363\/revisions"}],"predecessor-version":[{"id":3369,"href":"https:\/\/blogsaverroes.juntadeandalucia.es\/ieslamarisma\/wp-json\/wp\/v2\/pages\/3363\/revisions\/3369"}],"wp:attachment":[{"href":"https:\/\/blogsaverroes.juntadeandalucia.es\/ieslamarisma\/wp-json\/wp\/v2\/media?parent=3363"}],"curies":[{"name":"wp","href":"https:\/\/api.w.org\/{rel}","templated":true}]}}