{"id":3365,"date":"2023-03-28T10:49:28","date_gmt":"2023-03-28T10:49:28","guid":{"rendered":"https:\/\/blogsaverroes.juntadeandalucia.es\/ieslamarisma\/?page_id=3365"},"modified":"2023-03-28T10:49:28","modified_gmt":"2023-03-28T10:49:28","slug":"videos-ka101","status":"publish","type":"page","link":"https:\/\/blogsaverroes.juntadeandalucia.es\/ieslamarisma\/videos-ka101\/","title":{"rendered":"Videos KA101"},"content":{"rendered":"<h2>Videoconferencia Huelva-Hendek &#8211; 31\/05\/2019<\/h2>\n<p>Actividad llevada a cabo por nuestros alumnos y los de<span style=\"font-weight: 400\">&nbsp;Atike Hanim Anadolu Lisei<\/span>&nbsp;de Hendek (Turqu\u00eda) el d\u00eda 31 de mayo de 2019. Se llev\u00f3 a cabo una actividad con \u00abKahoot\u00bb sobre el libro \u00abCharlie y la f\u00e1brica de chocolate\u00bb de&nbsp;Roald Dahl.<\/p>\n<p><b><strong>Video: <a href=\"https:\/\/youtu.be\/syHLVmjG164\">https:\/\/youtu.be\/syHLVmjG164<\/a><\/strong><\/b><\/p>\n<p>&nbsp;<\/p>\n<h2>Videoconferencia Huelva-Napoles &#8211; 9\/4\/2019<\/h2>\n<p>Actividad llevada a cabo por nuestros alumnos y los del&nbsp;Liceo Scientifico Statale \u00abA.M. de Carlo\u00bb de Napoles (Italia) el d\u00eda 9 de abril de 2019.<\/p>\n<p><b><strong>Video: <a href=\"https:\/\/youtu.be\/93lTPrtcNPQ\">https:\/\/youtu.be\/93lTPrtcNPQ<\/a><\/strong><\/b><\/p>\n<p>&nbsp;<\/p>\n<h2>Videoconferencia con el instituto de Napoles &#8211; Mayo 2018<\/h2>\n<p>Actividad llevada a cabo por nuestros alumnos y los del&nbsp;Liceo Scientifico Statale \u00abA.M. de Carlo\u00bb de Napoles (Italia).<\/p>\n<p><b><strong>Video: <a href=\"https:\/\/youtu.be\/GUpR1-k0b6c\">https:\/\/youtu.be\/GUpR1-k0b6c<\/a><\/strong><\/b><\/p>\n<p>&nbsp;<\/p>\n<h2>Videoconferencia con el instituto de Turqu\u00eda Atike Hanim Anadolu Lisei<\/h2>\n<p>Actividad llevada a cabo por nuestros alumnos de Administraci\u00f3n y Finanzas y alumnos del instituto turco Atike Hanim Anadolu Lisei en Hendek (Turqu\u00eda).<\/p>\n<p><b><strong>Video: <a href=\"https:\/\/youtu.be\/0wBZF860NRI\">https:\/\/youtu.be\/0wBZF860NRI<\/a><\/strong><\/b><\/p>\n<p>&nbsp;<\/p>\n","protected":false},"excerpt":{"rendered":"<p>Videoconferencia Huelva-Hendek &#8211; 31\/05\/2019 Actividad llevada a cabo por nuestros alumnos y los de&nbsp;Atike Hanim Anadolu Lisei&nbsp;de Hendek (Turqu\u00eda) el d\u00eda 31 de mayo de 2019. Se llev\u00f3 a cabo una actividad con \u00abKahoot\u00bb&#46;&#46;&#46;<\/p>\n","protected":false},"author":10553,"featured_media":0,"parent":0,"menu_order":0,"comment_status":"closed","ping_status":"closed","template":"","meta":{"ngg_post_thumbnail":0,"footnotes":"","_mc_calendar":[]},"aioseo_notices":[],"_links":{"self":[{"href":"https:\/\/blogsaverroes.juntadeandalucia.es\/ieslamarisma\/wp-json\/wp\/v2\/pages\/3365"}],"collection":[{"href":"https:\/\/blogsaverroes.juntadeandalucia.es\/ieslamarisma\/wp-json\/wp\/v2\/pages"}],"about":[{"href":"https:\/\/blogsaverroes.juntadeandalucia.es\/ieslamarisma\/wp-json\/wp\/v2\/types\/page"}],"author":[{"embeddable":true,"href":"https:\/\/blogsaverroes.juntadeandalucia.es\/ieslamarisma\/wp-json\/wp\/v2\/users\/10553"}],"replies":[{"embeddable":true,"href":"https:\/\/blogsaverroes.juntadeandalucia.es\/ieslamarisma\/wp-json\/wp\/v2\/comments?post=3365"}],"version-history":[{"count":1,"href":"https:\/\/blogsaverroes.juntadeandalucia.es\/ieslamarisma\/wp-json\/wp\/v2\/pages\/3365\/revisions"}],"predecessor-version":[{"id":3366,"href":"https:\/\/blogsaverroes.juntadeandalucia.es\/ieslamarisma\/wp-json\/wp\/v2\/pages\/3365\/revisions\/3366"}],"wp:attachment":[{"href":"https:\/\/blogsaverroes.juntadeandalucia.es\/ieslamarisma\/wp-json\/wp\/v2\/media?parent=3365"}],"curies":[{"name":"wp","href":"https:\/\/api.w.org\/{rel}","templated":true}]}}