{"id":3413,"date":"2023-03-28T12:08:23","date_gmt":"2023-03-28T12:08:23","guid":{"rendered":"https:\/\/blogsaverroes.juntadeandalucia.es\/ieslamarisma\/?page_id=3413"},"modified":"2023-03-28T12:08:23","modified_gmt":"2023-03-28T12:08:23","slug":"the-press-ka219","status":"publish","type":"page","link":"https:\/\/blogsaverroes.juntadeandalucia.es\/ieslamarisma\/the-press-ka219\/","title":{"rendered":"The Press KA219"},"content":{"rendered":"<div class=\"items-leading clearfix\">\n<div class=\"leading-0\">\n<div class=\"page-header\">\n<h2>Short-term exchange in Romania on TV<\/h2>\n<\/div>\n<p>Tv news report on short-term exchange in Romania.&nbsp;<span class=\"tlid-translation translation\" lang=\"en\"><span title=\"\">Cultural exchange and transfer of good practices in the educational field!<\/span>&nbsp;<span title=\"\">It is one of the objectives of the international Erasmus Plus project.<\/span>&nbsp;<span class=\"\" title=\"\">The delegations of the countries that are part of this project have been received by the local authorities from Fete\u0219ti Municipality.<\/span><\/span><\/p>\n<p><strong>Link:<\/strong><\/p>\n<p><a href=\"https:\/\/www.agendaialomiteana.ro\/actualitate\/video-municipiul-fetesti-gazda-delegatiilor-erasmus-din-patru-tari\/\">https:\/\/www.agendaialomiteana.ro\/actualitate\/video-municipiul-fetesti-gazda-delegatiilor-erasmus-din-patru-tari\/<\/a><\/p>\n<p><strong>Video:<\/strong><\/p>\n<div class=\"video-responsive\"><iframe src=\"https:\/\/www.youtube.com\/embed\/5rUNHjz3Poo?wmode=transparent\" width=\"425\" height=\"344\" frameborder=\"0\"><\/iframe><\/div>\n<p>&nbsp;<\/p>\n<p>&nbsp;<\/p>\n<\/div>\n<\/div>\n<div class=\"items-row cols-1 row-0 row-fluid clearfix\">\n<div class=\"span12\">\n<div class=\"item column-1\">\n<div class=\"page-header\">\n<h2>Newspaper articles about short-term exchange in Turkey<\/h2>\n<\/div>\n<p>Atike Han\u0131m Anatolian High School. The Erasmus Plus Project&nbsp; \u201cLet&#8217;s become language friendly schools\u00bb was held in Hendek. The representatives of the participating countries visited the Mayor of Hendek Irfan P\u00fcsk\u00fcll\u00fc after the meeting.<\/p>\n<p>The group of 10 teachers and 13 students from Italy, Spain, Romania and Bulgaria was attended by the Provincial National Education Branch Manager Bedir Bayram, Hendek Atike Han\u0131m Anatolian High School Manager \u015eerif \u00d6zbakkal and the school teachers.<\/p>\n<p>More information here:<\/p>\n<ul>\n<li><a href=\"https:\/\/www.sakaryadanhaber.com\/haber\/1711683\/haydi-dil-dostu-okullar-olalim\" target=\"_blank\" rel=\"noopener noreferrer\" data-saferedirecturl=\"https:\/\/www.google.com\/url?q=https:\/\/www.sakaryadanhaber.com\/haber\/1711683\/haydi-dil-dostu-okullar-olalim&amp;source=gmail&amp;ust=1540818872774000&amp;usg=AFQjCNGGZjU0isKp4bQwsSliTFD2zzzbDw\">https:\/\/www.sakaryadanhaber.com\/haber\/1711683\/haydi-dil-dostu-okullar-olalim<\/a><\/li>\n<li><a href=\"http:\/\/www.haberhendek.com\/m\/?page=haber&amp;ID=13668\" target=\"_blank\" rel=\"noopener noreferrer\" data-saferedirecturl=\"https:\/\/www.google.com\/url?q=http:\/\/www.haberhendek.com\/m\/?page%3Dhaber%26ID%3D13668&amp;source=gmail&amp;ust=1540818872774000&amp;usg=AFQjCNGNeUuo-iEFowvs_zQYSWJLucWTUQ\">http:\/\/www.haberhendek.com\/m\/?page=haber&amp;ID=13668<\/a><\/li>\n<li><a href=\"http:\/\/www.hendekgundem.com\/egitim\/atike-hanim-anadolu-lisesinden-iki-proje-h11688.html\" target=\"_blank\" rel=\"noopener noreferrer\" data-saferedirecturl=\"https:\/\/www.google.com\/url?q=http:\/\/www.hendekgundem.com\/egitim\/atike-hanim-anadolu-lisesinden-iki-proje-h11688.html&amp;source=gmail&amp;ust=1540818872774000&amp;usg=AFQjCNE-Mr3EkYxhU6q3jdoxmHof-W2RqA\">http:\/\/www.hendekgundem.com\/egitim\/atike-hanim-anadolu-lisesinden-iki-proje-h11688.html<\/a><\/li>\n<\/ul>\n<p>Photos:<\/p>\n<p>&nbsp;<\/p>\n<p><img decoding=\"async\" src=\"https:\/\/ieslamarisma.net\/images\/articulos\/erasmus\/erasmuska219\/Hendek_20181016.jpeg\" alt=\"Hendek 20181016\"><\/p>\n<\/div>\n<\/div>\n<\/div>\n<div class=\"items-row cols-1 row-1 row-fluid clearfix\">\n<div class=\"span12\">\n<div class=\"item column-1\">\n<div class=\"page-header\">\n<h2>Short-term exchange in Turkey on TV<\/h2>\n<\/div>\n<p>Tv news report on short-term exchange in Turkey. Emine Pasli talked about the Erasmus+ project \u00abLets become language-friendly schools!\u00bb. She explained the objectives and expectations of this short-term exchange.<\/p>\n<p><strong>Video:<\/strong><\/p>\n<div class=\"video-responsive\"><iframe src=\"https:\/\/www.youtube.com\/embed\/3RNRDUak15k?wmode=transparent\" width=\"425\" height=\"344\" frameborder=\"0\"><\/iframe><\/div>\n<p>&nbsp;<\/p>\n<p>&nbsp;<\/p>\n<\/div>\n<\/div>\n<\/div>\n<div class=\"items-row cols-1 row-2 row-fluid clearfix\">\n<div class=\"span12\">\n<div class=\"item column-1\">\n<div class=\"page-header\">\n<h2>Newspaper articles about short-term exchange in Italy<\/h2>\n<\/div>\n<p>Great success of the Erasmus+ project in which F.Orioli High School is involved as well as partners from 4 different countries. 10 teacher and 12 students from Turkey, Spain, Bulgaria and Romania took part in educational shool events and visits.<\/p>\n<p>More information here:<\/p>\n<ul>\n<li><a href=\"https:\/\/ieslamarisma.net\/images\/articulos\/erasmus\/erasmuska219\/italy\/ilpoliedrico.pdf\" target=\"_blank\" rel=\"noopener noreferrer\" data-saferedirecturl=\"https:\/\/www.google.com\/url?q=http:\/\/www.hendekgundem.com\/egitim\/atike-hanim-anadolu-lisesinden-iki-proje-h11688.html&amp;source=gmail&amp;ust=1540818872774000&amp;usg=AFQjCNE-Mr3EkYxhU6q3jdoxmHof-W2RqA\">Il Poliedrico (Viterbo high school journal)<\/a><\/li>\n<\/ul>\n<p>Photos:<\/p>\n<p><img decoding=\"async\" src=\"https:\/\/ieslamarisma.net\/images\/articulos\/erasmus\/erasmuska219\/italy\/IMG-20191104-WA0002.jpg\" alt=\"Viterbo\"><\/p>\n<\/div>\n<\/div>\n<\/div>\n<div class=\"items-row cols-1 row-3 row-fluid clearfix\">\n<div class=\"span12\">\n<div class=\"item column-1\">\n<div class=\"page-header\">\n<h2>Short-term exchange on TV<\/h2>\n<\/div>\n<p>Tv news report on short-term exchange in Spain. Roc\u00edo Mu\u00f1oz and Emine Pasli talked about the Erasmus+ project \u00abLets become language-friendly schools!\u00bb. They explained the objectives and expectations of this short-term exchange.<\/p>\n<p>More information here:<\/p>\n<ul>\n<li><a href=\"http:\/\/www.canalsur.es\/television\/programas\/csn-huelva\/detalle\/202.html?video=1246226&amp;sec=\">TV news report in Canal Sur TV. 29-01-2018<\/a><\/li>\n<li><a href=\"http:\/\/ondemand.rtva.ondemand.flumotion.com\/rtva\/ondemand\/mp4-web\/Chopper\/csn1_huelva\/csn1_huelva-20180129_1428_0000.mp4\">TV news report videocast (from 8:51 to 11:10)<\/a><\/li>\n<\/ul>\n<p>Photos:<\/p>\n<p><img decoding=\"async\" src=\"https:\/\/ieslamarisma.net\/images\/articulos\/erasmus\/erasmuska219\/canal_sur_2018-02-20.png\" alt=\"canal sur 2018 02 20\"><\/p>\n<\/div>\n<\/div>\n<\/div>\n<div class=\"items-row cols-1 row-4 row-fluid clearfix\">\n<div class=\"span12\">\n<div class=\"item column-1\">\n<div class=\"page-header\">\n<h2>SER radio interview about short-term exchange in Spain<\/h2>\n<\/div>\n<p>A short-term exchange in taking place in IES La Marisma with teacher and students from 5 different countries: Italy, Bulgaria, Turkey, Romania and Spain. There will be activities related with sport as a main topic and English as a common communication language.<\/p>\n<p>More information here:<\/p>\n<ul>\n<li><a href=\"https:\/\/20003.mc.tritondigital.com\/RADIO_HUELVA_2121\/media-session\/ad0b5973-2956-44db-8958-8a567acdaa2f\/2018\/1\/30\/050RD010000000095872.mp3?dist=PRISA_ES_CADENASER_WEB_DOWNLOAD&amp;csegid=22000\">Radio program podcast<\/a><\/li>\n<li><a href=\"http:\/\/cadenaser.com\/emisora\/2018\/01\/30\/radio_huelva\/1517322628_941915.html\">Radio program blog<\/a><\/li>\n<li><a href=\"http:\/\/cadenaser.com\/\">SER radio website<\/a><\/li>\n<\/ul>\n<p>Photos:<\/p>\n<p><img decoding=\"async\" src=\"https:\/\/ieslamarisma.net\/images\/articulos\/erasmus\/erasmuska219\/ser_radio_20180130.jpg\" alt=\"ser radio 20180130\"><\/p>\n<div class=\"items-leading clearfix\">\n<div class=\"leading-0\">\n<div class=\"page-header\">\n<h2>La Caverna radio interview about short-term exchange in Spain<\/h2>\n<\/div>\n<p>Today our teachers Roc\u00edo Mu\u00f1oz and Ignacio Prieto from IES La Marisma talk about cultural and educational activities that have been programmed this week. Students and teachers from different countries (Italy, Romania, Bulgaria and Turkey), will participate in this wonderful experience.<\/p>\n<p>More information here:<\/p>\n<ul>\n<li><a href=\"https:\/\/www.ivoox.com\/encuentro-europeo-ies-la-marisma-erasmus-audios-mp3_rf_23430469_1.html\">Radio program podcast<\/a><\/li>\n<li><a href=\"http:\/\/lacavernadeuniradio.blogspot.com.es\/2018\/01\/encuentro-europeo-en-el-ies-la-marisma.html\">Radio program blog<\/a><\/li>\n<li><a href=\"http:\/\/lacavernadeuniradio.blogspot.com.es\/\">La caverna radio website<\/a><\/li>\n<\/ul>\n<p>Photos:<\/p>\n<p><img decoding=\"async\" src=\"https:\/\/ieslamarisma.net\/images\/articulos\/erasmus\/erasmuska219\/photos_spain\/IMG-20180129-WA0126.jpg\" alt=\"IMG 20180129 WA0126\"><\/p>\n<\/div>\n<\/div>\n<div class=\"items-row cols-1 row-0 row-fluid clearfix\">\n<div class=\"span12\">\n<div class=\"item column-1\">\n<div class=\"page-header\">\n<h2>Atikehan\u0131m High School welcomed foreign guests<\/h2>\n<\/div>\n<p><img decoding=\"async\" src=\"https:\/\/ieslamarisma.net\/images\/articulos\/erasmus\/turkey\/sakarya_newspaper280x277.jpg\" alt=\"sakarya newspaper280x277\">Hendek Atikehan\u0131m Anadolu Lisesi (Atikehanim Anatolian High School) held and International meeting as part of the Erasmus+&nbsp;&nbsp;Project \u00abLet&#8217;s Become Language-Friendly Schools\u00bb.<\/p>\n<p>The meeting was attended by Emine Fasl\u0131, Ba\u015fak Ate\u015f and Ilhan Aydin, the teachers of the&nbsp;school, \u015eerif \u00d6zkara, the school principal, and guests from Italy, Spain, Romania and Bulgaria<\/p>\n<p>&nbsp;<\/p>\n<p>&nbsp;<\/p>\n<p>More information here:<\/p>\n<ul>\n<li><a href=\"http:\/\/www.sakaryayenigun.com.tr\/43626-atikehanim-lisesi-yabanci-konuklarini-agirladi-haberi.html\">http:\/\/www.sakaryayenigun.com.tr\/43626-atikehanim-lisesi-yabanci-konuklarini-agirladi-haberi.html<\/a><\/li>\n<li><a href=\"https:\/\/www.facebook.com\/HaberHendekcom\/posts\/1762188827126628\">https:\/\/www.facebook.com\/HaberHendekcom\/posts\/1762188827126628<\/a><\/li>\n<\/ul>\n<p>&nbsp;<\/p>\n<p>&nbsp;<\/p>\n<p>Photos:<\/p>\n<p><em><a href=\"http:\/\/ieslamarisma.net\/images\/articulos\/erasmus\/turkey\/sakarya_news\/\/sakaria_news_IMG-20171124-WA0010.jpg\" data-lightbox=\"Joompolitan Light Gallery\" data-title=\"Newspaper\"><img decoding=\"async\" src=\"http:\/\/ieslamarisma.net\/images\/articulos\/erasmus\/turkey\/sakarya_news\/\/sakaria_news_IMG-20171124-WA0010.jpg\"><\/a><a href=\"http:\/\/ieslamarisma.net\/images\/articulos\/erasmus\/turkey\/sakarya_news\/\/sakarya_news_IMG-20171124-WA0014.jpg\" data-lightbox=\"Joompolitan Light Gallery\" data-title=\"Newspaper\"><img decoding=\"async\" src=\"http:\/\/ieslamarisma.net\/images\/articulos\/erasmus\/turkey\/sakarya_news\/\/sakarya_news_IMG-20171124-WA0014.jpg\"><\/a><\/em><\/p>\n<\/div>\n<\/div>\n<\/div>\n<div class=\"items-row cols-1 row-1 row-fluid clearfix\">\n<div class=\"span12\">\n<div class=\"item column-1\">\n<div class=\"page-header\">\n<h2>Radio interview about our Erasmus+ projects<\/h2>\n<\/div>\n<div class=\"pull-left item-image\"><a href=\"https:\/\/ieslamarisma.net\/languagefriendlyschools-the-press\/55-radio-interview-about-our-erasmus-projects\"><img decoding=\"async\" src=\"https:\/\/ieslamarisma.net\/images\/articulos\/curso201718\/IMG-20171109-WA0005280x150.jpg\" alt=\"\"><\/a><\/div>\n<p>Our teachers, Susana and Roc\u00edo, both coordinators of our Erasmus+ projects, took part in Hispanidad radio program \u00abQueremos saber\u00bb broadcasted on 9th November, presented by Menchu Mart\u00ednez. In the interview, they explained the objectives and impacts both projects will have in our school.<\/p>\n<p>&nbsp;<\/p>\n<p>More information here:<\/p>\n<ul>\n<li><a href=\"http:\/\/hispanidadradio.familyds.com\/QueremosSaber\/index.php?name=2017-11-10_queremos_saber_09-11-2017.mp3\">Radio program podcast. 9\/11\/17<\/a><\/li>\n<li><a href=\"http:\/\/hispanidadradio.familyds.com\/QueremosSaber\/index.php\">\u00abQueremos saber\u00bb radio program website<\/a><\/li>\n<li><a href=\"http:\/\/5.196.66.212\/hr\/\">Hispanidad radio website<\/a><\/li>\n<\/ul>\n<p>&nbsp;<\/p>\n<p>&nbsp;<\/p>\n<p>&nbsp;<\/p>\n<p>Photos:<\/p>\n<p><em><a href=\"http:\/\/ieslamarisma.net\/images\/articulos\/curso201718\/20171109-queremos_saber\/\/HR_queremos_saber_09-11-2017.jpg\" data-lightbox=\"Joompolitan Light Gallery\" data-title=\"Newspaper\"><img decoding=\"async\" src=\"http:\/\/ieslamarisma.net\/images\/articulos\/curso201718\/20171109-queremos_saber\/\/HR_queremos_saber_09-11-2017.jpg\"><\/a><a href=\"http:\/\/ieslamarisma.net\/images\/articulos\/curso201718\/20171109-queremos_saber\/\/IMG-20171109-WA0005.jpg\" data-lightbox=\"Joompolitan Light Gallery\" data-title=\"Newspaper\"><img decoding=\"async\" src=\"http:\/\/ieslamarisma.net\/images\/articulos\/curso201718\/20171109-queremos_saber\/\/IMG-20171109-WA0005.jpg\"><\/a><\/em><\/p>\n<\/div>\n<\/div>\n<\/div>\n<\/div>\n<\/div>\n<\/div>\n","protected":false},"excerpt":{"rendered":"<p>Short-term exchange in Romania on TV Tv news report on short-term exchange in Romania.&nbsp;Cultural exchange and transfer of good practices in the educational field!&nbsp;It is one of the objectives of the international Erasmus Plus&#46;&#46;&#46;<\/p>\n","protected":false},"author":10553,"featured_media":0,"parent":0,"menu_order":0,"comment_status":"closed","ping_status":"closed","template":"","meta":{"ngg_post_thumbnail":0,"footnotes":"","_mc_calendar":[]},"aioseo_notices":[],"_links":{"self":[{"href":"https:\/\/blogsaverroes.juntadeandalucia.es\/ieslamarisma\/wp-json\/wp\/v2\/pages\/3413"}],"collection":[{"href":"https:\/\/blogsaverroes.juntadeandalucia.es\/ieslamarisma\/wp-json\/wp\/v2\/pages"}],"about":[{"href":"https:\/\/blogsaverroes.juntadeandalucia.es\/ieslamarisma\/wp-json\/wp\/v2\/types\/page"}],"author":[{"embeddable":true,"href":"https:\/\/blogsaverroes.juntadeandalucia.es\/ieslamarisma\/wp-json\/wp\/v2\/users\/10553"}],"replies":[{"embeddable":true,"href":"https:\/\/blogsaverroes.juntadeandalucia.es\/ieslamarisma\/wp-json\/wp\/v2\/comments?post=3413"}],"version-history":[{"count":1,"href":"https:\/\/blogsaverroes.juntadeandalucia.es\/ieslamarisma\/wp-json\/wp\/v2\/pages\/3413\/revisions"}],"predecessor-version":[{"id":3414,"href":"https:\/\/blogsaverroes.juntadeandalucia.es\/ieslamarisma\/wp-json\/wp\/v2\/pages\/3413\/revisions\/3414"}],"wp:attachment":[{"href":"https:\/\/blogsaverroes.juntadeandalucia.es\/ieslamarisma\/wp-json\/wp\/v2\/media?parent=3413"}],"curies":[{"name":"wp","href":"https:\/\/api.w.org\/{rel}","templated":true}]}}