{"id":35,"date":"2015-03-13T08:21:43","date_gmt":"2015-03-13T08:21:43","guid":{"rendered":"http:\/\/blogsaverroes.juntadeandalucia.es\/pre\/ceip\/?page_id=35"},"modified":"2024-12-12T08:27:56","modified_gmt":"2024-12-12T07:27:56","slug":"el-centro-2","status":"publish","type":"page","link":"https:\/\/blogsaverroes.juntadeandalucia.es\/ieslamarisma\/el-centro-2\/","title":{"rendered":"Datos del centro"},"content":{"rendered":"<p><!-- [googlemaps https:\/\/www.google.com\/maps\/embed?pb=!1m18!1m12!1m3!1d2715.9285719540712!2d-6.93766228520586!3d37.276546848440944!2m3!1f0!2f0!3f0!3m2!1i1024!2i768!4f13.1!3m3!1m2!1s0xd11cfdfd4973843%3A0x1f8accb0e814d45!2sIES%20La%20Marisma!5e1!3m2!1ses!2ses!4v1599756990869!5m2!1ses!2ses&amp;w=600&amp;h=450] &nbsp;--><\/p>\n<p><iframe src=\"https:\/\/www.google.com\/maps\/embed?pb=!1m18!1m12!1m3!1d1818.3070550285715!2d-6.936374094047873!3d37.27635061079789!2m3!1f0!2f0!3f0!3m2!1i1024!2i768!4f13.1!3m3!1m2!1s0xd11cfdfd4973843%3A0x1f8accb0e814d45!2sIES%20La%20Marisma!5e1!3m2!1ses!2ses!4v1662629461700!5m2!1ses!2ses\" width=\"400\" height=\"300\"><\/iframe><\/p>\n<h4>Datos de contacto<\/h4>\n<p>IES La Marisma<\/p>\n<p><strong>Direcci\u00f3n:<\/strong>&nbsp; Avenida Santa Marta s\/n, 21005, Huelva<br \/>\n<strong>Tel\u00e9fono \/ FAX:<\/strong> 959524867 \/ 959524870<br \/>\n<strong>Email:<\/strong> 21002011.averroes@juntadeandalucia.es<\/p>\n<h4><strong>Horarios<\/strong><\/h4>\n<p>Reflejar el horario de apertura del centro: aula matinal, actividades lectivas, Plan de Acompa\u00f1amiento, talleres extraescolares organizados desde el AMPA, etc.<\/p>\n<h4><strong>Oferta educativa<\/strong><\/h4>\n<ul>\n<li>Ense\u00f1anza Secundaria Obligatoria<\/li>\n<li>Bachillerato<\/li>\n<li>CFGM Sistemas Microinform\u00e1ticos y Redes<\/li>\n<li>CFGS Administraci\u00f3n y Sistemas Inform\u00e1ticos en Red (Biling\u00fae en Ingl\u00e9s)<\/li>\n<li>CFGS Desarrollo de Aplicaciones WEB (Biling\u00fce en Ingl\u00e9s)<\/li>\n<li>CFGS Desarrollo de Aplicaciones Multiplataforma&nbsp;<\/li>\n<li>CFGM Jardiner\u00eda y Florister\u00eda<\/li>\n<li>CFGM Aprovechamiento y Conservaci\u00f3n del Medio Natural<\/li>\n<li>CFGM Gesti\u00f3n Administrativa<\/li>\n<li>CFGS Administraci\u00f3n y finanzas.<\/li>\n<li>CFGS Gesti\u00f3n Forestal y del Medio Rural<\/li>\n<li>CFGS Paisajismo y Medio Rural<\/li>\n<li>FP B\u00e1sica Jardiner\u00eda<\/li>\n<li>Pruebas de Acceso a Ciclos Formativos de Grado Medio<\/li>\n<li>Curso de Especializaci\u00f3n en Ciberseguridad<\/li>\n<li>Curso de Especializaci\u00f3n en Inteligencia Artificial y Big Data<\/li>\n<\/ul>\n<p>&nbsp;<\/p>\n<h4><a href=\"https:\/\/blogsaverroes.juntadeandalucia.es\/ieslamarisma\/files\/2021\/01\/PLANOS.zip\">Instalaciones<\/a><\/h4>\n<p>&nbsp;<\/p>\n<p>&nbsp;<\/p>\n","protected":false},"excerpt":{"rendered":"<p>Datos de contacto IES La Marisma Direcci\u00f3n:&nbsp; Avenida Santa Marta s\/n, 21005, Huelva Tel\u00e9fono \/ FAX: 959524867 \/ 959524870 Email: 21002011.averroes@juntadeandalucia.es Horarios Reflejar el horario de apertura del centro: aula matinal, actividades lectivas, Plan&#46;&#46;&#46;<\/p>\n","protected":false},"author":1,"featured_media":0,"parent":0,"menu_order":0,"comment_status":"open","ping_status":"open","template":"","meta":{"ngg_post_thumbnail":0,"footnotes":"","_mc_calendar":[]},"aioseo_notices":[],"_links":{"self":[{"href":"https:\/\/blogsaverroes.juntadeandalucia.es\/ieslamarisma\/wp-json\/wp\/v2\/pages\/35"}],"collection":[{"href":"https:\/\/blogsaverroes.juntadeandalucia.es\/ieslamarisma\/wp-json\/wp\/v2\/pages"}],"about":[{"href":"https:\/\/blogsaverroes.juntadeandalucia.es\/ieslamarisma\/wp-json\/wp\/v2\/types\/page"}],"author":[{"embeddable":true,"href":"https:\/\/blogsaverroes.juntadeandalucia.es\/ieslamarisma\/wp-json\/wp\/v2\/users\/1"}],"replies":[{"embeddable":true,"href":"https:\/\/blogsaverroes.juntadeandalucia.es\/ieslamarisma\/wp-json\/wp\/v2\/comments?post=35"}],"version-history":[{"count":30,"href":"https:\/\/blogsaverroes.juntadeandalucia.es\/ieslamarisma\/wp-json\/wp\/v2\/pages\/35\/revisions"}],"predecessor-version":[{"id":3794,"href":"https:\/\/blogsaverroes.juntadeandalucia.es\/ieslamarisma\/wp-json\/wp\/v2\/pages\/35\/revisions\/3794"}],"wp:attachment":[{"href":"https:\/\/blogsaverroes.juntadeandalucia.es\/ieslamarisma\/wp-json\/wp\/v2\/media?parent=35"}],"curies":[{"name":"wp","href":"https:\/\/api.w.org\/{rel}","templated":true}]}}